{"id":6562,"date":"2016-03-30T09:37:29","date_gmt":"2016-03-30T09:37:29","guid":{"rendered":"http:\/\/logistic-business.cmsmasters.net\/?page_id=6562"},"modified":"2021-05-05T13:05:27","modified_gmt":"2021-05-05T13:05:27","slug":"szallit","status":"publish","type":"page","link":"https:\/\/egervaritrans.hu\/WP\/szallit\/","title":{"rendered":"Sz\u00e1ll\u00edtm\u00e1nyoz\u00e1s"},"content":{"rendered":"<style type=\"text\/css\"> \n#cmsmasters_row_69e22a59dd55b4_52922368 .cmsmasters_row_outer_parent { \n\tpadding-top: 0px; \n} \n\n#cmsmasters_row_69e22a59dd55b4_52922368 .cmsmasters_row_outer_parent { \n\tpadding-bottom: 10px; \n} \n\n \n#cmsmasters_heading_69e22a59dd63d7_97415354 { \n\ttext-align:left; \n\tmargin-top:0px; \n\tmargin-bottom:0px; \n} \n\n#cmsmasters_heading_69e22a59dd63d7_97415354 .cmsmasters_heading { \n\ttext-align:left; \n} \n\n#cmsmasters_heading_69e22a59dd63d7_97415354 .cmsmasters_heading, #cmsmasters_heading_69e22a59dd63d7_97415354 .cmsmasters_heading a { \n\tfont-family:'Roboto Condensed'; \n\tfont-size:18px; \n\tline-height:24px; \n\tfont-weight:600; \n\tfont-style:normal; \n\tcolor:#a8a8a8;\n} \n\n#cmsmasters_heading_69e22a59dd63d7_97415354 .cmsmasters_heading_divider { \n} \n\n \n#cmsmasters_heading_69e22a59dd6a09_72567589 { \n\ttext-align:left; \n\tmargin-top:0px; \n\tmargin-bottom:20px; \n} \n\n#cmsmasters_heading_69e22a59dd6a09_72567589 .cmsmasters_heading { \n\ttext-align:left; \n} \n\n#cmsmasters_heading_69e22a59dd6a09_72567589 .cmsmasters_heading, #cmsmasters_heading_69e22a59dd6a09_72567589 .cmsmasters_heading a { \n\tfont-size:28px; \n\tfont-weight:600; \n\tfont-style:normal; \n} \n\n#cmsmasters_heading_69e22a59dd6a09_72567589 .cmsmasters_heading_divider { \n} \n\n \n#cmsmasters_divider_69e22a59dd6f78_03078001 { \n\tborder-bottom-width:1px; \n\tborder-bottom-style:solid; \n\tpadding-top:0px; \n\tmargin-bottom:40px; \n} \n \n#cmsmasters_row_69e22a59dd74e9_38201155 .cmsmasters_row_outer_parent { \n\tpadding-top: 0px; \n} \n\n#cmsmasters_row_69e22a59dd74e9_38201155 .cmsmasters_row_outer_parent { \n\tpadding-bottom: 10px; \n} \n\n \n#cmsmasters_row_69e22a59ddd9e5_65262246 .cmsmasters_row_outer_parent { \n\tpadding-top: 0px; \n} \n\n#cmsmasters_row_69e22a59ddd9e5_65262246 .cmsmasters_row_outer_parent { \n\tpadding-bottom: 40px; \n} \n\n \n#cmsmasters_row_69e22a59dde1c5_94763422 .cmsmasters_row_outer_parent { \n\tpadding-top: 0px; \n} \n\n#cmsmasters_row_69e22a59dde1c5_94763422 .cmsmasters_row_outer_parent { \n\tpadding-bottom: 0px; \n} \n\n \n#cmsmasters_divider_69e22a59ddee28_16297687 { \n\tborder-bottom-width:1px; \n\tborder-bottom-style:solid; \n\tpadding-top:0px; \n\tmargin-bottom:40px; \n} \n \n#cmsmasters_row_69e22a59ddeff1_97117022 .cmsmasters_row_outer_parent { \n\tpadding-bottom: 50px; \n} \n\n \n#cmsmasters_icon_box_69e22a59ddfc09_86535751 { \n\tborder-width:1px; \n\tbackground-color:#fcfcfc;\n\tborder-color:#e4e4e4;\n} \n\n#cmsmasters_icon_box_69e22a59ddfc09_86535751:before, \n#cmsmasters_icon_box_69e22a59ddfc09_86535751 .icon_box_heading:before { \n\tfont-size:30px; \n\tline-height:60px; \n\twidth:60px; \n\theight:60px; \n\tborder-width:0px; \n\t-webkit-border-radius:50%; \n\tborder-radius:50%; \n\tcolor:#ffffff;\n\tbackground-color:#f02830;\n} \n\n#cmsmasters_icon_box_69e22a59ddfc09_86535751.cmsmasters_icon_heading_left, \n#cmsmasters_icon_box_69e22a59ddfc09_86535751.cmsmasters_icon_top, \n#cmsmasters_icon_box_69e22a59ddfc09_86535751.cmsmasters_icon_box_left_top { \n\tpadding:30px 20px; } \n\n#cmsmasters_icon_box_69e22a59ddfc09_86535751.cmsmasters_icon_top:before { \n\ttop:30px;} \n\n#cmsmasters_icon_box_69e22a59ddfc09_86535751.cmsmasters_icon_box_left, \n#cmsmasters_icon_box_69e22a59ddfc09_86535751.cmsmasters_icon_box_left_top { \n\tpadding-left:60px; \n\tmargin-left:30px; \n\t} \n\n#cmsmasters_icon_box_69e22a59ddfc09_86535751.cmsmasters_icon_box_left:before, \n#cmsmasters_icon_box_69e22a59ddfc09_86535751.cmsmasters_icon_box_left_top:before { \n\tleft:-30px; \n\t} \n\n#cmsmasters_icon_box_69e22a59ddfc09_86535751.cmsmasters_icon_box_left_top { \n\tpadding-top:30px; \n\tmargin-top:60px; \n\t} \n\n#cmsmasters_icon_box_69e22a59ddfc09_86535751.cmsmasters_icon_box_left_top:before { \n\tmargin-top:-30px; \n\t} \n\n \n#cmsmasters_divider_69e22a59de03a4_28937668 { \n\tborder-bottom-width:0px; \n\tborder-bottom-style:solid; \n\tpadding-top:0px; \n\tmargin-bottom:40px; \n} \n \n#cmsmasters_icon_box_69e22a59de0901_31691852 { \n\tborder-width:1px; \n\tbackground-color:#fcfcfc;\n\tborder-color:#e4e4e4;\n} \n\n#cmsmasters_icon_box_69e22a59de0901_31691852:before, \n#cmsmasters_icon_box_69e22a59de0901_31691852 .icon_box_heading:before { \n\tfont-size:30px; \n\tline-height:60px; \n\twidth:60px; \n\theight:60px; \n\tborder-width:0px; \n\t-webkit-border-radius:50%; \n\tborder-radius:50%; \n\tcolor:#ffffff;\n\tbackground-color:#f02830;\n} \n\n#cmsmasters_icon_box_69e22a59de0901_31691852.cmsmasters_icon_heading_left, \n#cmsmasters_icon_box_69e22a59de0901_31691852.cmsmasters_icon_top, \n#cmsmasters_icon_box_69e22a59de0901_31691852.cmsmasters_icon_box_left_top { \n\tpadding:30px 20px; } \n\n#cmsmasters_icon_box_69e22a59de0901_31691852.cmsmasters_icon_top:before { \n\ttop:30px;} \n\n#cmsmasters_icon_box_69e22a59de0901_31691852.cmsmasters_icon_box_left, \n#cmsmasters_icon_box_69e22a59de0901_31691852.cmsmasters_icon_box_left_top { \n\tpadding-left:60px; \n\tmargin-left:30px; \n\t} \n\n#cmsmasters_icon_box_69e22a59de0901_31691852.cmsmasters_icon_box_left:before, \n#cmsmasters_icon_box_69e22a59de0901_31691852.cmsmasters_icon_box_left_top:before { \n\tleft:-30px; \n\t} \n\n#cmsmasters_icon_box_69e22a59de0901_31691852.cmsmasters_icon_box_left_top { \n\tpadding-top:30px; \n\tmargin-top:60px; \n\t} \n\n#cmsmasters_icon_box_69e22a59de0901_31691852.cmsmasters_icon_box_left_top:before { \n\tmargin-top:-30px; \n\t} \n\n \n#cmsmasters_icon_box_69e22a59de15b5_99908427 { \n\tborder-width:1px; \n\tbackground-color:#fcfcfc;\n\tborder-color:#e4e4e4;\n} \n\n#cmsmasters_icon_box_69e22a59de15b5_99908427:before, \n#cmsmasters_icon_box_69e22a59de15b5_99908427 .icon_box_heading:before { \n\tfont-size:30px; \n\tline-height:60px; \n\twidth:60px; \n\theight:60px; \n\tborder-width:0px; \n\t-webkit-border-radius:50%; \n\tborder-radius:50%; \n} \n\n#cmsmasters_icon_box_69e22a59de15b5_99908427.cmsmasters_icon_heading_left, \n#cmsmasters_icon_box_69e22a59de15b5_99908427.cmsmasters_icon_top, \n#cmsmasters_icon_box_69e22a59de15b5_99908427.cmsmasters_icon_box_left_top { \n\tpadding:30px 20px; } \n\n#cmsmasters_icon_box_69e22a59de15b5_99908427.cmsmasters_icon_top:before { \n\ttop:30px;} \n\n#cmsmasters_icon_box_69e22a59de15b5_99908427.cmsmasters_icon_box_left, \n#cmsmasters_icon_box_69e22a59de15b5_99908427.cmsmasters_icon_box_left_top { \n\tpadding-left:60px; \n\tmargin-left:30px; \n\t} \n\n#cmsmasters_icon_box_69e22a59de15b5_99908427.cmsmasters_icon_box_left:before, \n#cmsmasters_icon_box_69e22a59de15b5_99908427.cmsmasters_icon_box_left_top:before { \n\tleft:-30px; \n\t} \n\n#cmsmasters_icon_box_69e22a59de15b5_99908427.cmsmasters_icon_box_left_top { \n\tpadding-top:30px; \n\tmargin-top:60px; \n\t} \n\n#cmsmasters_icon_box_69e22a59de15b5_99908427.cmsmasters_icon_box_left_top:before { \n\tmargin-top:-30px; \n\t} \n\n \n#cmsmasters_divider_69e22a59de1c66_02937018 { \n\tborder-bottom-width:0px; \n\tborder-bottom-style:solid; \n\tpadding-top:0px; \n\tmargin-bottom:40px; \n} \n \n#cmsmasters_icon_box_69e22a59de2190_97558243 { \n\tborder-width:1px; \n\tbackground-color:#fcfcfc;\n\tborder-color:#e4e4e4;\n} \n\n#cmsmasters_icon_box_69e22a59de2190_97558243:before, \n#cmsmasters_icon_box_69e22a59de2190_97558243 .icon_box_heading:before { \n\tfont-size:30px; \n\tline-height:60px; \n\twidth:60px; \n\theight:60px; \n\tborder-width:0px; \n\t-webkit-border-radius:50%; \n\tborder-radius:50%; \n} \n\n#cmsmasters_icon_box_69e22a59de2190_97558243.cmsmasters_icon_heading_left, \n#cmsmasters_icon_box_69e22a59de2190_97558243.cmsmasters_icon_top, \n#cmsmasters_icon_box_69e22a59de2190_97558243.cmsmasters_icon_box_left_top { \n\tpadding:30px 20px; } \n\n#cmsmasters_icon_box_69e22a59de2190_97558243.cmsmasters_icon_top:before { \n\ttop:30px;} \n\n#cmsmasters_icon_box_69e22a59de2190_97558243.cmsmasters_icon_box_left, \n#cmsmasters_icon_box_69e22a59de2190_97558243.cmsmasters_icon_box_left_top { \n\tpadding-left:60px; \n\tmargin-left:30px; \n\t} \n\n#cmsmasters_icon_box_69e22a59de2190_97558243.cmsmasters_icon_box_left:before, \n#cmsmasters_icon_box_69e22a59de2190_97558243.cmsmasters_icon_box_left_top:before { \n\tleft:-30px; \n\t} \n\n#cmsmasters_icon_box_69e22a59de2190_97558243.cmsmasters_icon_box_left_top { \n\tpadding-top:30px; \n\tmargin-top:60px; \n\t} \n\n#cmsmasters_icon_box_69e22a59de2190_97558243.cmsmasters_icon_box_left_top:before { \n\tmargin-top:-30px; \n\t} \n\n<\/style><div id=\"cmsmasters_row_69e22a59dd55b4_52922368\" class=\"cmsmasters_row cmsmasters_color_scheme_default cmsmasters_row_top_default cmsmasters_row_bot_default cmsmasters_row_boxed\">\n<div class=\"cmsmasters_row_outer_parent\">\n<div class=\"cmsmasters_row_outer\">\n<div class=\"cmsmasters_row_inner\">\n<div class=\"cmsmasters_row_margin\">\n<div class=\"cmsmasters_column one_first\">\n\n<div id=\"cmsmasters_heading_69e22a59dd63d7_97415354\" class=\"cmsmasters_heading_wrap cmsmasters_heading_align_left\">\n\t<h3 class=\"cmsmasters_heading\">Szolg\u00e1ltat\u00e1s<\/h3>\n<\/div>\n<div id=\"cmsmasters_heading_69e22a59dd6a09_72567589\" class=\"cmsmasters_heading_wrap cmsmasters_heading_align_left\">\n\t<h1 class=\"cmsmasters_heading\">K\u00f6z\u00fati sz\u00e1ll\u00edtm\u00e1nyoz\u00e1s<\/h1>\n<\/div>\n\n<div id=\"cmsmasters_divider_69e22a59dd6f78_03078001\" class=\"cmsmasters_divider cmsmasters_divider_width_long cmsmasters_divider_pos_center\"><\/div>\n<div class=\"cmsmasters_text\">\n<p align=\"justify\">Korszer\u0171 szerelv\u00e9nyekb\u0151l \u00e1ll\u00f3 flott\u00e1nk gerinc\u00e9t 90-100 m3-es, 24 tonna terhelhet\u0151s\u00e9g\u0171, 38 raklaphellyel b\u00edr\u00f3 szerelv\u00e9nyek alkotj\u00e1k.\u00a0\u00a0\u00a0\u00a0Sz\u00e1ll\u00edtm\u00e1nyainkat minden esetben teljes k\u00f6r\u0171 fuvaroz\u00f3i felel\u0151ss\u00e9gbiztos\u00edt\u00e1s (belf\u00f6ldi \u00e9s CMR biztos\u00edt\u00e1s) k\u00eds\u00e9ri, amelyet kiemelked\u0151 \u00e1ru\u00e9rt\u00e9k eset\u00e9n.<\/p>\n<\/div>\n<\/div>\n<\/div>\n<\/div>\n<\/div>\n<\/div>\n<\/div>\n<div id=\"cmsmasters_row_69e22a59dd74e9_38201155\" class=\"cmsmasters_row cmsmasters_color_scheme_default cmsmasters_row_top_default cmsmasters_row_bot_default cmsmasters_row_boxed\">\n<div class=\"cmsmasters_row_outer_parent\">\n<div class=\"cmsmasters_row_outer\">\n<div class=\"cmsmasters_row_inner\">\n<div class=\"cmsmasters_row_margin\">\n<div class=\"cmsmasters_column one_half\">\n<div class=\"cmsmasters_content_slider_wrap\" style=\"max-width:580px;\">\n<script type=\"text\/javascript\">jQuery(document).ready(function () { jQuery(\"#cmsmasters_slider_69e22a59dd7f12_82628045.cmsmasters_content_slider\").owlCarousel( { singleItem : true, transitionStyle: false, rewindSpeed : 1000, slideSpeed : 600, autoHeight : true, paginationSpeed : \t600, autoPlay : 2000,navigationText : \t[ \"<span class=\\\"cmsmasters_prev_arrow\\\"><span><\/span><\/span>\", \"<span class=\\\"cmsmasters_next_arrow\\\"><span><\/span><\/span>\" ] } );} );<\/script>\n<div id=\"cmsmasters_slider_69e22a59dd7f12_82628045\" class=\"cmsmasters_content_slider cmsmasters_owl_slider owl-carousel\">\n<div class=\"cmsmasters_content_slider_item\"><img width=\"580\" height=\"350\" src=\"https:\/\/egervaritrans.hu\/WP\/wp-content\/uploads\/2020\/07\/s10-580x350.jpg\" class=\"attachment-cmsmasters-blog-masonry-thumb size-cmsmasters-blog-masonry-thumb\" alt=\"\" loading=\"lazy\" \/><\/div><div class=\"cmsmasters_content_slider_item\"><img width=\"580\" height=\"350\" src=\"https:\/\/egervaritrans.hu\/WP\/wp-content\/uploads\/2021\/05\/szallit_2-580x350.jpg\" class=\"attachment-cmsmasters-blog-masonry-thumb size-cmsmasters-blog-masonry-thumb\" alt=\"\" loading=\"lazy\" \/><\/div><div class=\"cmsmasters_content_slider_item\"><img width=\"580\" height=\"350\" src=\"https:\/\/egervaritrans.hu\/WP\/wp-content\/uploads\/2021\/05\/szallit_3-580x350.jpg\" class=\"attachment-cmsmasters-blog-masonry-thumb size-cmsmasters-blog-masonry-thumb\" alt=\"\" loading=\"lazy\" \/><\/div><\/div>\n<\/div>\n<\/div>\n<div class=\"cmsmasters_column one_half\">\n<div class=\"cmsmasters_text\">\n<p align=\"justify\">Megrendel\u0151inkkel egyeztetve egyedi sz\u00e1ll\u00edtm\u00e1nybiztos\u00edt\u00e1ssal tudunk kieg\u00e9sz\u00edteni. A sz\u00e1ll\u00edtm\u00e1nyok nyomon k\u00f6vethet\u0151s\u00e9ge \u00e9s a g\u00e9pkocsi vezet\u0151kkel val\u00f3 folyamatos kapcsolattart\u00e1s biztos\u00edt\u00e1s\u00e1ra g\u00e9pj\u00e1rm\u0171veink magas technikai sz\u00ednvonal\u00fa GPS alap\u00fa m\u0171holdas k\u00f6vet\u0151rendszerrel WEBEYE szerelt\u00fck fel.<\/p>\n<p align=\"justify\">Partnereink r\u00e9sz\u00e9re ig\u00e9ny szerint rendszer\u00fcnkh\u00f6z hozz\u00e1f\u00e9r\u00e9st biztos\u00edtunk, hogy a nap b\u00e1rmely id\u0151szak\u00e1ban k\u00f6vethess\u00e9k k\u00fcldem\u00e9ny\u00fck \u00fatj\u00e1t,\u00e9s b\u00e1rmilyen \u00e9szrev\u00e9telt tehessenek. Fuvarszervez\u0151 koll\u00e9g\u00e1ink angol, n\u00e9met, nyelven kommunik\u00e1l\u00f3, szakmai v\u00e9gzetts\u00e9ggel \u00e9s tapasztalattal rendelkez\u0151 szakemberek.<\/p>\n<\/div>\n<\/div>\n<\/div>\n<\/div>\n<\/div>\n<\/div>\n<\/div>\n<div id=\"cmsmasters_row_69e22a59ddd9e5_65262246\" class=\"cmsmasters_row cmsmasters_color_scheme_default cmsmasters_row_top_default cmsmasters_row_bot_default cmsmasters_row_boxed\">\n<div class=\"cmsmasters_row_outer_parent\">\n<div class=\"cmsmasters_row_outer\">\n<div class=\"cmsmasters_row_inner\">\n<div class=\"cmsmasters_row_margin\">\n<div class=\"cmsmasters_column one_first\">\n<div class=\"cmsmasters_text\">\n<p align=\"justify\">Az Egerv\u00e1ri Trans Kft. \u00a0jelenleg 13 db 24 tonna, 4 db 5 tonna, 1 db 8 tonna, \u00e9s 2 db. 1,5 tonna raks\u00faly\u00fa g\u00e9pj\u00e1rm\u0171vel rendelkezik. Ezeknek f\u0151bb c\u00e9l\u00e1llom\u00e1sai els\u0151sorban az EU-tag\u00e1llamokban van, \u00fagy mint N\u00e9metorsz\u00e1g, Franciaorsz\u00e1g, Olaszorsz\u00e1g, Benelux-\u00e1llamok valamint Spanyolorsz\u00e1g, de el\u0151fordulunk Sv\u00e1jcban is illetve b\u00e1rhol, ahova megb\u00edz\u00f3nk ig\u00e9nye sz\u00f3l.<\/p>\n<\/div>\n<\/div>\n<\/div>\n<\/div>\n<\/div>\n<\/div>\n<\/div>\n<div id=\"cmsmasters_row_69e22a59dde1c5_94763422\" class=\"cmsmasters_row cmsmasters_color_scheme_default cmsmasters_row_top_default cmsmasters_row_bot_default cmsmasters_row_boxed\">\n<div class=\"cmsmasters_row_outer_parent\">\n<div class=\"cmsmasters_row_outer\">\n<div class=\"cmsmasters_row_inner\">\n<div class=\"cmsmasters_row_margin\">\n<div class=\"cmsmasters_column one_first\">\n<div class=\"cmsmasters_text\">\n<h1><strong>AMIT BIZTOS\u00cdTUNK A <span style=\"color: #0090ff;\">SZ\u00c1LL\u00cdT\u00c1S<\/span> SOR\u00c1N<\/strong><\/h1>\n<\/div>\n\n<div id=\"cmsmasters_divider_69e22a59ddee28_16297687\" class=\"cmsmasters_divider cmsmasters_divider_width_long cmsmasters_divider_pos_center\"><\/div>\n<\/div>\n<\/div>\n<\/div>\n<\/div>\n<\/div>\n<\/div>\n<div id=\"cmsmasters_row_69e22a59ddeff1_97117022\" class=\"cmsmasters_row cmsmasters_color_scheme_default cmsmasters_row_top_default cmsmasters_row_bot_default cmsmasters_row_boxed\">\n<div class=\"cmsmasters_row_outer_parent\">\n<div class=\"cmsmasters_row_outer\">\n<div class=\"cmsmasters_row_inner\">\n<div class=\"cmsmasters_row_margin\">\n<div class=\"cmsmasters_column one_half\">\n\n<div id=\"cmsmasters_icon_box_69e22a59ddfc09_86535751\" class=\"cmsmasters_icon_box cmsmasters_icon_box_left_top box_icon_type_icon cmsmasters-icon-custom-10\">\n<div class=\"icon_box_inner\">\n<h3 class=\"icon_box_heading\">BIZTONS\u00c1GOS SZ\u00c1LL\u00cdT\u00c1S<\/h3>\n<div class=\"icon_box_text\">\n<p align=\"justify\">Sz\u00e1ll\u00edtm\u00e1nyainkat minden esetben teljes k\u00f6r\u0171 fuvaroz\u00f3i felel\u0151ss\u00e9gbiztos\u00edt\u00e1s (belf\u00f6ldi \u00e9s CMR biztos\u00edt\u00e1s) k\u00eds\u00e9ri, amelyet kiemelked\u0151 \u00e1ru\u00e9rt\u00e9k eset\u00e9n. Ugyanakkor k\u00fcl\u00f6n\u00f6s figyelmet ford\u00edtunk a sz\u00e1ll\u00edtm\u00e1nyok r\u00f6gz\u00edt\u00e9s\u00e9re, a rakod\u00f3tereink tisztas\u00e1g\u00e1ra.<\/p>\n<\/div>\n<\/div>\n<\/div>\n\n<div id=\"cmsmasters_divider_69e22a59de03a4_28937668\" class=\"cl\"><\/div>\n\n<div id=\"cmsmasters_icon_box_69e22a59de0901_31691852\" class=\"cmsmasters_icon_box cmsmasters_icon_box_left_top box_icon_type_icon cmsmasters-icon-custom-18\">\n<div class=\"icon_box_inner\">\n<h3 class=\"icon_box_heading\">K\u00d6LTS\u00c9GHAT\u00c9KONYS\u00c1G<\/h3>\n<div class=\"icon_box_text\">\n<p align=\"justify\"><span style=\"color: #333333;\">Partnereink k\u00e9r\u00e9se szerint, ak\u00e1r annak beszerz\u00e9si pontjaikt\u00f3l egyb\u0151l saj\u00e1t vev\u0151ikhez sz\u00e1ll\u00edtjuk term\u00e9keiket, \u00edgy id\u0151t \u00e9s k\u00f6lts\u00e9get megtakar\u00edtva v\u00e9gezhetj\u00fck sz\u00e1ll\u00edt\u00e1saikat.<\/span><\/p>\n<\/div>\n<\/div>\n<\/div>\n<\/div>\n<div class=\"cmsmasters_column one_half\">\n\n<div id=\"cmsmasters_icon_box_69e22a59de15b5_99908427\" class=\"cmsmasters_icon_box cmsmasters_icon_box_left_top box_icon_type_icon cmsmasters-icon-custom-01\">\n<div class=\"icon_box_inner\">\n<h3 class=\"icon_box_heading\">MODERN SZ\u00c1LL\u00cdT\u00d3ESZK\u00d6Z\u00d6K<\/h3>\n<div class=\"icon_box_text\">\n<p align=\"justify\">G\u00e9pj\u00e1rm\u0171veink \u00e1tlag\u00e9letkora kevesebb, mint 3,5 \u00e9v \u00e9s korszer\u0171 EURO 6 k\u00f6rnyezeti norm\u00e1val rendelkeznek ami megb\u00edzhat\u00f3 fuvarteljes\u00edt\u00e9st eredm\u00e9nyez. T\u00e1rsas\u00e1gunk Volvo,\u00a0 DAF, MAN, \u00e9s Schmitz Varios gy\u00e1rtm\u00e1ny\u00fa j\u00e1rm\u0171vekkel, p\u00f3tkocsikkal v\u00e9gzi a szolg\u00e1ltat\u00e1s\u00e1t.<\/p>\n<\/div>\n<\/div>\n<\/div>\n\n<div id=\"cmsmasters_divider_69e22a59de1c66_02937018\" class=\"cl\"><\/div>\n\n<div id=\"cmsmasters_icon_box_69e22a59de2190_97558243\" class=\"cmsmasters_icon_box cmsmasters_icon_box_left_top box_icon_type_icon cmsmasters-icon-custom-08\">\n<div class=\"icon_box_inner\">\n<h3 class=\"icon_box_heading\">NYOMON K\u00d6VETHET\u0150S\u00c9G<\/h3>\n<div class=\"icon_box_text\">\n<p align=\"justify\">A sz\u00e1ll\u00edtm\u00e1nyok nyomon k\u00f6vethet\u0151s\u00e9ge \u00e9s a g\u00e9pkocsi vezet\u0151kkel val\u00f3 folyamatos kapcsolattart\u00e1s biztos\u00edt\u00e1s\u00e1ra g\u00e9pj\u00e1rm\u0171veink magas technikai sz\u00ednvonal\u00fa GPS alap\u00fa m\u0171holdas k\u00f6vet\u0151rendszerrel WEBEYE szerelt\u00fck fel.<\/p>\n<\/div>\n<\/div>\n<\/div>\n<\/div>\n<\/div>\n<\/div>\n<\/div>\n<\/div>\n<\/div>\n\n","protected":false},"excerpt":{"rendered":"","protected":false},"author":1,"featured_media":0,"parent":0,"menu_order":0,"comment_status":"closed","ping_status":"closed","template":"","meta":[],"yoast_head":"<!-- This site is optimized with the Yoast SEO plugin v19.1 - https:\/\/yoast.com\/wordpress\/plugins\/seo\/ -->\n<title>Sz\u00e1ll\u00edtm\u00e1nyoz\u00e1s - Egerv\u00e1ri Trans<\/title>\n<meta name=\"robots\" content=\"index, follow, max-snippet:-1, max-image-preview:large, max-video-preview:-1\" \/>\n<link rel=\"canonical\" href=\"https:\/\/egervaritrans.hu\/WP\/szallit\/\" \/>\n<meta property=\"og:locale\" content=\"hu_HU\" \/>\n<meta property=\"og:type\" content=\"article\" \/>\n<meta property=\"og:title\" content=\"Sz\u00e1ll\u00edtm\u00e1nyoz\u00e1s - Egerv\u00e1ri Trans\" \/>\n<meta property=\"og:url\" content=\"https:\/\/egervaritrans.hu\/WP\/szallit\/\" \/>\n<meta property=\"og:site_name\" content=\"Egerv\u00e1ri Trans\" \/>\n<meta property=\"article:publisher\" content=\"https:\/\/hu-hu.facebook.com\/egervaritrans\/\" \/>\n<meta property=\"article:modified_time\" content=\"2021-05-05T13:05:27+00:00\" \/>\n<meta name=\"twitter:card\" content=\"summary_large_image\" \/>\n<meta name=\"twitter:label1\" content=\"Becs\u00fclt olvas\u00e1si id\u0151\" \/>\n\t<meta name=\"twitter:data1\" content=\"2 perc\" \/>\n<script type=\"application\/ld+json\" class=\"yoast-schema-graph\">{\"@context\":\"https:\/\/schema.org\",\"@graph\":[{\"@type\":\"WebSite\",\"@id\":\"https:\/\/egervaritrans.hu\/WP\/#website\",\"url\":\"https:\/\/egervaritrans.hu\/WP\/\",\"name\":\"Egerv\u00e1ri Trans\",\"description\":\"Sz\u00e1ll\u00edtm\u00e1nyoz\u00e1s, rakt\u00e1roz\u00e1s, \u00e9p\u00edt\u0151anyag depo\",\"potentialAction\":[{\"@type\":\"SearchAction\",\"target\":{\"@type\":\"EntryPoint\",\"urlTemplate\":\"https:\/\/egervaritrans.hu\/WP\/?s={search_term_string}\"},\"query-input\":\"required name=search_term_string\"}],\"inLanguage\":\"hu\"},{\"@type\":\"WebPage\",\"@id\":\"https:\/\/egervaritrans.hu\/WP\/szallit\/#webpage\",\"url\":\"https:\/\/egervaritrans.hu\/WP\/szallit\/\",\"name\":\"Sz\u00e1ll\u00edtm\u00e1nyoz\u00e1s - Egerv\u00e1ri Trans\",\"isPartOf\":{\"@id\":\"https:\/\/egervaritrans.hu\/WP\/#website\"},\"datePublished\":\"2016-03-30T09:37:29+00:00\",\"dateModified\":\"2021-05-05T13:05:27+00:00\",\"breadcrumb\":{\"@id\":\"https:\/\/egervaritrans.hu\/WP\/szallit\/#breadcrumb\"},\"inLanguage\":\"hu\",\"potentialAction\":[{\"@type\":\"ReadAction\",\"target\":[\"https:\/\/egervaritrans.hu\/WP\/szallit\/\"]}]},{\"@type\":\"BreadcrumbList\",\"@id\":\"https:\/\/egervaritrans.hu\/WP\/szallit\/#breadcrumb\",\"itemListElement\":[{\"@type\":\"ListItem\",\"position\":1,\"name\":\"Home\",\"item\":\"https:\/\/egervaritrans.hu\/WP\/\"},{\"@type\":\"ListItem\",\"position\":2,\"name\":\"Sz\u00e1ll\u00edtm\u00e1nyoz\u00e1s\"}]}]}<\/script>\n<!-- \/ Yoast SEO plugin. -->","yoast_head_json":{"title":"Sz\u00e1ll\u00edtm\u00e1nyoz\u00e1s - Egerv\u00e1ri Trans","robots":{"index":"index","follow":"follow","max-snippet":"max-snippet:-1","max-image-preview":"max-image-preview:large","max-video-preview":"max-video-preview:-1"},"canonical":"https:\/\/egervaritrans.hu\/WP\/szallit\/","og_locale":"hu_HU","og_type":"article","og_title":"Sz\u00e1ll\u00edtm\u00e1nyoz\u00e1s - Egerv\u00e1ri Trans","og_url":"https:\/\/egervaritrans.hu\/WP\/szallit\/","og_site_name":"Egerv\u00e1ri Trans","article_publisher":"https:\/\/hu-hu.facebook.com\/egervaritrans\/","article_modified_time":"2021-05-05T13:05:27+00:00","twitter_card":"summary_large_image","twitter_misc":{"Becs\u00fclt olvas\u00e1si id\u0151":"2 perc"},"schema":{"@context":"https:\/\/schema.org","@graph":[{"@type":"WebSite","@id":"https:\/\/egervaritrans.hu\/WP\/#website","url":"https:\/\/egervaritrans.hu\/WP\/","name":"Egerv\u00e1ri Trans","description":"Sz\u00e1ll\u00edtm\u00e1nyoz\u00e1s, rakt\u00e1roz\u00e1s, \u00e9p\u00edt\u0151anyag depo","potentialAction":[{"@type":"SearchAction","target":{"@type":"EntryPoint","urlTemplate":"https:\/\/egervaritrans.hu\/WP\/?s={search_term_string}"},"query-input":"required name=search_term_string"}],"inLanguage":"hu"},{"@type":"WebPage","@id":"https:\/\/egervaritrans.hu\/WP\/szallit\/#webpage","url":"https:\/\/egervaritrans.hu\/WP\/szallit\/","name":"Sz\u00e1ll\u00edtm\u00e1nyoz\u00e1s - Egerv\u00e1ri Trans","isPartOf":{"@id":"https:\/\/egervaritrans.hu\/WP\/#website"},"datePublished":"2016-03-30T09:37:29+00:00","dateModified":"2021-05-05T13:05:27+00:00","breadcrumb":{"@id":"https:\/\/egervaritrans.hu\/WP\/szallit\/#breadcrumb"},"inLanguage":"hu","potentialAction":[{"@type":"ReadAction","target":["https:\/\/egervaritrans.hu\/WP\/szallit\/"]}]},{"@type":"BreadcrumbList","@id":"https:\/\/egervaritrans.hu\/WP\/szallit\/#breadcrumb","itemListElement":[{"@type":"ListItem","position":1,"name":"Home","item":"https:\/\/egervaritrans.hu\/WP\/"},{"@type":"ListItem","position":2,"name":"Sz\u00e1ll\u00edtm\u00e1nyoz\u00e1s"}]}]}},"_links":{"self":[{"href":"https:\/\/egervaritrans.hu\/WP\/wp-json\/wp\/v2\/pages\/6562"}],"collection":[{"href":"https:\/\/egervaritrans.hu\/WP\/wp-json\/wp\/v2\/pages"}],"about":[{"href":"https:\/\/egervaritrans.hu\/WP\/wp-json\/wp\/v2\/types\/page"}],"author":[{"embeddable":true,"href":"https:\/\/egervaritrans.hu\/WP\/wp-json\/wp\/v2\/users\/1"}],"replies":[{"embeddable":true,"href":"https:\/\/egervaritrans.hu\/WP\/wp-json\/wp\/v2\/comments?post=6562"}],"version-history":[{"count":14,"href":"https:\/\/egervaritrans.hu\/WP\/wp-json\/wp\/v2\/pages\/6562\/revisions"}],"predecessor-version":[{"id":8167,"href":"https:\/\/egervaritrans.hu\/WP\/wp-json\/wp\/v2\/pages\/6562\/revisions\/8167"}],"wp:attachment":[{"href":"https:\/\/egervaritrans.hu\/WP\/wp-json\/wp\/v2\/media?parent=6562"}],"curies":[{"name":"wp","href":"https:\/\/api.w.org\/{rel}","templated":true}]}}