{"id":7784,"date":"2020-06-17T11:13:39","date_gmt":"2020-06-17T11:13:39","guid":{"rendered":"http:\/\/egervaritrans.hu\/WP\/?page_id=7784"},"modified":"2024-01-24T08:20:36","modified_gmt":"2024-01-24T08:20:36","slug":"kapcsolat","status":"publish","type":"page","link":"https:\/\/egervaritrans.hu\/WP\/kapcsolat\/","title":{"rendered":"Kapcsolat"},"content":{"rendered":"<style type=\"text\/css\"> \n#cmsmasters_row_69e22822be9cd6_37772976 .cmsmasters_row_outer_parent { \n\tpadding-top: 0px; \n} \n\n#cmsmasters_row_69e22822be9cd6_37772976 .cmsmasters_row_outer_parent { \n\tpadding-bottom: 0px; \n} \n\n#cmsmasters_row_69e22822be9cd6_37772976 .cmsmasters_row_inner.cmsmasters_row_fullwidth { \n\tpadding-left:0%; \n} \n#cmsmasters_row_69e22822be9cd6_37772976 .cmsmasters_row_inner.cmsmasters_row_fullwidth { \n\tpadding-right:0%; \n} \n\n#google_map_69e22822beafe0_27901113{\n\theight: 400px;\n}\n \n#cmsmasters_row_69e22822beb837_45743880 .cmsmasters_row_outer_parent { \n\tpadding-top: 70px; \n} \n\n#cmsmasters_row_69e22822beb837_45743880 .cmsmasters_row_outer_parent { \n\tpadding-bottom: 60px; \n} \n\n \n#cmsmasters_heading_69e22822bec305_09469083 { \n\ttext-align:left; \n\tmargin-top:0px; \n\tmargin-bottom:0px; \n} \n\n#cmsmasters_heading_69e22822bec305_09469083 .cmsmasters_heading { \n\ttext-align:left; \n} \n\n#cmsmasters_heading_69e22822bec305_09469083 .cmsmasters_heading, #cmsmasters_heading_69e22822bec305_09469083 .cmsmasters_heading a { \n\tfont-family:'Roboto Condensed'; \n\tfont-size:18px; \n\tline-height:24px; \n\tfont-weight:600; \n\tfont-style:normal; \n\tcolor:#a8a8a8;\n} \n\n#cmsmasters_heading_69e22822bec305_09469083 .cmsmasters_heading_divider { \n} \n\n \n#cmsmasters_heading_69e22822bec840_46679382 { \n\ttext-align:left; \n\tmargin-top:0px; \n\tmargin-bottom:40px; \n} \n\n#cmsmasters_heading_69e22822bec840_46679382 .cmsmasters_heading { \n\ttext-align:left; \n} \n\n#cmsmasters_heading_69e22822bec840_46679382 .cmsmasters_heading, #cmsmasters_heading_69e22822bec840_46679382 .cmsmasters_heading a { \n\tfont-size:28px; \n\tfont-weight:600; \n\tfont-style:normal; \n} \n\n#cmsmasters_heading_69e22822bec840_46679382 .cmsmasters_heading_divider { \n} \n\n \n#cmsmasters_divider_69e22822bf2190_29848960 { \n\tborder-bottom-width:1px; \n\tborder-bottom-style:solid; \n\tpadding-top:-35px; \n\tmargin-bottom:25px; \n} \n \n#cmsmasters_divider_69e22822bf2894_53525258 { \n\tborder-bottom-width:0px; \n\tborder-bottom-style:solid; \n\tpadding-top:0px; \n\tmargin-bottom:40px; \n} \n \n#cmsmasters_divider_69e22822bf2ef1_26522200 { \n\tborder-bottom-width:1px; \n\tborder-bottom-style:solid; \n\tpadding-top:-35px; \n\tmargin-bottom:25px; \n} \n #cmsmasters_icon_list_items_69e22822bf3479_94915605 { \n\tpadding-left:40px; \n} \n\n#cmsmasters_icon_list_items_69e22822bf3479_94915605 .cmsmasters_icon_list_item:before { \n\tfont-size:20px; \n\tleft:-40px; \n} \n#cmsmasters_icon_list_items_69e22822bf3479_94915605 .cmsmasters_icon_list_item { \n\tline-height:35px; \n\tpadding:0; \n} \n\n#cmsmasters_icon_list_items_69e22822bf3479_94915605 .cmsmasters_icon_list_item:before { \n\tline-height:35px; \n\ttop:0; \n} \n\n.cmsmasters_icon_list_items #cmsmasters_icon_list_item_69e22822bf3c77_38746353:before { \n\tcolor:#f02830;\n} \n\n.cmsmasters_icon_list_items #cmsmasters_icon_list_item_69e22822bf4156_06054898:before { \n\tcolor:#f02830;\n} \n\n.cmsmasters_icon_list_items #cmsmasters_icon_list_item_69e22822bf4641_44714524:before { \n\tcolor:#f02830;\n} \n \n#cmsmasters_divider_69e22822bf4ac0_63365435 { \n\tborder-bottom-width:0px; \n\tborder-bottom-style:solid; \n\tpadding-top:0px; \n\tmargin-bottom:55px; \n} \n \n#cmsmasters_divider_69e22822bf50c2_18399857 { \n\tborder-bottom-width:1px; \n\tborder-bottom-style:solid; \n\tpadding-top:-35px; \n\tmargin-bottom:35px; \n} \n<\/style><div id=\"cmsmasters_row_69e22822be9339_97623080\" class=\"cmsmasters_row cmsmasters_color_scheme_default cmsmasters_row_top_default cmsmasters_row_bot_default cmsmasters_row_boxed\">\n<div class=\"cmsmasters_row_outer_parent\">\n<div class=\"cmsmasters_row_outer\">\n<div class=\"cmsmasters_row_inner\">\n<div class=\"cmsmasters_row_margin\">\n<div class=\"cmsmasters_column one_first\">\n<div class=\"cmsmasters_text\">\n<p>&nbsp;<\/p>\n<\/div>\n<\/div>\n<\/div>\n<\/div>\n<\/div>\n<\/div>\n<\/div>\n<div id=\"cmsmasters_row_69e22822be9cd6_37772976\" class=\"cmsmasters_row cmsmasters_color_scheme_default cmsmasters_row_top_default cmsmasters_row_bot_default cmsmasters_row_fullwidth\">\n<div class=\"cmsmasters_row_outer_parent\">\n<div class=\"cmsmasters_row_outer\">\n<div class=\"cmsmasters_row_inner cmsmasters_row_fullwidth\">\n<div class=\"cmsmasters_row_margin\">\n<div class=\"cmsmasters_column one_first\">\n\n<script type=\"text\/javascript\">jQuery(document).ready(function () { jQuery(\"#google_map_69e22822beafe0_27901113\").gMap( { address: \"Ajka, Timf\u00f6ldgy\u00e1ri \u00fat 3, 8400\", maptype: \"ROADMAP\", zoom: 15, scrollwheel: true, doubleClickZoom: true, controls: {panControl: true, zoomControl: true, mapTypeControl: true, scaleControl: true, streetViewControl: true, overviewMapControl: true, },markers: [{address: \"Ajka, Timf\u00f6ldgy\u00e1ri \u00fat 3, 8400\",html: \"<iframe loading=\\\"lazy\\\" style=\\\"border: 0;\\\" src=\\\"https:\/\/www.google.com\/maps\/embed?pb=!1m18!1m12!1m3!1d2716.3511389045!2d17.559772816004344!3d47.09218657915387!2m3!1f0!2f0!3f0!3m2!1i1024!2i768!4f13.1!3m3!1m2!1s0x476973bc51126f6b%3A0xa6149a5c95277a38!2sEgerv%C3%A1ri%20Trans%20Kft.!5e0!3m2!1shu!2shu!4v1619772331277!5m2!1shu!2shu\\\" width=\\\"600\\\" height=\\\"450\\\" allowfullscreen=\\\"allowfullscreen\\\"><\/iframe>\",},] } ); } );<\/script>\n<div id=\"google_map_69e22822beafe0_27901113\" class=\"google_map\"><\/div>\n<\/div>\n<\/div>\n<\/div>\n<\/div>\n<\/div>\n<\/div>\n<div id=\"cmsmasters_row_69e22822beb1e4_45633214\" class=\"cmsmasters_row cmsmasters_color_scheme_default cmsmasters_row_top_default cmsmasters_row_bot_default cmsmasters_row_boxed\">\n<div class=\"cmsmasters_row_outer_parent\">\n<div class=\"cmsmasters_row_outer\">\n<div class=\"cmsmasters_row_inner\">\n<div class=\"cmsmasters_row_margin\">\n<div class=\"cmsmasters_column one_first\">\n<div class=\"cmsmasters_text\">\n<p>&nbsp;<\/p>\n<\/div>\n<\/div>\n<\/div>\n<\/div>\n<\/div>\n<\/div>\n<\/div>\n<div id=\"cmsmasters_row_69e22822beb837_45743880\" class=\"cmsmasters_row cmsmasters_color_scheme_default cmsmasters_row_top_default cmsmasters_row_bot_default cmsmasters_row_boxed\">\n<div class=\"cmsmasters_row_outer_parent\">\n<div class=\"cmsmasters_row_outer\">\n<div class=\"cmsmasters_row_inner\">\n<div class=\"cmsmasters_row_margin\">\n<div class=\"cmsmasters_column two_third\">\n\n<div id=\"cmsmasters_heading_69e22822bec305_09469083\" class=\"cmsmasters_heading_wrap cmsmasters_heading_align_left\">\n\t<h3 class=\"cmsmasters_heading\">Kapcsolat<\/h3>\n<\/div>\n<div id=\"cmsmasters_heading_69e22822bec840_46679382\" class=\"cmsmasters_heading_wrap cmsmasters_heading_align_left\">\n\t<h1 class=\"cmsmasters_heading\">SZERETN\u00c9NK HA K\u00dcLDEN\u00c9L EGY \u00dcZENETET<\/h1>\n<\/div>\n<div class=\"cmsmasters_contact_form\"><div role=\"form\" class=\"wpcf7\" id=\"wpcf7-f8603-o1\" lang=\"en-US\" dir=\"ltr\">\n<div class=\"screen-reader-response\"><p role=\"status\" aria-live=\"polite\" aria-atomic=\"true\"><\/p> <ul><\/ul><\/div>\n<form action=\"\/WP\/wp-json\/wp\/v2\/pages\/7784#wpcf7-f8603-o1\" method=\"post\" class=\"wpcf7-form init\" novalidate=\"novalidate\" data-status=\"init\">\n<div style=\"display: none;\">\n<input type=\"hidden\" name=\"_wpcf7\" value=\"8603\" \/>\n<input type=\"hidden\" name=\"_wpcf7_version\" value=\"5.6\" \/>\n<input type=\"hidden\" name=\"_wpcf7_locale\" value=\"en_US\" \/>\n<input type=\"hidden\" name=\"_wpcf7_unit_tag\" value=\"wpcf7-f8603-o1\" \/>\n<input type=\"hidden\" name=\"_wpcf7_container_post\" value=\"0\" \/>\n<input type=\"hidden\" name=\"_wpcf7_posted_data_hash\" value=\"\" \/>\n<input type=\"hidden\" name=\"_wpcf7_recaptcha_response\" value=\"\" \/>\n<\/div>\n<div class=\"one_half\"><span class=\"wpcf7-form-control-wrap\" data-name=\"your-name\"><input type=\"text\" name=\"your-name\" value=\"\" size=\"40\" class=\"wpcf7-form-control wpcf7-text\" aria-invalid=\"false\" placeholder=\"N\u00e9v\" \/><\/span><\/div>\n<div class=\"one_half\"><span class=\"wpcf7-form-control-wrap\" data-name=\"your-email\"><input type=\"email\" name=\"your-email\" value=\"\" size=\"40\" class=\"wpcf7-form-control wpcf7-text wpcf7-email wpcf7-validates-as-required wpcf7-validates-as-email\" aria-required=\"true\" aria-invalid=\"false\" placeholder=\"Email c\u00edm\" \/><\/span><\/div>\n<div class=\"one_half\"><span class=\"wpcf7-form-control-wrap\" data-name=\"your-subject\"><input type=\"text\" name=\"your-subject\" value=\"\" size=\"40\" class=\"wpcf7-form-control wpcf7-text\" aria-invalid=\"false\" placeholder=\"T\u00e1rgy\" \/><\/span><\/div>\n<div class=\"one_first\"><span class=\"wpcf7-form-control-wrap\" data-name=\"textarea\"><textarea name=\"textarea\" cols=\"40\" rows=\"4\" class=\"wpcf7-form-control wpcf7-textarea\" aria-invalid=\"false\" placeholder=\"\u00dczenet\"><\/textarea><\/span><\/div>\n<div class=\"one_first\"><input type=\"submit\" value=\"\u00dczenet k\u00fcld\u00e9se\" class=\"wpcf7-form-control has-spinner wpcf7-submit\" \/><\/div>\n<div class=\"wpcf7-response-output\" aria-hidden=\"true\"><\/div><\/form><\/div><\/div>\n<\/div>\n<div class=\"cmsmasters_column one_third\">\n<div class=\"cmsmasters_text\">\n<h3><span style=\"color: #ed1c24;\">01.<\/span> Miel\u0151tt kapcsolatba l\u00e9pn\u00e9l vel\u00fcnk<\/h3>\n<\/div>\n\n<div id=\"cmsmasters_divider_69e22822bf2190_29848960\" class=\"cmsmasters_divider cmsmasters_divider_width_long cmsmasters_divider_pos_center\"><\/div>\n<div class=\"cmsmasters_text\">\n<p align=\"justify\">\u00dczenet\u00e9t a lehet\u0151 leghamarabb, max. 24 \u00f3r\u00e1n bel\u00fcl feldolgozzuk, \u00e9s v\u00e1laszolunk r\u00e1. Amennyiben azonnali inform\u00e1ci\u00f3ra van sz\u00fcks\u00e9ge, \u00fagy k\u00e9rem h\u00edvjon minket a megadott telefonsz\u00e1mokon.<\/p>\n<\/div>\n\n\n<div id=\"cmsmasters_divider_69e22822bf2894_53525258\" class=\"cl\"><\/div>\n<div class=\"cmsmasters_text\">\n<h3><span style=\"color: #ed1c24;\">02.<\/span> KAPCSOLATI INFORM\u00c1CI\u00d3K<\/h3>\n<\/div>\n\n\n<div id=\"cmsmasters_divider_69e22822bf2ef1_26522200\" class=\"cmsmasters_divider cmsmasters_divider_width_long cmsmasters_divider_pos_center\"><\/div>\n \n<ul id=\"cmsmasters_icon_list_items_69e22822bf3479_94915605\" class=\"cmsmasters_icon_list_items cmsmasters_icon_list_type_list cmsmasters_icon_list_pos_left cmsmasters_color_type_border\"><li id=\"cmsmasters_icon_list_item_69e22822bf3c77_38746353\" class=\"cmsmasters_icon_list_item cmsmasters-icon-direction-3\">Magyarorsz\u00e1g 8400 Ajka Timf\u00f6ldgy\u00e1ri u. 3 <\/li><li id=\"cmsmasters_icon_list_item_69e22822bf4156_06054898\" class=\"cmsmasters_icon_list_item cmsmasters-icon-phone-4\">+36 88 500 420 +36 88 500 421<\/li><li id=\"cmsmasters_icon_list_item_69e22822bf4641_44714524\" class=\"cmsmasters_icon_list_item cmsmasters-icon-envelope-letter\">egervari@egervaritrans.hu<\/li><\/ul>\n\n<div id=\"cmsmasters_divider_69e22822bf4ac0_63365435\" class=\"cl\"><\/div>\n<div class=\"cmsmasters_text\">\n<h3><span style=\"color: #ed1c24;\">03.<\/span> K\u00f6z\u00f6ss\u00e9gi m\u00e9dia<\/h3>\n<\/div>\n\n\n<div id=\"cmsmasters_divider_69e22822bf50c2_18399857\" class=\"cmsmasters_divider cmsmasters_divider_width_long cmsmasters_divider_pos_center\"><\/div>\n<div class=\"cmsmasters_sharing\">\n<div class=\"share_wrap\">\n<a href=\"\/\/www.facebook.com\/sharer\/sharer.php?display=popup&u=https%3A%2F%2Fegervaritrans.hu%2FWP%2Fkapcsolat%2F\" class=\"button cmsmasters-icon-facebook\">Facebook<\/a>\n<\/div>\n<\/div>\n<\/div>\n<\/div>\n<\/div>\n<\/div>\n<\/div>\n<\/div>\n\n","protected":false},"excerpt":{"rendered":"","protected":false},"author":1,"featured_media":0,"parent":0,"menu_order":0,"comment_status":"closed","ping_status":"open","template":"","meta":[],"yoast_head":"<!-- This site is optimized with the Yoast SEO plugin v19.1 - https:\/\/yoast.com\/wordpress\/plugins\/seo\/ -->\n<title>Kapcsolat - Egerv\u00e1ri Trans<\/title>\n<meta name=\"robots\" content=\"index, follow, max-snippet:-1, max-image-preview:large, max-video-preview:-1\" \/>\n<link rel=\"canonical\" href=\"https:\/\/egervaritrans.hu\/WP\/kapcsolat\/\" \/>\n<meta property=\"og:locale\" content=\"hu_HU\" \/>\n<meta property=\"og:type\" content=\"article\" \/>\n<meta property=\"og:title\" content=\"Kapcsolat - Egerv\u00e1ri Trans\" \/>\n<meta property=\"og:url\" content=\"https:\/\/egervaritrans.hu\/WP\/kapcsolat\/\" \/>\n<meta property=\"og:site_name\" content=\"Egerv\u00e1ri Trans\" \/>\n<meta property=\"article:publisher\" content=\"https:\/\/hu-hu.facebook.com\/egervaritrans\/\" \/>\n<meta property=\"article:modified_time\" content=\"2024-01-24T08:20:36+00:00\" \/>\n<meta name=\"twitter:card\" content=\"summary_large_image\" \/>\n<meta name=\"twitter:label1\" content=\"Becs\u00fclt olvas\u00e1si id\u0151\" \/>\n\t<meta name=\"twitter:data1\" content=\"2 perc\" \/>\n<script type=\"application\/ld+json\" class=\"yoast-schema-graph\">{\"@context\":\"https:\/\/schema.org\",\"@graph\":[{\"@type\":\"WebSite\",\"@id\":\"https:\/\/egervaritrans.hu\/WP\/#website\",\"url\":\"https:\/\/egervaritrans.hu\/WP\/\",\"name\":\"Egerv\u00e1ri Trans\",\"description\":\"Sz\u00e1ll\u00edtm\u00e1nyoz\u00e1s, rakt\u00e1roz\u00e1s, \u00e9p\u00edt\u0151anyag depo\",\"potentialAction\":[{\"@type\":\"SearchAction\",\"target\":{\"@type\":\"EntryPoint\",\"urlTemplate\":\"https:\/\/egervaritrans.hu\/WP\/?s={search_term_string}\"},\"query-input\":\"required name=search_term_string\"}],\"inLanguage\":\"hu\"},{\"@type\":\"WebPage\",\"@id\":\"https:\/\/egervaritrans.hu\/WP\/kapcsolat\/#webpage\",\"url\":\"https:\/\/egervaritrans.hu\/WP\/kapcsolat\/\",\"name\":\"Kapcsolat - Egerv\u00e1ri Trans\",\"isPartOf\":{\"@id\":\"https:\/\/egervaritrans.hu\/WP\/#website\"},\"datePublished\":\"2020-06-17T11:13:39+00:00\",\"dateModified\":\"2024-01-24T08:20:36+00:00\",\"breadcrumb\":{\"@id\":\"https:\/\/egervaritrans.hu\/WP\/kapcsolat\/#breadcrumb\"},\"inLanguage\":\"hu\",\"potentialAction\":[{\"@type\":\"ReadAction\",\"target\":[\"https:\/\/egervaritrans.hu\/WP\/kapcsolat\/\"]}]},{\"@type\":\"BreadcrumbList\",\"@id\":\"https:\/\/egervaritrans.hu\/WP\/kapcsolat\/#breadcrumb\",\"itemListElement\":[{\"@type\":\"ListItem\",\"position\":1,\"name\":\"Home\",\"item\":\"https:\/\/egervaritrans.hu\/WP\/\"},{\"@type\":\"ListItem\",\"position\":2,\"name\":\"Kapcsolat\"}]}]}<\/script>\n<!-- \/ Yoast SEO plugin. -->","yoast_head_json":{"title":"Kapcsolat - Egerv\u00e1ri Trans","robots":{"index":"index","follow":"follow","max-snippet":"max-snippet:-1","max-image-preview":"max-image-preview:large","max-video-preview":"max-video-preview:-1"},"canonical":"https:\/\/egervaritrans.hu\/WP\/kapcsolat\/","og_locale":"hu_HU","og_type":"article","og_title":"Kapcsolat - Egerv\u00e1ri Trans","og_url":"https:\/\/egervaritrans.hu\/WP\/kapcsolat\/","og_site_name":"Egerv\u00e1ri Trans","article_publisher":"https:\/\/hu-hu.facebook.com\/egervaritrans\/","article_modified_time":"2024-01-24T08:20:36+00:00","twitter_card":"summary_large_image","twitter_misc":{"Becs\u00fclt olvas\u00e1si id\u0151":"2 perc"},"schema":{"@context":"https:\/\/schema.org","@graph":[{"@type":"WebSite","@id":"https:\/\/egervaritrans.hu\/WP\/#website","url":"https:\/\/egervaritrans.hu\/WP\/","name":"Egerv\u00e1ri Trans","description":"Sz\u00e1ll\u00edtm\u00e1nyoz\u00e1s, rakt\u00e1roz\u00e1s, \u00e9p\u00edt\u0151anyag depo","potentialAction":[{"@type":"SearchAction","target":{"@type":"EntryPoint","urlTemplate":"https:\/\/egervaritrans.hu\/WP\/?s={search_term_string}"},"query-input":"required name=search_term_string"}],"inLanguage":"hu"},{"@type":"WebPage","@id":"https:\/\/egervaritrans.hu\/WP\/kapcsolat\/#webpage","url":"https:\/\/egervaritrans.hu\/WP\/kapcsolat\/","name":"Kapcsolat - Egerv\u00e1ri Trans","isPartOf":{"@id":"https:\/\/egervaritrans.hu\/WP\/#website"},"datePublished":"2020-06-17T11:13:39+00:00","dateModified":"2024-01-24T08:20:36+00:00","breadcrumb":{"@id":"https:\/\/egervaritrans.hu\/WP\/kapcsolat\/#breadcrumb"},"inLanguage":"hu","potentialAction":[{"@type":"ReadAction","target":["https:\/\/egervaritrans.hu\/WP\/kapcsolat\/"]}]},{"@type":"BreadcrumbList","@id":"https:\/\/egervaritrans.hu\/WP\/kapcsolat\/#breadcrumb","itemListElement":[{"@type":"ListItem","position":1,"name":"Home","item":"https:\/\/egervaritrans.hu\/WP\/"},{"@type":"ListItem","position":2,"name":"Kapcsolat"}]}]}},"_links":{"self":[{"href":"https:\/\/egervaritrans.hu\/WP\/wp-json\/wp\/v2\/pages\/7784"}],"collection":[{"href":"https:\/\/egervaritrans.hu\/WP\/wp-json\/wp\/v2\/pages"}],"about":[{"href":"https:\/\/egervaritrans.hu\/WP\/wp-json\/wp\/v2\/types\/page"}],"author":[{"embeddable":true,"href":"https:\/\/egervaritrans.hu\/WP\/wp-json\/wp\/v2\/users\/1"}],"replies":[{"embeddable":true,"href":"https:\/\/egervaritrans.hu\/WP\/wp-json\/wp\/v2\/comments?post=7784"}],"version-history":[{"count":51,"href":"https:\/\/egervaritrans.hu\/WP\/wp-json\/wp\/v2\/pages\/7784\/revisions"}],"predecessor-version":[{"id":9125,"href":"https:\/\/egervaritrans.hu\/WP\/wp-json\/wp\/v2\/pages\/7784\/revisions\/9125"}],"wp:attachment":[{"href":"https:\/\/egervaritrans.hu\/WP\/wp-json\/wp\/v2\/media?parent=7784"}],"curies":[{"name":"wp","href":"https:\/\/api.w.org\/{rel}","templated":true}]}}