{"id":8156,"date":"2021-05-05T09:38:13","date_gmt":"2021-05-05T09:38:13","guid":{"rendered":"http:\/\/egervaritrans.hu\/WP\/?page_id=8156"},"modified":"2023-12-02T01:21:51","modified_gmt":"2023-12-02T01:21:51","slug":"raktar","status":"publish","type":"page","link":"https:\/\/egervaritrans.hu\/WP\/raktar\/","title":{"rendered":"Rakt\u00e1roz\u00e1s"},"content":{"rendered":"<style type=\"text\/css\"> \n#cmsmasters_row_69e228149d1470_41161440 .cmsmasters_row_outer_parent { \n\tpadding-top: 0px; \n} \n\n#cmsmasters_row_69e228149d1470_41161440 .cmsmasters_row_outer_parent { \n\tpadding-bottom: 10px; \n} \n\n \n#cmsmasters_heading_69e228149d2159_04325266 { \n\ttext-align:left; \n\tmargin-top:0px; \n\tmargin-bottom:0px; \n} \n\n#cmsmasters_heading_69e228149d2159_04325266 .cmsmasters_heading { \n\ttext-align:left; \n} \n\n#cmsmasters_heading_69e228149d2159_04325266 .cmsmasters_heading, #cmsmasters_heading_69e228149d2159_04325266 .cmsmasters_heading a { \n\tfont-family:'Roboto Condensed'; \n\tfont-size:18px; \n\tline-height:24px; \n\tfont-weight:600; \n\tfont-style:normal; \n\tcolor:#a8a8a8;\n} \n\n#cmsmasters_heading_69e228149d2159_04325266 .cmsmasters_heading_divider { \n} \n\n \n#cmsmasters_heading_69e228149d2782_18047387 { \n\ttext-align:left; \n\tmargin-top:0px; \n\tmargin-bottom:20px; \n} \n\n#cmsmasters_heading_69e228149d2782_18047387 .cmsmasters_heading { \n\ttext-align:left; \n} \n\n#cmsmasters_heading_69e228149d2782_18047387 .cmsmasters_heading, #cmsmasters_heading_69e228149d2782_18047387 .cmsmasters_heading a { \n\tfont-size:28px; \n\tfont-weight:600; \n\tfont-style:normal; \n} \n\n#cmsmasters_heading_69e228149d2782_18047387 .cmsmasters_heading_divider { \n} \n\n \n#cmsmasters_divider_69e228149d2c24_51267168 { \n\tborder-bottom-width:1px; \n\tborder-bottom-style:solid; \n\tpadding-top:0px; \n\tmargin-bottom:40px; \n} \n \n#cmsmasters_row_69e228149d3192_55731260 .cmsmasters_row_outer_parent { \n\tpadding-top: 0px; \n} \n\n#cmsmasters_row_69e228149d3192_55731260 .cmsmasters_row_outer_parent { \n\tpadding-bottom: 10px; \n} \n\n \n#cmsmasters_row_69e228149d92e1_30883971 .cmsmasters_row_outer_parent { \n\tpadding-top: 0px; \n} \n\n#cmsmasters_row_69e228149d92e1_30883971 .cmsmasters_row_outer_parent { \n\tpadding-bottom: 50px; \n} \n\n \n#cmsmasters_row_69e228149d95f8_40741322 .cmsmasters_row_outer_parent { \n\tpadding-top: 0px; \n} \n\n#cmsmasters_row_69e228149d95f8_40741322 .cmsmasters_row_outer_parent { \n\tpadding-bottom: 0px; \n} \n\n \n#cmsmasters_divider_69e228149da1e0_03661347 { \n\tborder-bottom-width:1px; \n\tborder-bottom-style:solid; \n\tpadding-top:0px; \n\tmargin-bottom:40px; \n} \n \n#cmsmasters_row_69e228149da3a1_72084307 .cmsmasters_row_outer_parent { \n\tpadding-bottom: 50px; \n} \n\n \n#cmsmasters_icon_box_69e228149daef6_89525816 { \n\tborder-width:1px; \n\tbackground-color:#fcfcfc;\n\tborder-color:#e4e4e4;\n} \n\n#cmsmasters_icon_box_69e228149daef6_89525816:before, \n#cmsmasters_icon_box_69e228149daef6_89525816 .icon_box_heading:before { \n\tfont-size:30px; \n\tline-height:60px; \n\twidth:60px; \n\theight:60px; \n\tborder-width:0px; \n\t-webkit-border-radius:50%; \n\tborder-radius:50%; \n\tcolor:#ffffff;\n\tbackground-color:#f02830;\n} \n\n#cmsmasters_icon_box_69e228149daef6_89525816.cmsmasters_icon_heading_left, \n#cmsmasters_icon_box_69e228149daef6_89525816.cmsmasters_icon_top, \n#cmsmasters_icon_box_69e228149daef6_89525816.cmsmasters_icon_box_left_top { \n\tpadding:30px 20px; } \n\n#cmsmasters_icon_box_69e228149daef6_89525816.cmsmasters_icon_top:before { \n\ttop:30px;} \n\n#cmsmasters_icon_box_69e228149daef6_89525816.cmsmasters_icon_box_left, \n#cmsmasters_icon_box_69e228149daef6_89525816.cmsmasters_icon_box_left_top { \n\tpadding-left:60px; \n\tmargin-left:30px; \n\t} \n\n#cmsmasters_icon_box_69e228149daef6_89525816.cmsmasters_icon_box_left:before, \n#cmsmasters_icon_box_69e228149daef6_89525816.cmsmasters_icon_box_left_top:before { \n\tleft:-30px; \n\t} \n\n#cmsmasters_icon_box_69e228149daef6_89525816.cmsmasters_icon_box_left_top { \n\tpadding-top:30px; \n\tmargin-top:60px; \n\t} \n\n#cmsmasters_icon_box_69e228149daef6_89525816.cmsmasters_icon_box_left_top:before { \n\tmargin-top:-30px; \n\t} \n\n \n#cmsmasters_divider_69e228149db653_73687934 { \n\tborder-bottom-width:0px; \n\tborder-bottom-style:solid; \n\tpadding-top:0px; \n\tmargin-bottom:40px; \n} \n \n#cmsmasters_icon_box_69e228149dbb63_60164595 { \n\tborder-width:1px; \n\tbackground-color:#fcfcfc;\n\tborder-color:#e4e4e4;\n} \n\n#cmsmasters_icon_box_69e228149dbb63_60164595:before, \n#cmsmasters_icon_box_69e228149dbb63_60164595 .icon_box_heading:before { \n\tfont-size:30px; \n\tline-height:60px; \n\twidth:60px; \n\theight:60px; \n\tborder-width:0px; \n\t-webkit-border-radius:50%; \n\tborder-radius:50%; \n\tcolor:#ffffff;\n\tbackground-color:#f02830;\n} \n\n#cmsmasters_icon_box_69e228149dbb63_60164595.cmsmasters_icon_heading_left, \n#cmsmasters_icon_box_69e228149dbb63_60164595.cmsmasters_icon_top, \n#cmsmasters_icon_box_69e228149dbb63_60164595.cmsmasters_icon_box_left_top { \n\tpadding:30px 20px; } \n\n#cmsmasters_icon_box_69e228149dbb63_60164595.cmsmasters_icon_top:before { \n\ttop:30px;} \n\n#cmsmasters_icon_box_69e228149dbb63_60164595.cmsmasters_icon_box_left, \n#cmsmasters_icon_box_69e228149dbb63_60164595.cmsmasters_icon_box_left_top { \n\tpadding-left:60px; \n\tmargin-left:30px; \n\t} \n\n#cmsmasters_icon_box_69e228149dbb63_60164595.cmsmasters_icon_box_left:before, \n#cmsmasters_icon_box_69e228149dbb63_60164595.cmsmasters_icon_box_left_top:before { \n\tleft:-30px; \n\t} \n\n#cmsmasters_icon_box_69e228149dbb63_60164595.cmsmasters_icon_box_left_top { \n\tpadding-top:30px; \n\tmargin-top:60px; \n\t} \n\n#cmsmasters_icon_box_69e228149dbb63_60164595.cmsmasters_icon_box_left_top:before { \n\tmargin-top:-30px; \n\t} \n\n \n#cmsmasters_icon_box_69e228149dc8c7_70814203 { \n\tborder-width:1px; \n\tbackground-color:#fcfcfc;\n\tborder-color:#e4e4e4;\n} \n\n#cmsmasters_icon_box_69e228149dc8c7_70814203:before, \n#cmsmasters_icon_box_69e228149dc8c7_70814203 .icon_box_heading:before { \n\tfont-size:30px; \n\tline-height:60px; \n\twidth:60px; \n\theight:60px; \n\tborder-width:0px; \n\t-webkit-border-radius:50%; \n\tborder-radius:50%; \n} \n\n#cmsmasters_icon_box_69e228149dc8c7_70814203.cmsmasters_icon_heading_left, \n#cmsmasters_icon_box_69e228149dc8c7_70814203.cmsmasters_icon_top, \n#cmsmasters_icon_box_69e228149dc8c7_70814203.cmsmasters_icon_box_left_top { \n\tpadding:30px 20px; } \n\n#cmsmasters_icon_box_69e228149dc8c7_70814203.cmsmasters_icon_top:before { \n\ttop:30px;} \n\n#cmsmasters_icon_box_69e228149dc8c7_70814203.cmsmasters_icon_box_left, \n#cmsmasters_icon_box_69e228149dc8c7_70814203.cmsmasters_icon_box_left_top { \n\tpadding-left:60px; \n\tmargin-left:30px; \n\t} \n\n#cmsmasters_icon_box_69e228149dc8c7_70814203.cmsmasters_icon_box_left:before, \n#cmsmasters_icon_box_69e228149dc8c7_70814203.cmsmasters_icon_box_left_top:before { \n\tleft:-30px; \n\t} \n\n#cmsmasters_icon_box_69e228149dc8c7_70814203.cmsmasters_icon_box_left_top { \n\tpadding-top:30px; \n\tmargin-top:60px; \n\t} \n\n#cmsmasters_icon_box_69e228149dc8c7_70814203.cmsmasters_icon_box_left_top:before { \n\tmargin-top:-30px; \n\t} \n\n \n#cmsmasters_divider_69e228149dd006_64885468 { \n\tborder-bottom-width:0px; \n\tborder-bottom-style:solid; \n\tpadding-top:0px; \n\tmargin-bottom:40px; \n} \n \n#cmsmasters_icon_box_69e228149dd6b3_95587126 { \n\tborder-width:1px; \n\tbackground-color:#fcfcfc;\n\tborder-color:#e4e4e4;\n} \n\n#cmsmasters_icon_box_69e228149dd6b3_95587126:before, \n#cmsmasters_icon_box_69e228149dd6b3_95587126 .icon_box_heading:before { \n\tfont-size:30px; \n\tline-height:60px; \n\twidth:60px; \n\theight:60px; \n\tborder-width:0px; \n\t-webkit-border-radius:50%; \n\tborder-radius:50%; \n} \n\n#cmsmasters_icon_box_69e228149dd6b3_95587126.cmsmasters_icon_heading_left, \n#cmsmasters_icon_box_69e228149dd6b3_95587126.cmsmasters_icon_top, \n#cmsmasters_icon_box_69e228149dd6b3_95587126.cmsmasters_icon_box_left_top { \n\tpadding:30px 20px; } \n\n#cmsmasters_icon_box_69e228149dd6b3_95587126.cmsmasters_icon_top:before { \n\ttop:30px;} \n\n#cmsmasters_icon_box_69e228149dd6b3_95587126.cmsmasters_icon_box_left, \n#cmsmasters_icon_box_69e228149dd6b3_95587126.cmsmasters_icon_box_left_top { \n\tpadding-left:60px; \n\tmargin-left:30px; \n\t} \n\n#cmsmasters_icon_box_69e228149dd6b3_95587126.cmsmasters_icon_box_left:before, \n#cmsmasters_icon_box_69e228149dd6b3_95587126.cmsmasters_icon_box_left_top:before { \n\tleft:-30px; \n\t} \n\n#cmsmasters_icon_box_69e228149dd6b3_95587126.cmsmasters_icon_box_left_top { \n\tpadding-top:30px; \n\tmargin-top:60px; \n\t} \n\n#cmsmasters_icon_box_69e228149dd6b3_95587126.cmsmasters_icon_box_left_top:before { \n\tmargin-top:-30px; \n\t} \n\n<\/style><div id=\"cmsmasters_row_69e228149d1470_41161440\" class=\"cmsmasters_row cmsmasters_color_scheme_default cmsmasters_row_top_default cmsmasters_row_bot_default cmsmasters_row_boxed\">\n<div class=\"cmsmasters_row_outer_parent\">\n<div class=\"cmsmasters_row_outer\">\n<div class=\"cmsmasters_row_inner\">\n<div class=\"cmsmasters_row_margin\">\n<div class=\"cmsmasters_column one_first\">\n\n<div id=\"cmsmasters_heading_69e228149d2159_04325266\" class=\"cmsmasters_heading_wrap cmsmasters_heading_align_left\">\n\t<h3 class=\"cmsmasters_heading\">Szolg\u00e1ltat\u00e1s<\/h3>\n<\/div>\n<div id=\"cmsmasters_heading_69e228149d2782_18047387\" class=\"cmsmasters_heading_wrap cmsmasters_heading_align_left\">\n\t<h1 class=\"cmsmasters_heading\">Rakt\u00e1rlogisztika<\/h1>\n<\/div>\n\n<div id=\"cmsmasters_divider_69e228149d2c24_51267168\" class=\"cmsmasters_divider cmsmasters_divider_width_long cmsmasters_divider_pos_center\"><\/div>\n<div class=\"cmsmasters_text\">\n<p align=\"justify\">Rakt\u00e1roz\u00e1s 1400 n\u00e9gyzetm\u00e9ter korszer\u0171 rakt\u00e1rfel\u00fcleten. Az \u00e1ruk gyors, biztons\u00e1gos, s\u00e9r\u00fcl\u00e9smentes mozgat\u00e1s\u00e1hoz korszer\u0171 anyagmozgat\u00f3 g\u00e9pek, kapuk, triplex oszlopos targonca \u00e1llnak rendelkez\u00e9sre.<\/p>\n<\/div>\n<\/div>\n<\/div>\n<\/div>\n<\/div>\n<\/div>\n<\/div>\n<div id=\"cmsmasters_row_69e228149d3192_55731260\" class=\"cmsmasters_row cmsmasters_color_scheme_default cmsmasters_row_top_default cmsmasters_row_bot_default cmsmasters_row_boxed\">\n<div class=\"cmsmasters_row_outer_parent\">\n<div class=\"cmsmasters_row_outer\">\n<div class=\"cmsmasters_row_inner\">\n<div class=\"cmsmasters_row_margin\">\n<div class=\"cmsmasters_column one_half\">\n<div class=\"cmsmasters_content_slider_wrap\" style=\"max-width:580px;\">\n<script type=\"text\/javascript\">jQuery(document).ready(function () { jQuery(\"#cmsmasters_slider_69e228149d3a26_35638733.cmsmasters_content_slider\").owlCarousel( { singleItem : true, transitionStyle: false, rewindSpeed : 1000, slideSpeed : 600, autoHeight : true, paginationSpeed : \t600, autoPlay : 2000,navigationText : \t[ \"<span class=\\\"cmsmasters_prev_arrow\\\"><span><\/span><\/span>\", \"<span class=\\\"cmsmasters_next_arrow\\\"><span><\/span><\/span>\" ] } );} );<\/script>\n<div id=\"cmsmasters_slider_69e228149d3a26_35638733\" class=\"cmsmasters_content_slider cmsmasters_owl_slider owl-carousel\">\n<div class=\"cmsmasters_content_slider_item\"><img width=\"580\" height=\"350\" src=\"https:\/\/egervaritrans.hu\/WP\/wp-content\/uploads\/2021\/05\/raktar_1-1-580x350.jpg\" class=\"attachment-cmsmasters-blog-masonry-thumb size-cmsmasters-blog-masonry-thumb\" alt=\"\" loading=\"lazy\" \/><\/div><div class=\"cmsmasters_content_slider_item\"><img width=\"580\" height=\"350\" src=\"https:\/\/egervaritrans.hu\/WP\/wp-content\/uploads\/2021\/05\/raktar_2-580x350.jpg\" class=\"attachment-cmsmasters-blog-masonry-thumb size-cmsmasters-blog-masonry-thumb\" alt=\"\" loading=\"lazy\" \/><\/div><div class=\"cmsmasters_content_slider_item\"><img width=\"580\" height=\"350\" src=\"https:\/\/egervaritrans.hu\/WP\/wp-content\/uploads\/2021\/05\/raktar_3-580x350.jpg\" class=\"attachment-cmsmasters-blog-masonry-thumb size-cmsmasters-blog-masonry-thumb\" alt=\"\" loading=\"lazy\" \/><\/div><div class=\"cmsmasters_content_slider_item\"><img width=\"580\" height=\"350\" src=\"https:\/\/egervaritrans.hu\/WP\/wp-content\/uploads\/2021\/06\/IMG_0417_20-580x350.jpg\" class=\"attachment-cmsmasters-blog-masonry-thumb size-cmsmasters-blog-masonry-thumb\" alt=\"\" loading=\"lazy\" \/><\/div><div class=\"cmsmasters_content_slider_item\"><img width=\"580\" height=\"350\" src=\"https:\/\/egervaritrans.hu\/WP\/wp-content\/uploads\/2021\/06\/IMG_3887_20-580x350.jpg\" class=\"attachment-cmsmasters-blog-masonry-thumb size-cmsmasters-blog-masonry-thumb\" alt=\"\" loading=\"lazy\" \/><\/div><\/div>\n<\/div>\n<\/div>\n<div class=\"cmsmasters_column one_half\">\n<div class=\"cmsmasters_text\">\n<p align=\"justify\">A nyilv\u00e1ntart\u00e1st vonalk\u00f3dos rendszer haszn\u00e1lat\u00e1val v\u00e9gezz\u00fck, Motorola scannereinkkel. Rakt\u00e1raink f\u0171t\u00e9ssel rendelkeznek ez\u00e9rt t\u00e9len b\u00e1rmilyen h\u0151fokot ig\u00e9nyl\u0151 \u00e1rukat is tudunk t\u00e1rolni. Egy\u00e9b szolg\u00e1ltat\u00e1saink: f\u00f3li\u00e1z\u00e1s, c\u00edmk\u00e9z\u00e9s, l\u00e1damos\u00e1s.<\/p>\n<\/div>\n<\/div>\n<\/div>\n<\/div>\n<\/div>\n<\/div>\n<\/div>\n<div id=\"cmsmasters_row_69e228149d92e1_30883971\" class=\"cmsmasters_row cmsmasters_color_scheme_default cmsmasters_row_top_default cmsmasters_row_bot_default cmsmasters_row_boxed\">\n<div class=\"cmsmasters_row_outer_parent\">\n<div class=\"cmsmasters_row_outer\">\n<div class=\"cmsmasters_row_inner\">\n<div class=\"cmsmasters_row_margin\">\n<div class=\"cmsmasters_column one_first\">\n<\/div>\n<\/div>\n<\/div>\n<\/div>\n<\/div>\n<\/div>\n<div id=\"cmsmasters_row_69e228149d95f8_40741322\" class=\"cmsmasters_row cmsmasters_color_scheme_default cmsmasters_row_top_default cmsmasters_row_bot_default cmsmasters_row_boxed\">\n<div class=\"cmsmasters_row_outer_parent\">\n<div class=\"cmsmasters_row_outer\">\n<div class=\"cmsmasters_row_inner\">\n<div class=\"cmsmasters_row_margin\">\n<div class=\"cmsmasters_column one_first\">\n<div class=\"cmsmasters_text\">\n<h1><strong>AMIT BIZTOS\u00cdTUNK A <span style=\"color: #0090ff;\">RAKT\u00c1RUNKBAN<\/span>\u00a0<\/strong><\/h1>\n<\/div>\n\n<div id=\"cmsmasters_divider_69e228149da1e0_03661347\" class=\"cmsmasters_divider cmsmasters_divider_width_long cmsmasters_divider_pos_center\"><\/div>\n<\/div>\n<\/div>\n<\/div>\n<\/div>\n<\/div>\n<\/div>\n<div id=\"cmsmasters_row_69e228149da3a1_72084307\" class=\"cmsmasters_row cmsmasters_color_scheme_default cmsmasters_row_top_default cmsmasters_row_bot_default cmsmasters_row_boxed\">\n<div class=\"cmsmasters_row_outer_parent\">\n<div class=\"cmsmasters_row_outer\">\n<div class=\"cmsmasters_row_inner\">\n<div class=\"cmsmasters_row_margin\">\n<div class=\"cmsmasters_column one_half\">\n\n<div id=\"cmsmasters_icon_box_69e228149daef6_89525816\" class=\"cmsmasters_icon_box cmsmasters_icon_box_left_top box_icon_type_icon cmsmasters-icon-custom-10\">\n<div class=\"icon_box_inner\">\n<h3 class=\"icon_box_heading\">BIZTONS\u00c1GOS T\u00c1ROL\u00c1S<\/h3>\n<div class=\"icon_box_text\">\n<p align=\"justify\">Rakt\u00e1rainkat kamer\u00e1s biztons\u00e1gi megfigyel\u0151 rendszer fel\u00fcgyeli. A telephely 24 \u00f3r\u00e1s v\u00e9delem alatt \u00e1ll, \u00edgy\u00a0 minden egyes \u00e1rumozg\u00e1s, ki\/bel\u00e9p\u00e9s kontroll\u00e1lt.<\/p>\n<\/div>\n<\/div>\n<\/div>\n\n<div id=\"cmsmasters_divider_69e228149db653_73687934\" class=\"cl\"><\/div>\n\n<div id=\"cmsmasters_icon_box_69e228149dbb63_60164595\" class=\"cmsmasters_icon_box cmsmasters_icon_box_left_top box_icon_type_icon cmsmasters-icon-custom-18\">\n<div class=\"icon_box_inner\">\n<h3 class=\"icon_box_heading\">PONTOS NYILV\u00c1NTART\u00c1S<\/h3>\n<div class=\"icon_box_text\">\n<p align=\"justify\">Saj\u00e1t vonalk\u00f3dos k\u00e9szletnyilv\u00e1ntart\u00f3 rendszer\u00fcnk a szabv\u00e1nyos funkci\u00f3kon k\u00edv\u00fcl, illeszkedni tud a  nyilv\u00e1ntart\u00e1s\u00e1hoz, \u00edgy ak\u00e1r SAP rendszerekb\u0151l is tud csomag inform\u00e1ci\u00f3t \u00e1tvenni.<\/p>\n<\/div>\n<\/div>\n<\/div>\n<\/div>\n<div class=\"cmsmasters_column one_half\">\n\n<div id=\"cmsmasters_icon_box_69e228149dc8c7_70814203\" class=\"cmsmasters_icon_box cmsmasters_icon_box_left_top box_icon_type_icon cmsmasters-icon-custom-01\">\n<div class=\"icon_box_inner\">\n<h3 class=\"icon_box_heading\">KORSZER\u0170 ANYAGMOZGAT\u00c1S<\/h3>\n<div class=\"icon_box_text\">\n<p align=\"justify\">Az \u00e1ruk rakt\u00e1ri mozgat\u00e1sa, illetve a sz\u00e1ll\u00edt\u00f3eszk\u00f6z\u00f6k rakod\u00e1sa, a legkorszer\u0171bb triplex oszlopos targonc\u00e1val t\u00f6rt\u00e9nik, garant\u00e1lva a s\u00e9r\u00fcl\u00e9smentess\u00e9get.<\/p>\n<\/div>\n<\/div>\n<\/div>\n\n<div id=\"cmsmasters_divider_69e228149dd006_64885468\" class=\"cl\"><\/div>\n\n<div id=\"cmsmasters_icon_box_69e228149dd6b3_95587126\" class=\"cmsmasters_icon_box cmsmasters_icon_box_left_top box_icon_type_icon cmsmasters-icon-custom-08\">\n<div class=\"icon_box_inner\">\n<h3 class=\"icon_box_heading\">EXTR\u00c1K<\/h3>\n<div class=\"icon_box_text\">\n<p align=\"justify\">Partnereink ig\u00e9nyeihez igazodva, v\u00e1llaljuk a csomagok f\u00f3li\u00e1z\u00e1s\u00e1t, raklapok ellen\u0151rz\u00e9s\u00e9t \/ jav\u00edt\u00e1s\u00e1t, csomagol\u00e1st, \u00e9s c\u00edmk\u00e9z\u00e9st.<\/p>\n<\/div>\n<\/div>\n<\/div>\n<\/div>\n<\/div>\n<\/div>\n<\/div>\n<\/div>\n<\/div>\n\n","protected":false},"excerpt":{"rendered":"","protected":false},"author":1,"featured_media":0,"parent":0,"menu_order":0,"comment_status":"closed","ping_status":"closed","template":"","meta":[],"yoast_head":"<!-- This site is optimized with the Yoast SEO plugin v19.1 - https:\/\/yoast.com\/wordpress\/plugins\/seo\/ -->\n<title>Rakt\u00e1roz\u00e1s - Egerv\u00e1ri Trans<\/title>\n<meta name=\"robots\" content=\"index, follow, max-snippet:-1, max-image-preview:large, max-video-preview:-1\" \/>\n<link rel=\"canonical\" href=\"https:\/\/egervaritrans.hu\/WP\/raktar\/\" \/>\n<meta property=\"og:locale\" content=\"hu_HU\" \/>\n<meta property=\"og:type\" content=\"article\" \/>\n<meta property=\"og:title\" content=\"Rakt\u00e1roz\u00e1s - Egerv\u00e1ri Trans\" \/>\n<meta property=\"og:url\" content=\"https:\/\/egervaritrans.hu\/WP\/raktar\/\" \/>\n<meta property=\"og:site_name\" content=\"Egerv\u00e1ri Trans\" \/>\n<meta property=\"article:publisher\" content=\"https:\/\/hu-hu.facebook.com\/egervaritrans\/\" \/>\n<meta property=\"article:modified_time\" content=\"2023-12-02T01:21:51+00:00\" \/>\n<meta name=\"twitter:card\" content=\"summary_large_image\" \/>\n<meta name=\"twitter:label1\" content=\"Becs\u00fclt olvas\u00e1si id\u0151\" \/>\n\t<meta name=\"twitter:data1\" content=\"2 perc\" \/>\n<script type=\"application\/ld+json\" class=\"yoast-schema-graph\">{\"@context\":\"https:\/\/schema.org\",\"@graph\":[{\"@type\":\"WebSite\",\"@id\":\"https:\/\/egervaritrans.hu\/WP\/#website\",\"url\":\"https:\/\/egervaritrans.hu\/WP\/\",\"name\":\"Egerv\u00e1ri Trans\",\"description\":\"Sz\u00e1ll\u00edtm\u00e1nyoz\u00e1s, rakt\u00e1roz\u00e1s, \u00e9p\u00edt\u0151anyag depo\",\"potentialAction\":[{\"@type\":\"SearchAction\",\"target\":{\"@type\":\"EntryPoint\",\"urlTemplate\":\"https:\/\/egervaritrans.hu\/WP\/?s={search_term_string}\"},\"query-input\":\"required name=search_term_string\"}],\"inLanguage\":\"hu\"},{\"@type\":\"WebPage\",\"@id\":\"https:\/\/egervaritrans.hu\/WP\/raktar\/#webpage\",\"url\":\"https:\/\/egervaritrans.hu\/WP\/raktar\/\",\"name\":\"Rakt\u00e1roz\u00e1s - Egerv\u00e1ri Trans\",\"isPartOf\":{\"@id\":\"https:\/\/egervaritrans.hu\/WP\/#website\"},\"datePublished\":\"2021-05-05T09:38:13+00:00\",\"dateModified\":\"2023-12-02T01:21:51+00:00\",\"breadcrumb\":{\"@id\":\"https:\/\/egervaritrans.hu\/WP\/raktar\/#breadcrumb\"},\"inLanguage\":\"hu\",\"potentialAction\":[{\"@type\":\"ReadAction\",\"target\":[\"https:\/\/egervaritrans.hu\/WP\/raktar\/\"]}]},{\"@type\":\"BreadcrumbList\",\"@id\":\"https:\/\/egervaritrans.hu\/WP\/raktar\/#breadcrumb\",\"itemListElement\":[{\"@type\":\"ListItem\",\"position\":1,\"name\":\"Home\",\"item\":\"https:\/\/egervaritrans.hu\/WP\/\"},{\"@type\":\"ListItem\",\"position\":2,\"name\":\"Rakt\u00e1roz\u00e1s\"}]}]}<\/script>\n<!-- \/ Yoast SEO plugin. -->","yoast_head_json":{"title":"Rakt\u00e1roz\u00e1s - Egerv\u00e1ri Trans","robots":{"index":"index","follow":"follow","max-snippet":"max-snippet:-1","max-image-preview":"max-image-preview:large","max-video-preview":"max-video-preview:-1"},"canonical":"https:\/\/egervaritrans.hu\/WP\/raktar\/","og_locale":"hu_HU","og_type":"article","og_title":"Rakt\u00e1roz\u00e1s - Egerv\u00e1ri Trans","og_url":"https:\/\/egervaritrans.hu\/WP\/raktar\/","og_site_name":"Egerv\u00e1ri Trans","article_publisher":"https:\/\/hu-hu.facebook.com\/egervaritrans\/","article_modified_time":"2023-12-02T01:21:51+00:00","twitter_card":"summary_large_image","twitter_misc":{"Becs\u00fclt olvas\u00e1si id\u0151":"2 perc"},"schema":{"@context":"https:\/\/schema.org","@graph":[{"@type":"WebSite","@id":"https:\/\/egervaritrans.hu\/WP\/#website","url":"https:\/\/egervaritrans.hu\/WP\/","name":"Egerv\u00e1ri Trans","description":"Sz\u00e1ll\u00edtm\u00e1nyoz\u00e1s, rakt\u00e1roz\u00e1s, \u00e9p\u00edt\u0151anyag depo","potentialAction":[{"@type":"SearchAction","target":{"@type":"EntryPoint","urlTemplate":"https:\/\/egervaritrans.hu\/WP\/?s={search_term_string}"},"query-input":"required name=search_term_string"}],"inLanguage":"hu"},{"@type":"WebPage","@id":"https:\/\/egervaritrans.hu\/WP\/raktar\/#webpage","url":"https:\/\/egervaritrans.hu\/WP\/raktar\/","name":"Rakt\u00e1roz\u00e1s - Egerv\u00e1ri Trans","isPartOf":{"@id":"https:\/\/egervaritrans.hu\/WP\/#website"},"datePublished":"2021-05-05T09:38:13+00:00","dateModified":"2023-12-02T01:21:51+00:00","breadcrumb":{"@id":"https:\/\/egervaritrans.hu\/WP\/raktar\/#breadcrumb"},"inLanguage":"hu","potentialAction":[{"@type":"ReadAction","target":["https:\/\/egervaritrans.hu\/WP\/raktar\/"]}]},{"@type":"BreadcrumbList","@id":"https:\/\/egervaritrans.hu\/WP\/raktar\/#breadcrumb","itemListElement":[{"@type":"ListItem","position":1,"name":"Home","item":"https:\/\/egervaritrans.hu\/WP\/"},{"@type":"ListItem","position":2,"name":"Rakt\u00e1roz\u00e1s"}]}]}},"_links":{"self":[{"href":"https:\/\/egervaritrans.hu\/WP\/wp-json\/wp\/v2\/pages\/8156"}],"collection":[{"href":"https:\/\/egervaritrans.hu\/WP\/wp-json\/wp\/v2\/pages"}],"about":[{"href":"https:\/\/egervaritrans.hu\/WP\/wp-json\/wp\/v2\/types\/page"}],"author":[{"embeddable":true,"href":"https:\/\/egervaritrans.hu\/WP\/wp-json\/wp\/v2\/users\/1"}],"replies":[{"embeddable":true,"href":"https:\/\/egervaritrans.hu\/WP\/wp-json\/wp\/v2\/comments?post=8156"}],"version-history":[{"count":22,"href":"https:\/\/egervaritrans.hu\/WP\/wp-json\/wp\/v2\/pages\/8156\/revisions"}],"predecessor-version":[{"id":9087,"href":"https:\/\/egervaritrans.hu\/WP\/wp-json\/wp\/v2\/pages\/8156\/revisions\/9087"}],"wp:attachment":[{"href":"https:\/\/egervaritrans.hu\/WP\/wp-json\/wp\/v2\/media?parent=8156"}],"curies":[{"name":"wp","href":"https:\/\/api.w.org\/{rel}","templated":true}]}}