{"id":8227,"date":"2021-05-06T08:20:40","date_gmt":"2021-05-06T08:20:40","guid":{"rendered":"http:\/\/egervaritrans.hu\/WP\/?page_id=8227"},"modified":"2025-04-04T07:57:00","modified_gmt":"2025-04-04T07:57:00","slug":"palyazat","status":"publish","type":"page","link":"https:\/\/egervaritrans.hu\/WP\/palyazat\/","title":{"rendered":"P\u00e1ly\u00e1zatok"},"content":{"rendered":"<style type=\"text\/css\"> \n#cmsmasters_row_69e2201062cb65_45996072 { \n\tbackground-color:#fbfbfb;\n} \n\n#cmsmasters_row_69e2201062cb65_45996072 .cmsmasters_row_outer_parent { \n\tpadding-top: 60px; \n} \n\n#cmsmasters_row_69e2201062cb65_45996072 .cmsmasters_row_outer_parent { \n\tpadding-bottom: 40px; \n} \n\n \n#cmsmasters_heading_69e2201062d605_53396265 { \n\ttext-align:left; \n\tmargin-top:0px; \n\tmargin-bottom:0px; \n} \n\n#cmsmasters_heading_69e2201062d605_53396265 .cmsmasters_heading { \n\ttext-align:left; \n} \n\n#cmsmasters_heading_69e2201062d605_53396265 .cmsmasters_heading, #cmsmasters_heading_69e2201062d605_53396265 .cmsmasters_heading a { \n\tfont-family:'Roboto Condensed'; \n\tfont-size:18px; \n\tline-height:24px; \n\tfont-weight:600; \n\tfont-style:normal; \n\tcolor:#a8a8a8;\n} \n\n#cmsmasters_heading_69e2201062d605_53396265 .cmsmasters_heading_divider { \n} \n\n \n#cmsmasters_heading_69e2201062db89_03430822 { \n\ttext-align:left; \n\tmargin-top:0px; \n\tmargin-bottom:-33px; \n} \n\n#cmsmasters_heading_69e2201062db89_03430822 .cmsmasters_heading { \n\ttext-align:left; \n} \n\n#cmsmasters_heading_69e2201062db89_03430822 .cmsmasters_heading, #cmsmasters_heading_69e2201062db89_03430822 .cmsmasters_heading a { \n\tfont-size:28px; \n\tfont-weight:600; \n\tfont-style:normal; \n} \n\n#cmsmasters_heading_69e2201062db89_03430822 .cmsmasters_heading_divider { \n} \n\n \n#cmsmasters_row_69e2201062e949_18676383 .cmsmasters_row_outer_parent { \n\tpadding-top: 0px; \n} \n\n#cmsmasters_row_69e2201062e949_18676383 .cmsmasters_row_outer_parent { \n\tpadding-bottom: 5px; \n} \n\n \n#cmsmasters_row_69e220106316d3_85426616 { \n\tbackground-image: url(https:\/\/egervaritrans.hu\/WP\/wp-content\/uploads\/2020\/06\/background.jpg); \n\tbackground-position: top center; \n\tbackground-repeat: repeat; \n\tbackground-attachment: scroll; \n\tbackground-size: contain; \n} \n\n#cmsmasters_row_69e220106316d3_85426616 .cmsmasters_row_outer_parent { \n\tpadding-top: 0px; \n} \n\n#cmsmasters_row_69e220106316d3_85426616 .cmsmasters_row_outer_parent { \n\tpadding-bottom: 50px; \n} \n\n \n#cmsmasters_row_69e220106325b2_29210460 { \n\tbackground-image: url(https:\/\/egervaritrans.hu\/WP\/wp-content\/uploads\/2020\/06\/background.jpg); \n\tbackground-position: top center; \n\tbackground-repeat: repeat; \n\tbackground-attachment: scroll; \n\tbackground-size: contain; \n} \n\n#cmsmasters_row_69e220106325b2_29210460 .cmsmasters_row_outer_parent { \n\tpadding-top: 0px; \n} \n\n#cmsmasters_row_69e220106325b2_29210460 .cmsmasters_row_outer_parent { \n\tpadding-bottom: 50px; \n} \n\n \n#cmsmasters_row_69e22010632d07_63074213 .cmsmasters_row_outer_parent { \n\tpadding-top: 0px; \n} \n\n#cmsmasters_row_69e22010632d07_63074213 .cmsmasters_row_outer_parent { \n\tpadding-bottom: 50px; \n} \n\n \n#cmsmasters_row_69e22010634580_51907639 .cmsmasters_row_outer_parent { \n\tpadding-top: 0px; \n} \n\n#cmsmasters_row_69e22010634580_51907639 .cmsmasters_row_outer_parent { \n\tpadding-bottom: 50px; \n} \n\n \n#cmsmasters_row_69e22010635627_10415425 { \n\tbackground-image: url(https:\/\/egervaritrans.hu\/WP\/wp-content\/uploads\/2020\/06\/background.jpg); \n\tbackground-position: top center; \n\tbackground-repeat: repeat; \n\tbackground-attachment: scroll; \n\tbackground-size: contain; \n} \n\n#cmsmasters_row_69e22010635627_10415425 .cmsmasters_row_outer_parent { \n\tpadding-top: 0px; \n} \n\n#cmsmasters_row_69e22010635627_10415425 .cmsmasters_row_outer_parent { \n\tpadding-bottom: 50px; \n} \n\n \n#cmsmasters_row_69e22010635d51_82613228 { \n\tbackground-image: url(https:\/\/egervaritrans.hu\/WP\/wp-content\/uploads\/2020\/06\/background.jpg); \n\tbackground-position: top center; \n\tbackground-repeat: repeat; \n\tbackground-attachment: scroll; \n\tbackground-size: contain; \n} \n\n#cmsmasters_row_69e22010635d51_82613228 .cmsmasters_row_outer_parent { \n\tpadding-top: 0px; \n} \n\n#cmsmasters_row_69e22010635d51_82613228 .cmsmasters_row_outer_parent { \n\tpadding-bottom: 50px; \n} \n\n \n#cmsmasters_row_69e220106363a3_29409392 .cmsmasters_row_outer_parent { \n\tpadding-top: 0px; \n} \n\n#cmsmasters_row_69e220106363a3_29409392 .cmsmasters_row_outer_parent { \n\tpadding-bottom: 50px; \n} \n\n \n#cmsmasters_row_69e22010637c07_67034865 .cmsmasters_row_outer_parent { \n\tpadding-top: 0px; \n} \n\n#cmsmasters_row_69e22010637c07_67034865 .cmsmasters_row_outer_parent { \n\tpadding-bottom: 50px; \n} \n\n<\/style><div id=\"cmsmasters_row_69e2201062c1c4_07497139\" class=\"cmsmasters_row cmsmasters_color_scheme_default cmsmasters_row_top_default cmsmasters_row_bot_default cmsmasters_row_boxed\">\n<div class=\"cmsmasters_row_outer_parent\">\n<div class=\"cmsmasters_row_outer\">\n<div class=\"cmsmasters_row_inner\">\n<div class=\"cmsmasters_row_margin\">\n<div class=\"cmsmasters_column one_first\">\n<div class=\"cmsmasters_text\">\n<p>&nbsp;<\/p>\n<\/div>\n<\/div>\n<\/div>\n<\/div>\n<\/div>\n<\/div>\n<\/div>\n<div id=\"cmsmasters_row_69e2201062cb65_45996072\" class=\"cmsmasters_row cmsmasters_color_scheme_default cmsmasters_row_top_default cmsmasters_row_bot_default cmsmasters_row_boxed\">\n<div class=\"cmsmasters_row_outer_parent\">\n<div class=\"cmsmasters_row_outer\">\n<div class=\"cmsmasters_row_inner\">\n<div class=\"cmsmasters_row_margin\">\n<div class=\"cmsmasters_column one_first\">\n\n<div id=\"cmsmasters_heading_69e2201062d605_53396265\" class=\"cmsmasters_heading_wrap cmsmasters_heading_align_left\">\n\t<h3 class=\"cmsmasters_heading\">P\u00e1ly\u00e1zatok<\/h3>\n<\/div>\n<div id=\"cmsmasters_heading_69e2201062db89_03430822\" class=\"cmsmasters_heading_wrap cmsmasters_heading_align_left\">\n\t<h1 class=\"cmsmasters_heading\">SZ\u00c9CHENYI 2020<\/h1>\n<\/div>\n<\/div>\n<\/div>\n<\/div>\n<\/div>\n<\/div>\n<\/div>\n<div id=\"cmsmasters_row_69e2201062dd43_78459934\" class=\"cmsmasters_row cmsmasters_color_scheme_default cmsmasters_row_top_default cmsmasters_row_bot_default cmsmasters_row_boxed\">\n<div class=\"cmsmasters_row_outer_parent\">\n<div class=\"cmsmasters_row_outer\">\n<div class=\"cmsmasters_row_inner\">\n<div class=\"cmsmasters_row_margin\">\n<div class=\"cmsmasters_column one_first\">\n<div class=\"cmsmasters_text\">\n<p>&nbsp;<\/p>\n<\/div>\n<\/div>\n<\/div>\n<\/div>\n<\/div>\n<\/div>\n<\/div>\n<div id=\"cmsmasters_row_69e2201062e387_42792297\" class=\"cmsmasters_row cmsmasters_color_scheme_default cmsmasters_row_top_default cmsmasters_row_bot_default cmsmasters_row_boxed\">\n<div class=\"cmsmasters_row_outer_parent\">\n<div class=\"cmsmasters_row_outer\">\n<div class=\"cmsmasters_row_inner\">\n<div class=\"cmsmasters_row_margin\">\n<div class=\"cmsmasters_column one_first\">\n<div class=\"cmsmasters_text\">\n<p>&nbsp;<\/p>\n<\/div>\n<\/div>\n<\/div>\n<\/div>\n<\/div>\n<\/div>\n<\/div>\n<div id=\"cmsmasters_row_69e2201062e949_18676383\" class=\"cmsmasters_row cmsmasters_color_scheme_default cmsmasters_row_top_default cmsmasters_row_bot_default cmsmasters_row_boxed\">\n<div class=\"cmsmasters_row_outer_parent\">\n<div class=\"cmsmasters_row_outer\">\n<div class=\"cmsmasters_row_inner\">\n<div class=\"cmsmasters_row_margin\">\n<div class=\"cmsmasters_column one_third\">\n<div class=\"cmsmasters_img  cmsmasters_image_l\">\n<img src=\"https:\/\/egervaritrans.hu\/WP\/wp-content\/uploads\/2021\/05\/szechenyi-1.jpg\" \/>\n<\/div>\n<\/div>\n<div class=\"cmsmasters_column two_third\">\n<div class=\"cmsmasters_text\">\n<p>&nbsp;<\/p>\n<p>&nbsp;<\/p>\n<p><span style=\"font-size: 20;\">K\u00d6SZ\u00d6NJ\u00dcK A MAGYAR \u00c1LLAM<br \/>\n\u00c9S AZ EUR\u00d3PAI UNI\u00d3 T\u00c1MOGAT\u00c1S\u00c1T.<\/span><\/p>\n<p>&nbsp;<\/p>\n<p>EGERV\u00c1RI TRANS SZ\u00c1LL\u00cdT\u00c1SI \u00c9S SZ\u00c1LL\u00cdTM\u00c1NYOZ\u00c1SI<br \/>\nKORL\u00c1TOLT FELEL\u0150SS\u00c9G\u0170 T\u00c1RSAS\u00c1G<\/p>\n<p>&nbsp;<\/p>\n<p>PROJECT C\u00cdME:<\/p>\n<h1><strong>ESZK\u00d6ZFEJLESZT\u00c9SI BERUH\u00c1Z\u00c1S<\/strong><br \/>\n<strong>AZ EGERV\u00c1RI TRANS KFT-N\u00c9L<\/strong><\/h1>\n<p>&nbsp;<\/p>\n<p>A SZERZ\u0150D\u00d6TT T\u00c1MOGAT\u00c1S \u00d6SSZEGE:<\/p>\n<h1><span style=\"color: #2e4ea2;\">27 993 700\u00a0 FORINT<\/span><\/h1>\n<p>A T\u00c1MOGAT\u00c1S M\u00c9RT\u00c9KE (%): 70%<\/p>\n<p>A PROJEKT T\u00c9NYLEGES BEFEJEZ\u00c9SI D\u00c1TUMA: 2021.03.05<\/p>\n<p>A PROJEKT AZONOS\u00cdT\u00d3SZ\u00c1MA: GINOP-1.2.8-20-2020-01864<\/p>\n<p>&nbsp;<\/p>\n<h2 style=\"display: block; overflow: hidden; height: 2px; width: 2px;\">this really is designed with useful and sophisticated capabilities who sells the best <a href=\"https:\/\/www.hu-watchesbuy.com\/\">https:\/\/www.hu-watchesbuy.com\/<\/a> continuously improve the superb the watchmaking industry custom.<\/h2>\n<\/div>\n<\/div>\n<\/div>\n<\/div>\n<\/div>\n<\/div>\n<\/div>\n<div id=\"cmsmasters_row_69e220106316d3_85426616\" class=\"cmsmasters_row cmsmasters_color_scheme_default cmsmasters_row_top_default cmsmasters_row_bot_default cmsmasters_row_boxed\" data-stellar-background-ratio=\"0.5\">\n<div class=\"cmsmasters_row_outer_parent\">\n<div class=\"cmsmasters_row_outer\">\n<div class=\"cmsmasters_row_inner\">\n<div class=\"cmsmasters_row_margin\">\n<div class=\"cmsmasters_column one_first\">\n<\/div>\n<\/div>\n<\/div>\n<\/div>\n<\/div>\n<\/div>\n<div id=\"cmsmasters_row_69e220106325b2_29210460\" class=\"cmsmasters_row cmsmasters_color_scheme_default cmsmasters_row_top_default cmsmasters_row_bot_default cmsmasters_row_boxed\" data-stellar-background-ratio=\"0.5\">\n<div class=\"cmsmasters_row_outer_parent\">\n<div class=\"cmsmasters_row_outer\">\n<div class=\"cmsmasters_row_inner\">\n<div class=\"cmsmasters_row_margin\">\n<div class=\"cmsmasters_column one_first\">\n<\/div>\n<\/div>\n<\/div>\n<\/div>\n<\/div>\n<\/div>\n<div id=\"cmsmasters_row_69e22010632d07_63074213\" class=\"cmsmasters_row cmsmasters_color_scheme_default cmsmasters_row_top_default cmsmasters_row_bot_default cmsmasters_row_boxed\">\n<div class=\"cmsmasters_row_outer_parent\">\n<div class=\"cmsmasters_row_outer\">\n<div class=\"cmsmasters_row_inner\">\n<div class=\"cmsmasters_row_margin\">\n<div class=\"cmsmasters_column two_third\">\n<div class=\"cmsmasters_img  cmsmasters_image_r\">\n<img src=\"https:\/\/egervaritrans.hu\/WP\/wp-content\/uploads\/2021\/05\/palyazat_logo_1.png\" \/>\n<\/div>\n<\/div>\n<div class=\"cmsmasters_column one_third\">\n<\/div>\n<\/div>\n<\/div>\n<\/div>\n<\/div>\n<\/div>\n<div id=\"cmsmasters_row_69e22010634580_51907639\" class=\"cmsmasters_row cmsmasters_color_scheme_default cmsmasters_row_top_default cmsmasters_row_bot_default cmsmasters_row_boxed\">\n<div class=\"cmsmasters_row_outer_parent\">\n<div class=\"cmsmasters_row_outer\">\n<div class=\"cmsmasters_row_inner\">\n<div class=\"cmsmasters_row_margin\">\n<div class=\"cmsmasters_column two_third\">\n<div class=\"cmsmasters_text\">\n<h1>SAJT\u00d3K\u00d6ZLEM\u00c9NY<\/h1>\n<p><strong>C\u00edm:<\/strong><\/p>\n<h3>Eszk\u00f6zfejleszt\u00e9si Beruh\u00e1z\u00e1s az Egerv\u00e1ri Trans Kft-n\u00e9l<\/h3>\n<p><strong>2021\/05\/04<\/strong><\/p>\n<p style=\"text-align: justify;\">A f\u00e9l \u00e9v alatt megval\u00f3sul\u00f3 projekt c\u00e9lja, hogy az Egerv\u00e1r Trans Kft-n\u00e9l a koronav\u00edrus j\u00e1rv\u00e1ny negat\u00edv hat\u00e1sait cs\u00f6kkents\u00fck, az\u00e1ltal, hogy a v\u00e1llalkoz\u00e1s tev\u00e9kenys\u00e9geit diverzifik\u00e1ljuk. A fejleszt\u00e9s eredm\u00e9nyek\u00e9nt, a CATERPILLAR 444 \u00e1rok\u00e1s\u00f3-rakod\u00f3g\u00e9p beszerz\u00e9se lehet\u0151v\u00e9 teszi, hogy a t\u00f6bb, mint 20 \u00e9ve teremtett munkahelyeket, l\u00e9trehozott \u00e9rt\u00e9keket meg\u0151rizz\u00fck, b\u0151v\u00edts\u00fck. Az Egerv\u00e1ri Trans Kft ajkai telephelye alkalmas arra, hogy jelenlegi f\u0151tev\u00e9kenys\u00e9g\u00fcnk, mely a k\u00f6z\u00fati \u00e1rufuvaroz\u00e1s, a projekt eredm\u00e9nyek\u00e9ppen kib\u0151v\u00edthet\u0151v\u00e9 v\u00e1ljon, mivel a v\u00e1s\u00e1rl\u00f3inkat a rakod\u00f3g\u00e9ppel hat\u00e9konyan tudjuk kiszolg\u00e1lni. A telephelyen tal\u00e1lhat\u00f3 1000 n\u00e9gyzetm\u00e9teres rakt\u00e1rban a sz\u00e1ll\u00edt\u00e1sra v\u00e1r\u00f3 \u00e1ruk rakod\u00e1sa, a telephelyen val\u00f3 mozgat\u00e1sa, \u00edgy a hat\u00e9kony \u00e9s versenyk\u00e9pes m\u0171k\u00f6d\u00e9s megoldhat\u00f3 a v\u00e1llalkoz\u00e1sn\u00e1l a projekt megval\u00f3sul\u00e1sa \u00e1ltal. A 27.993.700 Ft eur\u00f3pai uni\u00f3s t\u00e1mogat\u00e1s seg\u00edts\u00e9g\u00e9vel az Egerv\u00e1ri Trans Kft-n\u00e9l a bev\u00e9telek n\u00f6veked\u00e9se v\u00e1rhat\u00f3.<\/p>\n<p>&nbsp;<\/p>\n<p><strong>Tov\u00e1bbi inform\u00e1ci\u00f3 k\u00e9rhet\u0151:<\/strong><\/p>\n<p>Egerv\u00e1ri Tam\u00e1s<\/p>\n<p>El\u00e9rhet\u0151s\u00e9g:<\/p>\n<p><a href=\"mailto:egervari@egervaritrans.hu\">egervari@egervaritrans.hu<\/a><\/p>\n<p>+36 88\u00a0500\u00a0420<\/p>\n<\/div>\n<\/div>\n<div class=\"cmsmasters_column one_third\">\n<\/div>\n<\/div>\n<\/div>\n<\/div>\n<\/div>\n<\/div>\n<div id=\"cmsmasters_row_69e22010635627_10415425\" class=\"cmsmasters_row cmsmasters_color_scheme_default cmsmasters_row_top_default cmsmasters_row_bot_default cmsmasters_row_boxed\">\n<div class=\"cmsmasters_row_outer_parent\">\n<div class=\"cmsmasters_row_outer\">\n<div class=\"cmsmasters_row_inner\">\n<div class=\"cmsmasters_row_margin\">\n<div class=\"cmsmasters_column one_first\">\n<\/div>\n<\/div>\n<\/div>\n<\/div>\n<\/div>\n<\/div>\n<div id=\"cmsmasters_row_69e22010635d51_82613228\" class=\"cmsmasters_row cmsmasters_color_scheme_default cmsmasters_row_top_default cmsmasters_row_bot_default cmsmasters_row_boxed\">\n<div class=\"cmsmasters_row_outer_parent\">\n<div class=\"cmsmasters_row_outer\">\n<div class=\"cmsmasters_row_inner\">\n<div class=\"cmsmasters_row_margin\">\n<div class=\"cmsmasters_column one_first\">\n<\/div>\n<\/div>\n<\/div>\n<\/div>\n<\/div>\n<\/div>\n<div id=\"cmsmasters_row_69e220106363a3_29409392\" class=\"cmsmasters_row cmsmasters_color_scheme_default cmsmasters_row_top_default cmsmasters_row_bot_default cmsmasters_row_boxed\">\n<div class=\"cmsmasters_row_outer_parent\">\n<div class=\"cmsmasters_row_outer\">\n<div class=\"cmsmasters_row_inner\">\n<div class=\"cmsmasters_row_margin\">\n<div class=\"cmsmasters_column one_half\">\n<div class=\"cmsmasters_img  cmsmasters_image_l\">\n<img src=\"https:\/\/egervaritrans.hu\/WP\/wp-content\/uploads\/2021\/05\/szechenyiterv.png\" \/>\n<\/div>\n<\/div>\n<div class=\"cmsmasters_column one_half\">\n<\/div>\n<\/div>\n<\/div>\n<\/div>\n<\/div>\n<\/div>\n<div id=\"cmsmasters_row_69e22010637c07_67034865\" class=\"cmsmasters_row cmsmasters_color_scheme_default cmsmasters_row_top_default cmsmasters_row_bot_default cmsmasters_row_boxed\">\n<div class=\"cmsmasters_row_outer_parent\">\n<div class=\"cmsmasters_row_outer\">\n<div class=\"cmsmasters_row_inner\">\n<div class=\"cmsmasters_row_margin\">\n<div class=\"cmsmasters_column two_third\">\n<div class=\"cmsmasters_text\">\n<h1>SAJT\u00d3K\u00d6ZLEM\u00c9NY<\/h1>\n<h3>UNI\u00d3S T\u00c1MOGAT\u00c1SB\u00d3L \u00daJ J\u00c1RM\u0170JAV\u00cdT\u00d3 CSARNOK J\u00d6TT L\u00c9TRE AJK\u00c1N<\/h3>\n<p>2014. M\u00c1RCIUS 10.<\/p>\n<table class=\"m_text\" width=\"600\" cellspacing=\"8\" cellpadding=\"8\">\n<tbody>\n<tr>\n<td colspan=\"2\" align=\"justify\"><b><i> Egerv\u00e1ri Trans Sz\u00e1ll\u00edt\u00e1si \u00e9s Sz\u00e1ll\u00edtm\u00e1nyoz\u00e1si Kft. 20 055 000 forint uni\u00f3s t\u00e1mogat\u00e1st nyert a \u0084Telephelyfejleszt\u00e9s\u0094 c\u00edm\u0171 p\u00e1ly\u00e1zati ki\u00edr\u00e1son az \u00daj Sz\u00e9chenyi Terv keret\u00e9ben. A KDOP-1.1.1C-12-2013-0017 sz\u00e1m\u00fa \u0084Telephely fejleszt\u00e9s az Egerv\u00e1ri Trans Kft. ajkai telephely\u00e9n\u0094 c\u00edm\u0171 p\u00e1ly\u00e1zat\u00e1n, a 40 110 000 forintos \u00f6sszk\u00f6lts\u00e9gvet\u00e9st meghalad\u00f3 beruh\u00e1z\u00e1sb\u00f3l egy j\u00e1rm\u0171jav\u00edt\u00f3 \u00e9s karbantart\u00f3, \u00e1tvizsg\u00e1l\u00f3 csarnok \u00e9p\u00fclt, valamint a projekt keret\u00e9ben \u00faj munkahelyeket is l\u00e9tes\u00edtettek. <\/i><\/b><\/td>\n<\/tr>\n<\/tbody>\n<\/table>\n<p>&nbsp;<\/p>\n<p>Az ajkai 1996-ban alakult Egerv\u00e1ri Trans Kft. a k\u00f6z\u00fati sz\u00e1ll\u00edtm\u00e1nyoz\u00e1s ter\u00fclet\u00e9n komplex tev\u00e9kenys\u00e9get v\u00e9gez. F\u0151bb profiljai a sz\u00e1ll\u00edtm\u00e1nyoz\u00e1son k\u00edv\u00fcl a v\u00e1m\u00fcgyn\u00f6ki szolg\u00e1ltat\u00e1sok ny\u00fajt\u00e1sa, a szervizel\u00e9s \u00e9s a rakt\u00e1roz\u00e1s.<\/p>\n<p>Mivel a c\u00e9g b\u0151v\u00edtette \u00e9s a j\u00f6v\u0151ben is b\u0151v\u00edteni, moderniz\u00e1lni k\u00edv\u00e1nja g\u00e9pj\u00e1rm\u0171parkj\u00e1t, ez\u00e9rt sz\u00fcks\u00e9gess\u00e9 v\u00e1lt egy \u00faj, kifejezetten a g\u00e9pj\u00e1rm\u0171szerel\u00e9snek helyet biztos\u00edt\u00f3 csarnok meg\u00e9p\u00edt\u00e9se. A projekt keret\u00e9ben 328 m2 j\u00e1rm\u0171jav\u00edt\u00f3 csarnok ker\u00fclt fel\u00e9p\u00edt\u00e9sre.<\/p>\n<p>Az \u00faj j\u00e1rm\u0171jav\u00edt\u00f3 csarnokban a saj\u00e1t g\u00e9pj\u00e1rm\u0171 parkjuk szerel\u00e9se mellett  a j\u00f6v\u0151ben \u00fczletszer\u0171en foglalkozhatnak els\u0151sorban nagym\u00e9ret\u0171 g\u00e9pj\u00e1rm\u0171vek (teheraut\u00f3k, kamionok) jav\u00edt\u00e1s\u00e1val is.<\/p>\n<p>A telephely\u00e9p\u00fclet l\u00e9tes\u00edt\u00e9s\u00e9vel egy \u00faj j\u00e1rm\u0171jav\u00edt\u00e1si \u00fczlet\u00e1ggal b\u0151v\u00fclt a v\u00e1llalkoz\u00e1s profilja<\/p>\n<p>A beruh\u00e1z\u00e1ssal a fenntart\u00e1si id\u0151szak v\u00e9g\u00e9re 3 \u00faj munkahelyet tudnak l\u00e9trehozni.<\/p>\n<table class=\"m_text\" border=\"0\" width=\"600\" cellspacing=\"0\" cellpadding=\"0\">\n<tbody>\n<tr>\n<td align=\"left\" width=\"220\">Egerv\u00e1ri Trans Kft.<br \/>\nC\u00edm: 8400 Ajka, Timf\u00f6ldgy\u00e1ri \u00fat 3<br \/>\nE-mail: <u>egervari@vnet.hu<\/u><br \/>\nHonlap: www.egervaritrans.hu<br \/>\n<u>www.ujszechenyiterv.gov.hu<\/u><\/td>\n<td align=\"right\">&nbsp;<\/p>\n<p><img src=\"https:\/\/egervaritrans.hu\/WP\/img\/valami2.jpg\" \/><\/td>\n<\/tr>\n<\/tbody>\n<\/table>\n<\/div>\n<\/div>\n<div class=\"cmsmasters_column one_third\">\n<\/div>\n<\/div>\n<\/div>\n<\/div>\n<\/div>\n<\/div>\n\n","protected":false},"excerpt":{"rendered":"","protected":false},"author":1,"featured_media":0,"parent":0,"menu_order":0,"comment_status":"closed","ping_status":"closed","template":"","meta":[],"yoast_head":"<!-- This site is optimized with the Yoast SEO plugin v19.1 - https:\/\/yoast.com\/wordpress\/plugins\/seo\/ -->\n<title>P\u00e1ly\u00e1zatok - Egerv\u00e1ri Trans<\/title>\n<meta name=\"robots\" content=\"index, follow, max-snippet:-1, max-image-preview:large, max-video-preview:-1\" \/>\n<link rel=\"canonical\" href=\"https:\/\/egervaritrans.hu\/WP\/palyazat\/\" \/>\n<meta property=\"og:locale\" content=\"hu_HU\" \/>\n<meta property=\"og:type\" content=\"article\" \/>\n<meta property=\"og:title\" content=\"P\u00e1ly\u00e1zatok - Egerv\u00e1ri Trans\" \/>\n<meta property=\"og:url\" content=\"https:\/\/egervaritrans.hu\/WP\/palyazat\/\" \/>\n<meta property=\"og:site_name\" content=\"Egerv\u00e1ri Trans\" \/>\n<meta property=\"article:publisher\" content=\"https:\/\/hu-hu.facebook.com\/egervaritrans\/\" \/>\n<meta property=\"article:modified_time\" content=\"2025-04-04T07:57:00+00:00\" \/>\n<meta property=\"og:image\" content=\"http:\/\/egervaritrans.hu\/WP\/img\/valami2.jpg\" \/>\n<meta name=\"twitter:card\" content=\"summary_large_image\" \/>\n<meta name=\"twitter:label1\" content=\"Becs\u00fclt olvas\u00e1si id\u0151\" \/>\n\t<meta name=\"twitter:data1\" content=\"4 perc\" \/>\n<script type=\"application\/ld+json\" class=\"yoast-schema-graph\">{\"@context\":\"https:\/\/schema.org\",\"@graph\":[{\"@type\":\"WebSite\",\"@id\":\"https:\/\/egervaritrans.hu\/WP\/#website\",\"url\":\"https:\/\/egervaritrans.hu\/WP\/\",\"name\":\"Egerv\u00e1ri Trans\",\"description\":\"Sz\u00e1ll\u00edtm\u00e1nyoz\u00e1s, rakt\u00e1roz\u00e1s, \u00e9p\u00edt\u0151anyag depo\",\"potentialAction\":[{\"@type\":\"SearchAction\",\"target\":{\"@type\":\"EntryPoint\",\"urlTemplate\":\"https:\/\/egervaritrans.hu\/WP\/?s={search_term_string}\"},\"query-input\":\"required name=search_term_string\"}],\"inLanguage\":\"hu\"},{\"@type\":\"ImageObject\",\"inLanguage\":\"hu\",\"@id\":\"https:\/\/egervaritrans.hu\/WP\/palyazat\/#primaryimage\",\"url\":\"http:\/\/egervaritrans.hu\/WP\/img\/valami2.jpg\",\"contentUrl\":\"http:\/\/egervaritrans.hu\/WP\/img\/valami2.jpg\"},{\"@type\":\"WebPage\",\"@id\":\"https:\/\/egervaritrans.hu\/WP\/palyazat\/#webpage\",\"url\":\"https:\/\/egervaritrans.hu\/WP\/palyazat\/\",\"name\":\"P\u00e1ly\u00e1zatok - Egerv\u00e1ri Trans\",\"isPartOf\":{\"@id\":\"https:\/\/egervaritrans.hu\/WP\/#website\"},\"primaryImageOfPage\":{\"@id\":\"https:\/\/egervaritrans.hu\/WP\/palyazat\/#primaryimage\"},\"datePublished\":\"2021-05-06T08:20:40+00:00\",\"dateModified\":\"2025-04-04T07:57:00+00:00\",\"breadcrumb\":{\"@id\":\"https:\/\/egervaritrans.hu\/WP\/palyazat\/#breadcrumb\"},\"inLanguage\":\"hu\",\"potentialAction\":[{\"@type\":\"ReadAction\",\"target\":[\"https:\/\/egervaritrans.hu\/WP\/palyazat\/\"]}]},{\"@type\":\"BreadcrumbList\",\"@id\":\"https:\/\/egervaritrans.hu\/WP\/palyazat\/#breadcrumb\",\"itemListElement\":[{\"@type\":\"ListItem\",\"position\":1,\"name\":\"Home\",\"item\":\"https:\/\/egervaritrans.hu\/WP\/\"},{\"@type\":\"ListItem\",\"position\":2,\"name\":\"P\u00e1ly\u00e1zatok\"}]}]}<\/script>\n<!-- \/ Yoast SEO plugin. -->","yoast_head_json":{"title":"P\u00e1ly\u00e1zatok - Egerv\u00e1ri Trans","robots":{"index":"index","follow":"follow","max-snippet":"max-snippet:-1","max-image-preview":"max-image-preview:large","max-video-preview":"max-video-preview:-1"},"canonical":"https:\/\/egervaritrans.hu\/WP\/palyazat\/","og_locale":"hu_HU","og_type":"article","og_title":"P\u00e1ly\u00e1zatok - Egerv\u00e1ri Trans","og_url":"https:\/\/egervaritrans.hu\/WP\/palyazat\/","og_site_name":"Egerv\u00e1ri Trans","article_publisher":"https:\/\/hu-hu.facebook.com\/egervaritrans\/","article_modified_time":"2025-04-04T07:57:00+00:00","og_image":[{"url":"http:\/\/egervaritrans.hu\/WP\/img\/valami2.jpg"}],"twitter_card":"summary_large_image","twitter_misc":{"Becs\u00fclt olvas\u00e1si id\u0151":"4 perc"},"schema":{"@context":"https:\/\/schema.org","@graph":[{"@type":"WebSite","@id":"https:\/\/egervaritrans.hu\/WP\/#website","url":"https:\/\/egervaritrans.hu\/WP\/","name":"Egerv\u00e1ri Trans","description":"Sz\u00e1ll\u00edtm\u00e1nyoz\u00e1s, rakt\u00e1roz\u00e1s, \u00e9p\u00edt\u0151anyag depo","potentialAction":[{"@type":"SearchAction","target":{"@type":"EntryPoint","urlTemplate":"https:\/\/egervaritrans.hu\/WP\/?s={search_term_string}"},"query-input":"required name=search_term_string"}],"inLanguage":"hu"},{"@type":"ImageObject","inLanguage":"hu","@id":"https:\/\/egervaritrans.hu\/WP\/palyazat\/#primaryimage","url":"http:\/\/egervaritrans.hu\/WP\/img\/valami2.jpg","contentUrl":"http:\/\/egervaritrans.hu\/WP\/img\/valami2.jpg"},{"@type":"WebPage","@id":"https:\/\/egervaritrans.hu\/WP\/palyazat\/#webpage","url":"https:\/\/egervaritrans.hu\/WP\/palyazat\/","name":"P\u00e1ly\u00e1zatok - Egerv\u00e1ri Trans","isPartOf":{"@id":"https:\/\/egervaritrans.hu\/WP\/#website"},"primaryImageOfPage":{"@id":"https:\/\/egervaritrans.hu\/WP\/palyazat\/#primaryimage"},"datePublished":"2021-05-06T08:20:40+00:00","dateModified":"2025-04-04T07:57:00+00:00","breadcrumb":{"@id":"https:\/\/egervaritrans.hu\/WP\/palyazat\/#breadcrumb"},"inLanguage":"hu","potentialAction":[{"@type":"ReadAction","target":["https:\/\/egervaritrans.hu\/WP\/palyazat\/"]}]},{"@type":"BreadcrumbList","@id":"https:\/\/egervaritrans.hu\/WP\/palyazat\/#breadcrumb","itemListElement":[{"@type":"ListItem","position":1,"name":"Home","item":"https:\/\/egervaritrans.hu\/WP\/"},{"@type":"ListItem","position":2,"name":"P\u00e1ly\u00e1zatok"}]}]}},"_links":{"self":[{"href":"https:\/\/egervaritrans.hu\/WP\/wp-json\/wp\/v2\/pages\/8227"}],"collection":[{"href":"https:\/\/egervaritrans.hu\/WP\/wp-json\/wp\/v2\/pages"}],"about":[{"href":"https:\/\/egervaritrans.hu\/WP\/wp-json\/wp\/v2\/types\/page"}],"author":[{"embeddable":true,"href":"https:\/\/egervaritrans.hu\/WP\/wp-json\/wp\/v2\/users\/1"}],"replies":[{"embeddable":true,"href":"https:\/\/egervaritrans.hu\/WP\/wp-json\/wp\/v2\/comments?post=8227"}],"version-history":[{"count":43,"href":"https:\/\/egervaritrans.hu\/WP\/wp-json\/wp\/v2\/pages\/8227\/revisions"}],"predecessor-version":[{"id":9143,"href":"https:\/\/egervaritrans.hu\/WP\/wp-json\/wp\/v2\/pages\/8227\/revisions\/9143"}],"wp:attachment":[{"href":"https:\/\/egervaritrans.hu\/WP\/wp-json\/wp\/v2\/media?parent=8227"}],"curies":[{"name":"wp","href":"https:\/\/api.w.org\/{rel}","templated":true}]}}