{"id":8273,"date":"2021-05-06T12:40:48","date_gmt":"2021-05-06T12:40:48","guid":{"rendered":"http:\/\/egervaritrans.hu\/WP\/?page_id=8273"},"modified":"2023-12-02T01:25:09","modified_gmt":"2023-12-02T01:25:09","slug":"tanusitvany","status":"publish","type":"page","link":"https:\/\/egervaritrans.hu\/WP\/tanusitvany\/","title":{"rendered":"Tan\u00fas\u00edtv\u00e1nyok"},"content":{"rendered":"<style type=\"text\/css\"> \n#cmsmasters_row_69e22c8f0753d1_83012963 { \n\tbackground-color:#fbfbfb;\n} \n\n#cmsmasters_row_69e22c8f0753d1_83012963 .cmsmasters_row_outer_parent { \n\tpadding-top: 60px; \n} \n\n#cmsmasters_row_69e22c8f0753d1_83012963 .cmsmasters_row_outer_parent { \n\tpadding-bottom: 40px; \n} \n\n \n#cmsmasters_heading_69e22c8f075df5_62642005 { \n\ttext-align:left; \n\tmargin-top:0px; \n\tmargin-bottom:0px; \n} \n\n#cmsmasters_heading_69e22c8f075df5_62642005 .cmsmasters_heading { \n\ttext-align:left; \n} \n\n#cmsmasters_heading_69e22c8f075df5_62642005 .cmsmasters_heading, #cmsmasters_heading_69e22c8f075df5_62642005 .cmsmasters_heading a { \n\tfont-family:'Roboto Condensed'; \n\tfont-size:18px; \n\tline-height:24px; \n\tfont-weight:600; \n\tfont-style:normal; \n\tcolor:#a8a8a8;\n} \n\n#cmsmasters_heading_69e22c8f075df5_62642005 .cmsmasters_heading_divider { \n} \n\n \n#cmsmasters_heading_69e22c8f0765e1_27696152 { \n\ttext-align:left; \n\tmargin-top:0px; \n\tmargin-bottom:-33px; \n} \n\n#cmsmasters_heading_69e22c8f0765e1_27696152 .cmsmasters_heading { \n\ttext-align:left; \n} \n\n#cmsmasters_heading_69e22c8f0765e1_27696152 .cmsmasters_heading, #cmsmasters_heading_69e22c8f0765e1_27696152 .cmsmasters_heading a { \n\tfont-size:28px; \n\tfont-weight:600; \n\tfont-style:normal; \n} \n\n#cmsmasters_heading_69e22c8f0765e1_27696152 .cmsmasters_heading_divider { \n} \n\n \n#cmsmasters_row_69e22c8f077077_05597770 .cmsmasters_row_outer_parent { \n\tpadding-top: 0px; \n} \n\n#cmsmasters_row_69e22c8f077077_05597770 .cmsmasters_row_outer_parent { \n\tpadding-bottom: 5px; \n} \n\n \n#cmsmasters_row_69e22c8f079ca8_50200705 .cmsmasters_row_outer_parent { \n\tpadding-top: 0px; \n} \n\n#cmsmasters_row_69e22c8f079ca8_50200705 .cmsmasters_row_outer_parent { \n\tpadding-bottom: 0px; \n} \n\n#cmsmasters_row_69e22c8f079ca8_50200705 .cmsmasters_row_inner.cmsmasters_row_fullwidth { \n\tpadding-left:0%; \n} \n#cmsmasters_row_69e22c8f079ca8_50200705 .cmsmasters_row_inner.cmsmasters_row_fullwidth { \n\tpadding-right:0%; \n} \n \n#cmsmasters_divider_69e22c8f07a581_68826640 { \n\tborder-bottom-width:1px; \n\tborder-bottom-style:solid; \n\tpadding-top:0px; \n\tmargin-bottom:0px; \n} \n \n#cmsmasters_row_69e22c8f07a756_71221754 { \n\tbackground-color:#fbfbfb;\n} \n\n#cmsmasters_row_69e22c8f07a756_71221754 .cmsmasters_row_outer_parent { \n\tpadding-top: 60px; \n} \n\n#cmsmasters_row_69e22c8f07a756_71221754 .cmsmasters_row_outer_parent { \n\tpadding-bottom: 40px; \n} \n\n \n#cmsmasters_heading_69e22c8f07b051_30583133 { \n\ttext-align:left; \n\tmargin-top:0px; \n\tmargin-bottom:-33px; \n} \n\n#cmsmasters_heading_69e22c8f07b051_30583133 .cmsmasters_heading { \n\ttext-align:left; \n} \n\n#cmsmasters_heading_69e22c8f07b051_30583133 .cmsmasters_heading, #cmsmasters_heading_69e22c8f07b051_30583133 .cmsmasters_heading a { \n\tfont-size:28px; \n\tfont-weight:600; \n\tfont-style:normal; \n} \n\n#cmsmasters_heading_69e22c8f07b051_30583133 .cmsmasters_heading_divider { \n} \n\n \n#cmsmasters_row_69e22c8f07b229_78692501 .cmsmasters_row_outer_parent { \n\tpadding-top: 0px; \n} \n\n#cmsmasters_row_69e22c8f07b229_78692501 .cmsmasters_row_outer_parent { \n\tpadding-bottom: 5px; \n} \n\n<\/style><div id=\"cmsmasters_row_69e22c8f0753d1_83012963\" class=\"cmsmasters_row cmsmasters_color_scheme_default cmsmasters_row_top_default cmsmasters_row_bot_default cmsmasters_row_boxed\">\n<div class=\"cmsmasters_row_outer_parent\">\n<div class=\"cmsmasters_row_outer\">\n<div class=\"cmsmasters_row_inner\">\n<div class=\"cmsmasters_row_margin\">\n<div class=\"cmsmasters_column one_first\">\n\n<div id=\"cmsmasters_heading_69e22c8f075df5_62642005\" class=\"cmsmasters_heading_wrap cmsmasters_heading_align_left\">\n\t<h3 class=\"cmsmasters_heading\">Tan\u00fas\u00edtv\u00e1nyok<\/h3>\n<\/div>\n<div id=\"cmsmasters_heading_69e22c8f0765e1_27696152\" class=\"cmsmasters_heading_wrap cmsmasters_heading_align_left\">\n\t<h1 class=\"cmsmasters_heading\">ISO 9001:2015<\/h1>\n<\/div>\n<\/div>\n<\/div>\n<\/div>\n<\/div>\n<\/div>\n<\/div>\n<div id=\"cmsmasters_row_69e22c8f076892_99682427\" class=\"cmsmasters_row cmsmasters_color_scheme_default cmsmasters_row_top_default cmsmasters_row_bot_default cmsmasters_row_boxed\">\n<div class=\"cmsmasters_row_outer_parent\">\n<div class=\"cmsmasters_row_outer\">\n<div class=\"cmsmasters_row_inner\">\n<div class=\"cmsmasters_row_margin\">\n<div class=\"cmsmasters_column one_first\">\n<div class=\"cmsmasters_text\">\n<p>&nbsp;<\/p>\n<\/div>\n<\/div>\n<\/div>\n<\/div>\n<\/div>\n<\/div>\n<\/div>\n<div id=\"cmsmasters_row_69e22c8f077077_05597770\" class=\"cmsmasters_row cmsmasters_color_scheme_default cmsmasters_row_top_default cmsmasters_row_bot_default cmsmasters_row_boxed\">\n<div class=\"cmsmasters_row_outer_parent\">\n<div class=\"cmsmasters_row_outer\">\n<div class=\"cmsmasters_row_inner\">\n<div class=\"cmsmasters_row_margin\">\n<div class=\"cmsmasters_column one_third\">\n<div class=\"aligncenter\">\n<div class=\"cmsmasters_img  cmsmasters_image_c\">\n<img src=\"https:\/\/egervaritrans.hu\/WP\/wp-content\/uploads\/2022\/01\/iso2015-209x300.jpg\" \/>\n<\/div>\n<\/div>\n<\/div>\n<div class=\"cmsmasters_column two_third\">\n<div class=\"cmsmasters_text\">\n<p align=\"justify\">Tov\u00e1bbra is a min\u0151s\u00e9gi szolg\u00e1ltat\u00e1sban hisz\u00fcnk, \u00fagymint a nagyfok\u00fa rugalmass\u00e1g, a gyors reakci\u00f3k\u00e9pess\u00e9g, a sz\u00e1ll\u00edt\u00e1si hat\u00e1rid\u0151k pontos betart\u00e1sa \u00e9s vev\u0151ink min\u0151s\u00e9gi kiszolg\u00e1l\u00e1sa. Err\u0151l  ism\u00e9t bizonys\u00e1got tett\u00fcnk 2021.12.13.-\u00e1n \u00e9s b\u00fcszk\u00e9k vagyunk az\u00a0 \u00a0ISO 9001:2015 tan\u00fas\u00edtv\u00e1nyunkra.<\/p>\n<p align=\"justify\">[\/cm<\/p>\n<\/div>\n<div class=\"cmsmasters_text\">\n<p>&nbsp;<\/p>\n<\/div>\n<\/div>\n<\/div>\n<\/div>\n<\/div>\n<\/div>\n<\/div>\n<div id=\"cmsmasters_row_69e22c8f0795f7_90492110\" class=\"cmsmasters_row cmsmasters_color_scheme_default cmsmasters_row_top_default cmsmasters_row_bot_default cmsmasters_row_boxed\">\n<div class=\"cmsmasters_row_outer_parent\">\n<div class=\"cmsmasters_row_outer\">\n<div class=\"cmsmasters_row_inner\">\n<div class=\"cmsmasters_row_margin\">\n<div class=\"cmsmasters_column one_first\">\n<div class=\"cmsmasters_text\">\n<p>&nbsp;<\/p>\n<\/div>\n<\/div>\n<\/div>\n<\/div>\n<\/div>\n<\/div>\n<\/div>\n<div id=\"cmsmasters_row_69e22c8f079ca8_50200705\" class=\"cmsmasters_row cmsmasters_color_scheme_default cmsmasters_row_top_default cmsmasters_row_bot_default cmsmasters_row_fullwidth\">\n<div class=\"cmsmasters_row_outer_parent\">\n<div class=\"cmsmasters_row_outer\">\n<div class=\"cmsmasters_row_inner cmsmasters_row_fullwidth\">\n<div class=\"cmsmasters_row_margin\">\n<div class=\"cmsmasters_column one_first\">\n\n<div id=\"cmsmasters_divider_69e22c8f07a581_68826640\" class=\"cmsmasters_divider cmsmasters_divider_width_long cmsmasters_divider_pos_center\"><\/div>\n<\/div>\n<\/div>\n<\/div>\n<\/div>\n<\/div>\n<\/div>\n<div id=\"cmsmasters_row_69e22c8f07a756_71221754\" class=\"cmsmasters_row cmsmasters_color_scheme_default cmsmasters_row_top_default cmsmasters_row_bot_default cmsmasters_row_boxed\">\n<div class=\"cmsmasters_row_outer_parent\">\n<div class=\"cmsmasters_row_outer\">\n<div class=\"cmsmasters_row_inner\">\n<div class=\"cmsmasters_row_margin\">\n<div class=\"cmsmasters_column one_first\">\n\n<div id=\"cmsmasters_heading_69e22c8f07b051_30583133\" class=\"cmsmasters_heading_wrap cmsmasters_heading_align_left\">\n\t<h1 class=\"cmsmasters_heading\">ISO 9002:1994<\/h1>\n<\/div>\n<\/div>\n<\/div>\n<\/div>\n<\/div>\n<\/div>\n<\/div>\n<div id=\"cmsmasters_row_69e22c8f07b229_78692501\" class=\"cmsmasters_row cmsmasters_color_scheme_default cmsmasters_row_top_default cmsmasters_row_bot_default cmsmasters_row_boxed\">\n<div class=\"cmsmasters_row_outer_parent\">\n<div class=\"cmsmasters_row_outer\">\n<div class=\"cmsmasters_row_inner\">\n<div class=\"cmsmasters_row_margin\">\n<div class=\"cmsmasters_column one_third\">\n<div class=\"aligncenter\">\n<div class=\"cmsmasters_img  cmsmasters_image_c\">\n<img src=\"https:\/\/egervaritrans.hu\/WP\/wp-content\/uploads\/2021\/05\/cert.jpg\" \/>\n<\/div>\n<\/div>\n<\/div>\n<div class=\"cmsmasters_column two_third\">\n<div class=\"cmsmasters_text\">\n<p align=\"justify\">C\u00e9lunk, hogy a szolg\u00e1ltat\u00e1sainkat a k\u00edv\u00e1nt id\u0151re \u00e9s a megadott felt\u00e9teleknek megfelel\u0151en bocs\u00e1ssuk megb\u00edz\u00f3ink rendelkez\u00e9s\u00e9re. Ezen c\u00e9l  \u00e9rdek\u00e9ben alak\u00edtjuk ki mindenkori bels\u0151 szervez\u00e9si gyakorlatunkat, munkam\u00f3dszereinket \u00e9s ellen\u0151rz\u00e9si rendszereinket.<\/p>\n<p align=\"justify\">C\u00e9g\u00fcnk el\u00e9rve \u00e9s tartva ezt a sz\u00ednvonalat m\u00e1r 1999-ben megszerezte az \u00c9MI-T\u00dcV BAYERN Kft. \u00e9gisze alatt az ISO 9002:1994 min\u0151s\u00edt\u00e9st.<\/p>\n<\/div>\n<\/div>\n<\/div>\n<\/div>\n<\/div>\n<\/div>\n<\/div>\n<div id=\"cmsmasters_row_69e22c8f07caf2_13797111\" class=\"cmsmasters_row cmsmasters_color_scheme_default cmsmasters_row_top_default cmsmasters_row_bot_default cmsmasters_row_boxed\">\n<div class=\"cmsmasters_row_outer_parent\">\n<div class=\"cmsmasters_row_outer\">\n<div class=\"cmsmasters_row_inner\">\n<div class=\"cmsmasters_row_margin\">\n<div class=\"cmsmasters_column one_first\">\n<div class=\"cmsmasters_text\">\n<p>&nbsp;<\/p>\n<\/div>\n<\/div>\n<\/div>\n<\/div>\n<\/div>\n<\/div>\n<\/div>\n\n","protected":false},"excerpt":{"rendered":"","protected":false},"author":1,"featured_media":0,"parent":0,"menu_order":0,"comment_status":"closed","ping_status":"closed","template":"","meta":[],"yoast_head":"<!-- This site is optimized with the Yoast SEO plugin v19.1 - https:\/\/yoast.com\/wordpress\/plugins\/seo\/ -->\n<title>Tan\u00fas\u00edtv\u00e1nyok - Egerv\u00e1ri Trans<\/title>\n<meta name=\"robots\" content=\"index, follow, max-snippet:-1, max-image-preview:large, max-video-preview:-1\" \/>\n<link rel=\"canonical\" href=\"https:\/\/egervaritrans.hu\/WP\/tanusitvany\/\" \/>\n<meta property=\"og:locale\" content=\"hu_HU\" \/>\n<meta property=\"og:type\" content=\"article\" \/>\n<meta property=\"og:title\" content=\"Tan\u00fas\u00edtv\u00e1nyok - Egerv\u00e1ri Trans\" \/>\n<meta property=\"og:url\" content=\"https:\/\/egervaritrans.hu\/WP\/tanusitvany\/\" \/>\n<meta property=\"og:site_name\" content=\"Egerv\u00e1ri Trans\" \/>\n<meta property=\"article:publisher\" content=\"https:\/\/hu-hu.facebook.com\/egervaritrans\/\" \/>\n<meta property=\"article:modified_time\" content=\"2023-12-02T01:25:09+00:00\" \/>\n<meta name=\"twitter:card\" content=\"summary_large_image\" \/>\n<meta name=\"twitter:label1\" content=\"Becs\u00fclt olvas\u00e1si id\u0151\" \/>\n\t<meta name=\"twitter:data1\" content=\"2 perc\" \/>\n<script type=\"application\/ld+json\" class=\"yoast-schema-graph\">{\"@context\":\"https:\/\/schema.org\",\"@graph\":[{\"@type\":\"WebSite\",\"@id\":\"https:\/\/egervaritrans.hu\/WP\/#website\",\"url\":\"https:\/\/egervaritrans.hu\/WP\/\",\"name\":\"Egerv\u00e1ri Trans\",\"description\":\"Sz\u00e1ll\u00edtm\u00e1nyoz\u00e1s, rakt\u00e1roz\u00e1s, \u00e9p\u00edt\u0151anyag depo\",\"potentialAction\":[{\"@type\":\"SearchAction\",\"target\":{\"@type\":\"EntryPoint\",\"urlTemplate\":\"https:\/\/egervaritrans.hu\/WP\/?s={search_term_string}\"},\"query-input\":\"required name=search_term_string\"}],\"inLanguage\":\"hu\"},{\"@type\":\"WebPage\",\"@id\":\"https:\/\/egervaritrans.hu\/WP\/tanusitvany\/#webpage\",\"url\":\"https:\/\/egervaritrans.hu\/WP\/tanusitvany\/\",\"name\":\"Tan\u00fas\u00edtv\u00e1nyok - Egerv\u00e1ri Trans\",\"isPartOf\":{\"@id\":\"https:\/\/egervaritrans.hu\/WP\/#website\"},\"datePublished\":\"2021-05-06T12:40:48+00:00\",\"dateModified\":\"2023-12-02T01:25:09+00:00\",\"breadcrumb\":{\"@id\":\"https:\/\/egervaritrans.hu\/WP\/tanusitvany\/#breadcrumb\"},\"inLanguage\":\"hu\",\"potentialAction\":[{\"@type\":\"ReadAction\",\"target\":[\"https:\/\/egervaritrans.hu\/WP\/tanusitvany\/\"]}]},{\"@type\":\"BreadcrumbList\",\"@id\":\"https:\/\/egervaritrans.hu\/WP\/tanusitvany\/#breadcrumb\",\"itemListElement\":[{\"@type\":\"ListItem\",\"position\":1,\"name\":\"Home\",\"item\":\"https:\/\/egervaritrans.hu\/WP\/\"},{\"@type\":\"ListItem\",\"position\":2,\"name\":\"Tan\u00fas\u00edtv\u00e1nyok\"}]}]}<\/script>\n<!-- \/ Yoast SEO plugin. -->","yoast_head_json":{"title":"Tan\u00fas\u00edtv\u00e1nyok - Egerv\u00e1ri Trans","robots":{"index":"index","follow":"follow","max-snippet":"max-snippet:-1","max-image-preview":"max-image-preview:large","max-video-preview":"max-video-preview:-1"},"canonical":"https:\/\/egervaritrans.hu\/WP\/tanusitvany\/","og_locale":"hu_HU","og_type":"article","og_title":"Tan\u00fas\u00edtv\u00e1nyok - Egerv\u00e1ri Trans","og_url":"https:\/\/egervaritrans.hu\/WP\/tanusitvany\/","og_site_name":"Egerv\u00e1ri Trans","article_publisher":"https:\/\/hu-hu.facebook.com\/egervaritrans\/","article_modified_time":"2023-12-02T01:25:09+00:00","twitter_card":"summary_large_image","twitter_misc":{"Becs\u00fclt olvas\u00e1si id\u0151":"2 perc"},"schema":{"@context":"https:\/\/schema.org","@graph":[{"@type":"WebSite","@id":"https:\/\/egervaritrans.hu\/WP\/#website","url":"https:\/\/egervaritrans.hu\/WP\/","name":"Egerv\u00e1ri Trans","description":"Sz\u00e1ll\u00edtm\u00e1nyoz\u00e1s, rakt\u00e1roz\u00e1s, \u00e9p\u00edt\u0151anyag depo","potentialAction":[{"@type":"SearchAction","target":{"@type":"EntryPoint","urlTemplate":"https:\/\/egervaritrans.hu\/WP\/?s={search_term_string}"},"query-input":"required name=search_term_string"}],"inLanguage":"hu"},{"@type":"WebPage","@id":"https:\/\/egervaritrans.hu\/WP\/tanusitvany\/#webpage","url":"https:\/\/egervaritrans.hu\/WP\/tanusitvany\/","name":"Tan\u00fas\u00edtv\u00e1nyok - Egerv\u00e1ri Trans","isPartOf":{"@id":"https:\/\/egervaritrans.hu\/WP\/#website"},"datePublished":"2021-05-06T12:40:48+00:00","dateModified":"2023-12-02T01:25:09+00:00","breadcrumb":{"@id":"https:\/\/egervaritrans.hu\/WP\/tanusitvany\/#breadcrumb"},"inLanguage":"hu","potentialAction":[{"@type":"ReadAction","target":["https:\/\/egervaritrans.hu\/WP\/tanusitvany\/"]}]},{"@type":"BreadcrumbList","@id":"https:\/\/egervaritrans.hu\/WP\/tanusitvany\/#breadcrumb","itemListElement":[{"@type":"ListItem","position":1,"name":"Home","item":"https:\/\/egervaritrans.hu\/WP\/"},{"@type":"ListItem","position":2,"name":"Tan\u00fas\u00edtv\u00e1nyok"}]}]}},"_links":{"self":[{"href":"https:\/\/egervaritrans.hu\/WP\/wp-json\/wp\/v2\/pages\/8273"}],"collection":[{"href":"https:\/\/egervaritrans.hu\/WP\/wp-json\/wp\/v2\/pages"}],"about":[{"href":"https:\/\/egervaritrans.hu\/WP\/wp-json\/wp\/v2\/types\/page"}],"author":[{"embeddable":true,"href":"https:\/\/egervaritrans.hu\/WP\/wp-json\/wp\/v2\/users\/1"}],"replies":[{"embeddable":true,"href":"https:\/\/egervaritrans.hu\/WP\/wp-json\/wp\/v2\/comments?post=8273"}],"version-history":[{"count":18,"href":"https:\/\/egervaritrans.hu\/WP\/wp-json\/wp\/v2\/pages\/8273\/revisions"}],"predecessor-version":[{"id":9092,"href":"https:\/\/egervaritrans.hu\/WP\/wp-json\/wp\/v2\/pages\/8273\/revisions\/9092"}],"wp:attachment":[{"href":"https:\/\/egervaritrans.hu\/WP\/wp-json\/wp\/v2\/media?parent=8273"}],"curies":[{"name":"wp","href":"https:\/\/api.w.org\/{rel}","templated":true}]}}