{"id":8282,"date":"2021-05-06T13:38:38","date_gmt":"2021-05-06T13:38:38","guid":{"rendered":"http:\/\/egervaritrans.hu\/WP\/?page_id=8282"},"modified":"2023-12-02T01:24:39","modified_gmt":"2023-12-02T01:24:39","slug":"szallito","status":"publish","type":"page","link":"https:\/\/egervaritrans.hu\/WP\/szallito\/","title":{"rendered":"Sz\u00e1ll\u00edt\u00f3eszk\u00f6z\u00f6k"},"content":{"rendered":"<style type=\"text\/css\"> \n#cmsmasters_row_69e22a22243ee7_56701210 .cmsmasters_row_outer_parent { \n\tpadding-top: 0px; \n} \n\n#cmsmasters_row_69e22a22243ee7_56701210 .cmsmasters_row_outer_parent { \n\tpadding-bottom: 50px; \n} \n\n \n#cmsmasters_row_69e22a22244459_81512579 .cmsmasters_row_outer_parent { \n\tpadding-top: 0px; \n} \n\n#cmsmasters_row_69e22a22244459_81512579 .cmsmasters_row_outer_parent { \n\tpadding-bottom: 10px; \n} \n\n \n#cmsmasters_heading_69e22a22245182_26998777 { \n\ttext-align:left; \n\tmargin-top:0px; \n\tmargin-bottom:0px; \n} \n\n#cmsmasters_heading_69e22a22245182_26998777 .cmsmasters_heading { \n\ttext-align:left; \n} \n\n#cmsmasters_heading_69e22a22245182_26998777 .cmsmasters_heading, #cmsmasters_heading_69e22a22245182_26998777 .cmsmasters_heading a { \n\tfont-family:'Roboto Condensed'; \n\tfont-size:18px; \n\tline-height:24px; \n\tfont-weight:600; \n\tfont-style:normal; \n\tcolor:#a8a8a8;\n} \n\n#cmsmasters_heading_69e22a22245182_26998777 .cmsmasters_heading_divider { \n} \n\n \n#cmsmasters_heading_69e22a22245759_78931434 { \n\ttext-align:left; \n\tmargin-top:0px; \n\tmargin-bottom:20px; \n} \n\n#cmsmasters_heading_69e22a22245759_78931434 .cmsmasters_heading { \n\ttext-align:left; \n} \n\n#cmsmasters_heading_69e22a22245759_78931434 .cmsmasters_heading, #cmsmasters_heading_69e22a22245759_78931434 .cmsmasters_heading a { \n\tfont-size:28px; \n\tfont-weight:600; \n\tfont-style:normal; \n} \n\n#cmsmasters_heading_69e22a22245759_78931434 .cmsmasters_heading_divider { \n} \n\n \n#cmsmasters_divider_69e22a22245c71_65816824 { \n\tborder-bottom-width:1px; \n\tborder-bottom-style:solid; \n\tpadding-top:0px; \n\tmargin-bottom:40px; \n} \n \n#cmsmasters_row_69e22a22246141_99069377 .cmsmasters_row_outer_parent { \n\tpadding-top: 0px; \n} \n\n#cmsmasters_row_69e22a22246141_99069377 .cmsmasters_row_outer_parent { \n\tpadding-bottom: 10px; \n} \n\n \n#cmsmasters_row_69e22a2224db27_48839111 { \n\tbackground-color:#ffffff;\n} \n\n#cmsmasters_row_69e22a2224db27_48839111 .cmsmasters_row_outer_parent { \n\tpadding-top: 70px; \n} \n\n#cmsmasters_row_69e22a2224db27_48839111 .cmsmasters_row_outer_parent { \n\tpadding-bottom: 60px; \n} \n\n \n#cmsmasters_heading_69e22a2224e5e7_67110447 { \n\ttext-align:left; \n\tmargin-top:0px; \n\tmargin-bottom:0px; \n} \n\n#cmsmasters_heading_69e22a2224e5e7_67110447 .cmsmasters_heading { \n\ttext-align:left; \n} \n\n#cmsmasters_heading_69e22a2224e5e7_67110447 .cmsmasters_heading, #cmsmasters_heading_69e22a2224e5e7_67110447 .cmsmasters_heading a { \n\tfont-family:'Roboto Condensed'; \n\tfont-size:18px; \n\tline-height:24px; \n\tfont-weight:600; \n\tfont-style:normal; \n\tcolor:#a8a8a8;\n} \n\n#cmsmasters_heading_69e22a2224e5e7_67110447 .cmsmasters_heading_divider { \n} \n\n \n#cmsmasters_heading_69e22a2224ebb6_61758018 { \n\ttext-align:left; \n\tmargin-top:0px; \n\tmargin-bottom:60px; \n} \n\n#cmsmasters_heading_69e22a2224ebb6_61758018 .cmsmasters_heading { \n\ttext-align:left; \n} \n\n#cmsmasters_heading_69e22a2224ebb6_61758018 .cmsmasters_heading, #cmsmasters_heading_69e22a2224ebb6_61758018 .cmsmasters_heading a { \n\tfont-size:28px; \n\tfont-weight:600; \n\tfont-style:normal; \n} \n\n#cmsmasters_heading_69e22a2224ebb6_61758018 .cmsmasters_heading_divider { \n} \n\n <\/style><div id=\"cmsmasters_row_69e22a22243ee7_56701210\" class=\"cmsmasters_row cmsmasters_color_scheme_default cmsmasters_row_top_default cmsmasters_row_bot_default cmsmasters_row_boxed\">\n<div class=\"cmsmasters_row_outer_parent\">\n<div class=\"cmsmasters_row_outer\">\n<div class=\"cmsmasters_row_inner\">\n<div class=\"cmsmasters_row_margin\">\n<div class=\"cmsmasters_column one_first\">\n<\/div>\n<\/div>\n<\/div>\n<\/div>\n<\/div>\n<\/div>\n<div id=\"cmsmasters_row_69e22a22244459_81512579\" class=\"cmsmasters_row cmsmasters_color_scheme_default cmsmasters_row_top_default cmsmasters_row_bot_default cmsmasters_row_boxed\">\n<div class=\"cmsmasters_row_outer_parent\">\n<div class=\"cmsmasters_row_outer\">\n<div class=\"cmsmasters_row_inner\">\n<div class=\"cmsmasters_row_margin\">\n<div class=\"cmsmasters_column one_first\">\n\n<div id=\"cmsmasters_heading_69e22a22245182_26998777\" class=\"cmsmasters_heading_wrap cmsmasters_heading_align_left\">\n\t<h3 class=\"cmsmasters_heading\">Eszk\u00f6zpark<\/h3>\n<\/div>\n<div id=\"cmsmasters_heading_69e22a22245759_78931434\" class=\"cmsmasters_heading_wrap cmsmasters_heading_align_left\">\n\t<h1 class=\"cmsmasters_heading\">Sz\u00e1ll\u00edt\u00f3eszk\u00f6z\u00f6k<\/h1>\n<\/div>\n\n<div id=\"cmsmasters_divider_69e22a22245c71_65816824\" class=\"cmsmasters_divider cmsmasters_divider_width_long cmsmasters_divider_pos_center\"><\/div>\n<div class=\"cmsmasters_text\">\n<p align=\"justify\">Korszer\u0171 szerelv\u00e9nyekb\u0151l \u00e1ll\u00f3 flott\u00e1nk gerinc\u00e9t 90-100 m3-es, 24 tonna terhelhet\u0151s\u00e9g\u0171, 38 raklaphellyel b\u00edr\u00f3 szerelv\u00e9nyek alkotj\u00e1k.\u00a0 \u00a0Az Egerv\u00e1ri Trans folyamatos j\u00e1rm\u0171park-fejleszt\u00e9si programj\u00e1nak k\u00f6sz\u00f6nhet\u0151en a fuvareszk\u00f6z\u00f6k \u00e1tlagos \u00e9letkora 3 \u00e9v.<\/p>\n<\/div>\n<\/div>\n<\/div>\n<\/div>\n<\/div>\n<\/div>\n<\/div>\n<div id=\"cmsmasters_row_69e22a22246141_99069377\" class=\"cmsmasters_row cmsmasters_color_scheme_default cmsmasters_row_top_default cmsmasters_row_bot_default cmsmasters_row_boxed\">\n<div class=\"cmsmasters_row_outer_parent\">\n<div class=\"cmsmasters_row_outer\">\n<div class=\"cmsmasters_row_inner\">\n<div class=\"cmsmasters_row_margin\">\n<div class=\"cmsmasters_column two_third\">\n<div class=\"cmsmasters_content_slider_wrap\" style=\"max-width:580px;\">\n<script type=\"text\/javascript\">jQuery(document).ready(function () { jQuery(\"#cmsmasters_slider_69e22a22246b68_18197578.cmsmasters_content_slider\").owlCarousel( { singleItem : true, transitionStyle: false, rewindSpeed : 1000, slideSpeed : 600, autoHeight : true, paginationSpeed : \t600, autoPlay : 2000,navigationText : \t[ \"<span class=\\\"cmsmasters_prev_arrow\\\"><span><\/span><\/span>\", \"<span class=\\\"cmsmasters_next_arrow\\\"><span><\/span><\/span>\" ] } );} );<\/script>\n<div id=\"cmsmasters_slider_69e22a22246b68_18197578\" class=\"cmsmasters_content_slider cmsmasters_owl_slider owl-carousel\">\n<div class=\"cmsmasters_content_slider_item\"><img width=\"580\" height=\"350\" src=\"https:\/\/egervaritrans.hu\/WP\/wp-content\/uploads\/2021\/05\/gk1-580x350.jpg\" class=\"attachment-cmsmasters-blog-masonry-thumb size-cmsmasters-blog-masonry-thumb\" alt=\"\" loading=\"lazy\" \/><\/div><div class=\"cmsmasters_content_slider_item\"><img width=\"580\" height=\"350\" src=\"https:\/\/egervaritrans.hu\/WP\/wp-content\/uploads\/2021\/05\/gk2-580x350.jpg\" class=\"attachment-cmsmasters-blog-masonry-thumb size-cmsmasters-blog-masonry-thumb\" alt=\"\" loading=\"lazy\" \/><\/div><div class=\"cmsmasters_content_slider_item\"><img width=\"580\" height=\"350\" src=\"https:\/\/egervaritrans.hu\/WP\/wp-content\/uploads\/2021\/05\/gk3-580x350.jpg\" class=\"attachment-cmsmasters-blog-masonry-thumb size-cmsmasters-blog-masonry-thumb\" alt=\"\" loading=\"lazy\" \/><\/div><div class=\"cmsmasters_content_slider_item\"><img width=\"580\" height=\"350\" src=\"https:\/\/egervaritrans.hu\/WP\/wp-content\/uploads\/2021\/05\/gk4-580x350.jpg\" class=\"attachment-cmsmasters-blog-masonry-thumb size-cmsmasters-blog-masonry-thumb\" alt=\"\" loading=\"lazy\" \/><\/div><div class=\"cmsmasters_content_slider_item\"><img width=\"580\" height=\"350\" src=\"https:\/\/egervaritrans.hu\/WP\/wp-content\/uploads\/2021\/05\/gep4-580x350.jpg\" class=\"attachment-cmsmasters-blog-masonry-thumb size-cmsmasters-blog-masonry-thumb\" alt=\"\" loading=\"lazy\" \/><\/div><\/div>\n<\/div>\n<\/div>\n<div class=\"cmsmasters_column one_third\">\n<div class=\"cmsmasters_text\">\n<p align=\"justify\">T\u00e1rsas\u00e1gunk Volvo \u00a0DAF, MAN, \u00e9s Schmitz Varios gy\u00e1rtm\u00e1ny\u00fa j\u00e1rm\u0171vekkel, p\u00f3tkocsikkal v\u00e9gzi .<\/p>\n<p align=\"justify\">J\u00e1rm\u0171veink param\u00e9terei:<\/p>\n<ul>\n<li>13 db 24 tonn\u00e1s nyerges szerelv\u00e9ny (HxSZxM)\u00a0 13.6m x 2.5m x 2.7-3.0m<\/li>\n<li>4db 5 tonn\u00e1s teherg\u00e9pkocsi (HxSZxM)\u00a0 8.0m x 2.5m x 2.8m<\/li>\n<li>1db\u00a0 8 tonn\u00e1s teherg\u00e9pkocsi (HxSZxM)\u00a0 7.0m x 2.5m x 2.8m<\/li>\n<li>2db\u00a0 1.5\u00a0tonn\u00e1s teherg\u00e9pkocsi (HxSZxM)\u00a0 4.2.0m x 2.2m x 2.6m<\/li>\n<\/ul>\n<\/div>\n<\/div>\n<\/div>\n<\/div>\n<\/div>\n<\/div>\n<\/div>\n<div id=\"cmsmasters_row_69e22a2224d309_98466851\" class=\"cmsmasters_row cmsmasters_color_scheme_default cmsmasters_row_top_default cmsmasters_row_bot_default cmsmasters_row_boxed\">\n<div class=\"cmsmasters_row_outer_parent\">\n<div class=\"cmsmasters_row_outer\">\n<div class=\"cmsmasters_row_inner\">\n<div class=\"cmsmasters_row_margin\">\n<div class=\"cmsmasters_column one_first\">\n<div class=\"cmsmasters_text\">\n<p>&nbsp;<\/p>\n<\/div>\n<\/div>\n<\/div>\n<\/div>\n<\/div>\n<\/div>\n<\/div>\n<div id=\"cmsmasters_row_69e22a2224db27_48839111\" class=\"cmsmasters_row cmsmasters_color_scheme_default cmsmasters_row_top_default cmsmasters_row_bot_default cmsmasters_row_boxed\">\n<div class=\"cmsmasters_row_outer_parent\">\n<div class=\"cmsmasters_row_outer\">\n<div class=\"cmsmasters_row_inner\">\n<div class=\"cmsmasters_row_margin\">\n<div class=\"cmsmasters_column one_first\">\n\n<div id=\"cmsmasters_heading_69e22a2224e5e7_67110447\" class=\"cmsmasters_heading_wrap cmsmasters_heading_align_left\">\n\t<h3 class=\"cmsmasters_heading\">Egy kis statisztika<\/h3>\n<\/div>\n<div id=\"cmsmasters_heading_69e22a2224ebb6_61758018\" class=\"cmsmasters_heading_wrap cmsmasters_heading_align_left\">\n\t<h1 class=\"cmsmasters_heading\">Logisztikai m\u00e9r\u0151sz\u00e1maink<\/h1>\n<\/div> \n<div class=\"cmsmasters_stats stats_mode_circles stats_type_horizontal\"><div class=\"cmsmasters_stat_wrap one_fourth\">\n<div id=\"cmsmasters_stat_69e22a2225093\" class=\"cmsmasters_stat\" data-percent=\"47\">\n<div class=\"cmsmasters_stat_inner\">\n<span class=\"cmsmasters_stat_counter_wrap\">\n<span class=\"cmsmasters_stat_counter\">94<\/span><span class=\"cmsmasters_stat_units\">%<\/span>\n<\/span>\n<\/div>\n<\/div>\n<span class=\"cmsmasters_stat_title\">K\u00f6z\u00fati sz\u00e1ll\u00edt\u00e1s<\/span>\n<\/div><div class=\"cmsmasters_stat_wrap one_fourth\">\n<div id=\"cmsmasters_stat_69e22a2225155\" class=\"cmsmasters_stat\" data-percent=\"12\">\n<div class=\"cmsmasters_stat_inner\">\n<span class=\"cmsmasters_stat_counter_wrap\">\n<span class=\"cmsmasters_stat_counter\">24<\/span><span class=\"cmsmasters_stat_units\">%<\/span>\n<\/span>\n<\/div>\n<\/div>\n<span class=\"cmsmasters_stat_title\">Belf\u00f6ldi sz\u00e1ll\u00edt\u00e1s<\/span>\n<\/div><div class=\"cmsmasters_stat_wrap one_fourth\">\n<div id=\"cmsmasters_stat_69e22a2225212\" class=\"cmsmasters_stat\" data-percent=\"38\">\n<div class=\"cmsmasters_stat_inner\">\n<span class=\"cmsmasters_stat_counter_wrap\">\n<span class=\"cmsmasters_stat_counter\">76<\/span><span class=\"cmsmasters_stat_units\">%<\/span>\n<\/span>\n<\/div>\n<\/div>\n<span class=\"cmsmasters_stat_title\">K\u00fclf\u00f6ldi sz\u00e1ll\u00edt\u00e1s<\/span>\n<\/div><div class=\"cmsmasters_stat_wrap one_fourth\">\n<div id=\"cmsmasters_stat_69e22a22252c1\" class=\"cmsmasters_stat\" data-percent=\"41.5\">\n<div class=\"cmsmasters_stat_inner\">\n<span class=\"cmsmasters_stat_counter_wrap\">\n<span class=\"cmsmasters_stat_counter\">83<\/span><span class=\"cmsmasters_stat_units\">%<\/span>\n<\/span>\n<\/div>\n<\/div>\n<span class=\"cmsmasters_stat_title\">Rakt\u00e1r kihaszn\u00e1lts\u00e1g<\/span>\n<\/div><\/div>\n<\/div>\n<\/div>\n<\/div>\n<\/div>\n<\/div>\n<\/div>\n\n","protected":false},"excerpt":{"rendered":"","protected":false},"author":1,"featured_media":0,"parent":0,"menu_order":0,"comment_status":"closed","ping_status":"closed","template":"","meta":[],"yoast_head":"<!-- This site is optimized with the Yoast SEO plugin v19.1 - https:\/\/yoast.com\/wordpress\/plugins\/seo\/ -->\n<title>Sz\u00e1ll\u00edt\u00f3eszk\u00f6z\u00f6k - Egerv\u00e1ri Trans<\/title>\n<meta name=\"robots\" content=\"index, follow, max-snippet:-1, max-image-preview:large, max-video-preview:-1\" \/>\n<link rel=\"canonical\" href=\"https:\/\/egervaritrans.hu\/WP\/szallito\/\" \/>\n<meta property=\"og:locale\" content=\"hu_HU\" \/>\n<meta property=\"og:type\" content=\"article\" \/>\n<meta property=\"og:title\" content=\"Sz\u00e1ll\u00edt\u00f3eszk\u00f6z\u00f6k - Egerv\u00e1ri Trans\" \/>\n<meta property=\"og:url\" content=\"https:\/\/egervaritrans.hu\/WP\/szallito\/\" \/>\n<meta property=\"og:site_name\" content=\"Egerv\u00e1ri Trans\" \/>\n<meta property=\"article:publisher\" content=\"https:\/\/hu-hu.facebook.com\/egervaritrans\/\" \/>\n<meta property=\"article:modified_time\" content=\"2023-12-02T01:24:39+00:00\" \/>\n<meta name=\"twitter:card\" content=\"summary_large_image\" \/>\n<meta name=\"twitter:label1\" content=\"Becs\u00fclt olvas\u00e1si id\u0151\" \/>\n\t<meta name=\"twitter:data1\" content=\"1 perc\" \/>\n<script type=\"application\/ld+json\" class=\"yoast-schema-graph\">{\"@context\":\"https:\/\/schema.org\",\"@graph\":[{\"@type\":\"WebSite\",\"@id\":\"https:\/\/egervaritrans.hu\/WP\/#website\",\"url\":\"https:\/\/egervaritrans.hu\/WP\/\",\"name\":\"Egerv\u00e1ri Trans\",\"description\":\"Sz\u00e1ll\u00edtm\u00e1nyoz\u00e1s, rakt\u00e1roz\u00e1s, \u00e9p\u00edt\u0151anyag depo\",\"potentialAction\":[{\"@type\":\"SearchAction\",\"target\":{\"@type\":\"EntryPoint\",\"urlTemplate\":\"https:\/\/egervaritrans.hu\/WP\/?s={search_term_string}\"},\"query-input\":\"required name=search_term_string\"}],\"inLanguage\":\"hu\"},{\"@type\":\"WebPage\",\"@id\":\"https:\/\/egervaritrans.hu\/WP\/szallito\/#webpage\",\"url\":\"https:\/\/egervaritrans.hu\/WP\/szallito\/\",\"name\":\"Sz\u00e1ll\u00edt\u00f3eszk\u00f6z\u00f6k - Egerv\u00e1ri Trans\",\"isPartOf\":{\"@id\":\"https:\/\/egervaritrans.hu\/WP\/#website\"},\"datePublished\":\"2021-05-06T13:38:38+00:00\",\"dateModified\":\"2023-12-02T01:24:39+00:00\",\"breadcrumb\":{\"@id\":\"https:\/\/egervaritrans.hu\/WP\/szallito\/#breadcrumb\"},\"inLanguage\":\"hu\",\"potentialAction\":[{\"@type\":\"ReadAction\",\"target\":[\"https:\/\/egervaritrans.hu\/WP\/szallito\/\"]}]},{\"@type\":\"BreadcrumbList\",\"@id\":\"https:\/\/egervaritrans.hu\/WP\/szallito\/#breadcrumb\",\"itemListElement\":[{\"@type\":\"ListItem\",\"position\":1,\"name\":\"Home\",\"item\":\"https:\/\/egervaritrans.hu\/WP\/\"},{\"@type\":\"ListItem\",\"position\":2,\"name\":\"Sz\u00e1ll\u00edt\u00f3eszk\u00f6z\u00f6k\"}]}]}<\/script>\n<!-- \/ Yoast SEO plugin. -->","yoast_head_json":{"title":"Sz\u00e1ll\u00edt\u00f3eszk\u00f6z\u00f6k - Egerv\u00e1ri Trans","robots":{"index":"index","follow":"follow","max-snippet":"max-snippet:-1","max-image-preview":"max-image-preview:large","max-video-preview":"max-video-preview:-1"},"canonical":"https:\/\/egervaritrans.hu\/WP\/szallito\/","og_locale":"hu_HU","og_type":"article","og_title":"Sz\u00e1ll\u00edt\u00f3eszk\u00f6z\u00f6k - Egerv\u00e1ri Trans","og_url":"https:\/\/egervaritrans.hu\/WP\/szallito\/","og_site_name":"Egerv\u00e1ri Trans","article_publisher":"https:\/\/hu-hu.facebook.com\/egervaritrans\/","article_modified_time":"2023-12-02T01:24:39+00:00","twitter_card":"summary_large_image","twitter_misc":{"Becs\u00fclt olvas\u00e1si id\u0151":"1 perc"},"schema":{"@context":"https:\/\/schema.org","@graph":[{"@type":"WebSite","@id":"https:\/\/egervaritrans.hu\/WP\/#website","url":"https:\/\/egervaritrans.hu\/WP\/","name":"Egerv\u00e1ri Trans","description":"Sz\u00e1ll\u00edtm\u00e1nyoz\u00e1s, rakt\u00e1roz\u00e1s, \u00e9p\u00edt\u0151anyag depo","potentialAction":[{"@type":"SearchAction","target":{"@type":"EntryPoint","urlTemplate":"https:\/\/egervaritrans.hu\/WP\/?s={search_term_string}"},"query-input":"required name=search_term_string"}],"inLanguage":"hu"},{"@type":"WebPage","@id":"https:\/\/egervaritrans.hu\/WP\/szallito\/#webpage","url":"https:\/\/egervaritrans.hu\/WP\/szallito\/","name":"Sz\u00e1ll\u00edt\u00f3eszk\u00f6z\u00f6k - Egerv\u00e1ri Trans","isPartOf":{"@id":"https:\/\/egervaritrans.hu\/WP\/#website"},"datePublished":"2021-05-06T13:38:38+00:00","dateModified":"2023-12-02T01:24:39+00:00","breadcrumb":{"@id":"https:\/\/egervaritrans.hu\/WP\/szallito\/#breadcrumb"},"inLanguage":"hu","potentialAction":[{"@type":"ReadAction","target":["https:\/\/egervaritrans.hu\/WP\/szallito\/"]}]},{"@type":"BreadcrumbList","@id":"https:\/\/egervaritrans.hu\/WP\/szallito\/#breadcrumb","itemListElement":[{"@type":"ListItem","position":1,"name":"Home","item":"https:\/\/egervaritrans.hu\/WP\/"},{"@type":"ListItem","position":2,"name":"Sz\u00e1ll\u00edt\u00f3eszk\u00f6z\u00f6k"}]}]}},"_links":{"self":[{"href":"https:\/\/egervaritrans.hu\/WP\/wp-json\/wp\/v2\/pages\/8282"}],"collection":[{"href":"https:\/\/egervaritrans.hu\/WP\/wp-json\/wp\/v2\/pages"}],"about":[{"href":"https:\/\/egervaritrans.hu\/WP\/wp-json\/wp\/v2\/types\/page"}],"author":[{"embeddable":true,"href":"https:\/\/egervaritrans.hu\/WP\/wp-json\/wp\/v2\/users\/1"}],"replies":[{"embeddable":true,"href":"https:\/\/egervaritrans.hu\/WP\/wp-json\/wp\/v2\/comments?post=8282"}],"version-history":[{"count":28,"href":"https:\/\/egervaritrans.hu\/WP\/wp-json\/wp\/v2\/pages\/8282\/revisions"}],"predecessor-version":[{"id":9091,"href":"https:\/\/egervaritrans.hu\/WP\/wp-json\/wp\/v2\/pages\/8282\/revisions\/9091"}],"wp:attachment":[{"href":"https:\/\/egervaritrans.hu\/WP\/wp-json\/wp\/v2\/media?parent=8282"}],"curies":[{"name":"wp","href":"https:\/\/api.w.org\/{rel}","templated":true}]}}