{"id":8548,"date":"2021-05-10T12:03:57","date_gmt":"2021-05-10T12:03:57","guid":{"rendered":"http:\/\/egervaritrans.hu\/WP\/?page_id=8548"},"modified":"2026-02-19T07:58:32","modified_gmt":"2026-02-19T07:58:32","slug":"ground-cargo","status":"publish","type":"page","link":"https:\/\/egervaritrans.hu\/WP\/en\/ground-cargo\/","title":{"rendered":"Road Transportation"},"content":{"rendered":"<style type=\"text\/css\"> \n#cmsmasters_row_69e2422a8de962_79159785 .cmsmasters_row_outer_parent { \n\tpadding-top: 0px; \n} \n\n#cmsmasters_row_69e2422a8de962_79159785 .cmsmasters_row_outer_parent { \n\tpadding-bottom: 10px; \n} \n\n \n#cmsmasters_heading_69e2422a8df808_55903313 { \n\ttext-align:left; \n\tmargin-top:0px; \n\tmargin-bottom:0px; \n} \n\n#cmsmasters_heading_69e2422a8df808_55903313 .cmsmasters_heading { \n\ttext-align:left; \n} \n\n#cmsmasters_heading_69e2422a8df808_55903313 .cmsmasters_heading, #cmsmasters_heading_69e2422a8df808_55903313 .cmsmasters_heading a { \n\tfont-family:'Roboto Condensed'; \n\tfont-size:18px; \n\tline-height:24px; \n\tfont-weight:600; \n\tfont-style:normal; \n\tcolor:#a8a8a8;\n} \n\n#cmsmasters_heading_69e2422a8df808_55903313 .cmsmasters_heading_divider { \n} \n\n \n#cmsmasters_heading_69e2422a8dfeb9_72610221 { \n\ttext-align:left; \n\tmargin-top:0px; \n\tmargin-bottom:20px; \n} \n\n#cmsmasters_heading_69e2422a8dfeb9_72610221 .cmsmasters_heading { \n\ttext-align:left; \n} \n\n#cmsmasters_heading_69e2422a8dfeb9_72610221 .cmsmasters_heading, #cmsmasters_heading_69e2422a8dfeb9_72610221 .cmsmasters_heading a { \n\tfont-size:28px; \n\tfont-weight:600; \n\tfont-style:normal; \n} \n\n#cmsmasters_heading_69e2422a8dfeb9_72610221 .cmsmasters_heading_divider { \n} \n\n \n#cmsmasters_divider_69e2422a8e0528_41304396 { \n\tborder-bottom-width:1px; \n\tborder-bottom-style:solid; \n\tpadding-top:0px; \n\tmargin-bottom:40px; \n} \n \n#cmsmasters_row_69e2422a8e0ad7_13234892 .cmsmasters_row_outer_parent { \n\tpadding-top: 0px; \n} \n\n#cmsmasters_row_69e2422a8e0ad7_13234892 .cmsmasters_row_outer_parent { \n\tpadding-bottom: 10px; \n} \n\n \n#cmsmasters_row_69e2422a8e6103_35949473 .cmsmasters_row_outer_parent { \n\tpadding-top: 0px; \n} \n\n#cmsmasters_row_69e2422a8e6103_35949473 .cmsmasters_row_outer_parent { \n\tpadding-bottom: 40px; \n} \n\n \n#cmsmasters_row_69e2422a8e68e2_79769028 .cmsmasters_row_outer_parent { \n\tpadding-top: 0px; \n} \n\n#cmsmasters_row_69e2422a8e68e2_79769028 .cmsmasters_row_outer_parent { \n\tpadding-bottom: 0px; \n} \n\n \n#cmsmasters_divider_69e2422a8e75a1_77127150 { \n\tborder-bottom-width:1px; \n\tborder-bottom-style:solid; \n\tpadding-top:0px; \n\tmargin-bottom:40px; \n} \n \n#cmsmasters_row_69e2422a8e7751_41320017 .cmsmasters_row_outer_parent { \n\tpadding-bottom: 50px; \n} \n\n \n#cmsmasters_icon_box_69e2422a8e8398_35599307 { \n\tborder-width:1px; \n\tbackground-color:#fcfcfc;\n\tborder-color:#e4e4e4;\n} \n\n#cmsmasters_icon_box_69e2422a8e8398_35599307:before, \n#cmsmasters_icon_box_69e2422a8e8398_35599307 .icon_box_heading:before { \n\tfont-size:30px; \n\tline-height:60px; \n\twidth:60px; \n\theight:60px; \n\tborder-width:0px; \n\t-webkit-border-radius:50%; \n\tborder-radius:50%; \n\tcolor:#ffffff;\n\tbackground-color:#f02830;\n} \n\n#cmsmasters_icon_box_69e2422a8e8398_35599307.cmsmasters_icon_heading_left, \n#cmsmasters_icon_box_69e2422a8e8398_35599307.cmsmasters_icon_top, \n#cmsmasters_icon_box_69e2422a8e8398_35599307.cmsmasters_icon_box_left_top { \n\tpadding:30px 20px; } \n\n#cmsmasters_icon_box_69e2422a8e8398_35599307.cmsmasters_icon_top:before { \n\ttop:30px;} \n\n#cmsmasters_icon_box_69e2422a8e8398_35599307.cmsmasters_icon_box_left, \n#cmsmasters_icon_box_69e2422a8e8398_35599307.cmsmasters_icon_box_left_top { \n\tpadding-left:60px; \n\tmargin-left:30px; \n\t} \n\n#cmsmasters_icon_box_69e2422a8e8398_35599307.cmsmasters_icon_box_left:before, \n#cmsmasters_icon_box_69e2422a8e8398_35599307.cmsmasters_icon_box_left_top:before { \n\tleft:-30px; \n\t} \n\n#cmsmasters_icon_box_69e2422a8e8398_35599307.cmsmasters_icon_box_left_top { \n\tpadding-top:30px; \n\tmargin-top:60px; \n\t} \n\n#cmsmasters_icon_box_69e2422a8e8398_35599307.cmsmasters_icon_box_left_top:before { \n\tmargin-top:-30px; \n\t} \n\n \n#cmsmasters_divider_69e2422a8e8cf1_52862866 { \n\tborder-bottom-width:0px; \n\tborder-bottom-style:solid; \n\tpadding-top:0px; \n\tmargin-bottom:40px; \n} \n \n#cmsmasters_icon_box_69e2422a8e9288_48539585 { \n\tborder-width:1px; \n\tbackground-color:#fcfcfc;\n\tborder-color:#e4e4e4;\n} \n\n#cmsmasters_icon_box_69e2422a8e9288_48539585:before, \n#cmsmasters_icon_box_69e2422a8e9288_48539585 .icon_box_heading:before { \n\tfont-size:30px; \n\tline-height:60px; \n\twidth:60px; \n\theight:60px; \n\tborder-width:0px; \n\t-webkit-border-radius:50%; \n\tborder-radius:50%; \n\tcolor:#ffffff;\n\tbackground-color:#f02830;\n} \n\n#cmsmasters_icon_box_69e2422a8e9288_48539585.cmsmasters_icon_heading_left, \n#cmsmasters_icon_box_69e2422a8e9288_48539585.cmsmasters_icon_top, \n#cmsmasters_icon_box_69e2422a8e9288_48539585.cmsmasters_icon_box_left_top { \n\tpadding:30px 20px; } \n\n#cmsmasters_icon_box_69e2422a8e9288_48539585.cmsmasters_icon_top:before { \n\ttop:30px;} \n\n#cmsmasters_icon_box_69e2422a8e9288_48539585.cmsmasters_icon_box_left, \n#cmsmasters_icon_box_69e2422a8e9288_48539585.cmsmasters_icon_box_left_top { \n\tpadding-left:60px; \n\tmargin-left:30px; \n\t} \n\n#cmsmasters_icon_box_69e2422a8e9288_48539585.cmsmasters_icon_box_left:before, \n#cmsmasters_icon_box_69e2422a8e9288_48539585.cmsmasters_icon_box_left_top:before { \n\tleft:-30px; \n\t} \n\n#cmsmasters_icon_box_69e2422a8e9288_48539585.cmsmasters_icon_box_left_top { \n\tpadding-top:30px; \n\tmargin-top:60px; \n\t} \n\n#cmsmasters_icon_box_69e2422a8e9288_48539585.cmsmasters_icon_box_left_top:before { \n\tmargin-top:-30px; \n\t} \n\n \n#cmsmasters_icon_box_69e2422a8e9f09_78181067 { \n\tborder-width:1px; \n\tbackground-color:#fcfcfc;\n\tborder-color:#e4e4e4;\n} \n\n#cmsmasters_icon_box_69e2422a8e9f09_78181067:before, \n#cmsmasters_icon_box_69e2422a8e9f09_78181067 .icon_box_heading:before { \n\tfont-size:30px; \n\tline-height:60px; \n\twidth:60px; \n\theight:60px; \n\tborder-width:0px; \n\t-webkit-border-radius:50%; \n\tborder-radius:50%; \n} \n\n#cmsmasters_icon_box_69e2422a8e9f09_78181067.cmsmasters_icon_heading_left, \n#cmsmasters_icon_box_69e2422a8e9f09_78181067.cmsmasters_icon_top, \n#cmsmasters_icon_box_69e2422a8e9f09_78181067.cmsmasters_icon_box_left_top { \n\tpadding:30px 20px; } \n\n#cmsmasters_icon_box_69e2422a8e9f09_78181067.cmsmasters_icon_top:before { \n\ttop:30px;} \n\n#cmsmasters_icon_box_69e2422a8e9f09_78181067.cmsmasters_icon_box_left, \n#cmsmasters_icon_box_69e2422a8e9f09_78181067.cmsmasters_icon_box_left_top { \n\tpadding-left:60px; \n\tmargin-left:30px; \n\t} \n\n#cmsmasters_icon_box_69e2422a8e9f09_78181067.cmsmasters_icon_box_left:before, \n#cmsmasters_icon_box_69e2422a8e9f09_78181067.cmsmasters_icon_box_left_top:before { \n\tleft:-30px; \n\t} \n\n#cmsmasters_icon_box_69e2422a8e9f09_78181067.cmsmasters_icon_box_left_top { \n\tpadding-top:30px; \n\tmargin-top:60px; \n\t} \n\n#cmsmasters_icon_box_69e2422a8e9f09_78181067.cmsmasters_icon_box_left_top:before { \n\tmargin-top:-30px; \n\t} \n\n \n#cmsmasters_divider_69e2422a8ea595_86444405 { \n\tborder-bottom-width:0px; \n\tborder-bottom-style:solid; \n\tpadding-top:0px; \n\tmargin-bottom:40px; \n} \n \n#cmsmasters_icon_box_69e2422a8eaa86_85676734 { \n\tborder-width:1px; \n\tbackground-color:#fcfcfc;\n\tborder-color:#e4e4e4;\n} \n\n#cmsmasters_icon_box_69e2422a8eaa86_85676734:before, \n#cmsmasters_icon_box_69e2422a8eaa86_85676734 .icon_box_heading:before { \n\tfont-size:30px; \n\tline-height:60px; \n\twidth:60px; \n\theight:60px; \n\tborder-width:0px; \n\t-webkit-border-radius:50%; \n\tborder-radius:50%; \n} \n\n#cmsmasters_icon_box_69e2422a8eaa86_85676734.cmsmasters_icon_heading_left, \n#cmsmasters_icon_box_69e2422a8eaa86_85676734.cmsmasters_icon_top, \n#cmsmasters_icon_box_69e2422a8eaa86_85676734.cmsmasters_icon_box_left_top { \n\tpadding:30px 20px; } \n\n#cmsmasters_icon_box_69e2422a8eaa86_85676734.cmsmasters_icon_top:before { \n\ttop:30px;} \n\n#cmsmasters_icon_box_69e2422a8eaa86_85676734.cmsmasters_icon_box_left, \n#cmsmasters_icon_box_69e2422a8eaa86_85676734.cmsmasters_icon_box_left_top { \n\tpadding-left:60px; \n\tmargin-left:30px; \n\t} \n\n#cmsmasters_icon_box_69e2422a8eaa86_85676734.cmsmasters_icon_box_left:before, \n#cmsmasters_icon_box_69e2422a8eaa86_85676734.cmsmasters_icon_box_left_top:before { \n\tleft:-30px; \n\t} \n\n#cmsmasters_icon_box_69e2422a8eaa86_85676734.cmsmasters_icon_box_left_top { \n\tpadding-top:30px; \n\tmargin-top:60px; \n\t} \n\n#cmsmasters_icon_box_69e2422a8eaa86_85676734.cmsmasters_icon_box_left_top:before { \n\tmargin-top:-30px; \n\t} \n\n<\/style><div id=\"cmsmasters_row_69e2422a8de962_79159785\" class=\"cmsmasters_row cmsmasters_color_scheme_default cmsmasters_row_top_default cmsmasters_row_bot_default cmsmasters_row_boxed\">\n<div class=\"cmsmasters_row_outer_parent\">\n<div class=\"cmsmasters_row_outer\">\n<div class=\"cmsmasters_row_inner\">\n<div class=\"cmsmasters_row_margin\">\n<div class=\"cmsmasters_column one_first\">\n\n<div id=\"cmsmasters_heading_69e2422a8df808_55903313\" class=\"cmsmasters_heading_wrap cmsmasters_heading_align_left\">\n\t<h3 class=\"cmsmasters_heading\">Services<\/h3>\n<\/div>\n<div id=\"cmsmasters_heading_69e2422a8dfeb9_72610221\" class=\"cmsmasters_heading_wrap cmsmasters_heading_align_left\">\n\t<h1 class=\"cmsmasters_heading\">ROAD TRANSPORTATION<\/h1>\n<\/div> \n<div id=\"cmsmasters_divider_69e2422a8e0528_41304396\" class=\"cmsmasters_divider cmsmasters_divider_width_long cmsmasters_divider_pos_center\"><\/div> <div class=\"cmsmasters_text\">\n<\/div>\n<\/div>\n<\/div>\n<\/div>\n<\/div>\n<\/div>\n<\/div>\n<div id=\"cmsmasters_row_69e2422a8e0ad7_13234892\" class=\"cmsmasters_row cmsmasters_color_scheme_default cmsmasters_row_top_default cmsmasters_row_bot_default cmsmasters_row_boxed\">\n<div class=\"cmsmasters_row_outer_parent\">\n<div class=\"cmsmasters_row_outer\">\n<div class=\"cmsmasters_row_inner\">\n<div class=\"cmsmasters_row_margin\">\n<div class=\"cmsmasters_column one_half\">\n<div class=\"cmsmasters_content_slider_wrap\" style=\"max-width:580px;\">\n<script type=\"text\/javascript\">jQuery(document).ready(function () { jQuery(\"#cmsmasters_slider_69e2422a8e1586_83269567.cmsmasters_content_slider\").owlCarousel( { singleItem : true, transitionStyle: false, rewindSpeed : 1000, slideSpeed : 600, autoHeight : true, paginationSpeed : \t600, autoPlay : 2000,navigationText : \t[ \"<span class=\\\"cmsmasters_prev_arrow\\\"><span><\/span><\/span>\", \"<span class=\\\"cmsmasters_next_arrow\\\"><span><\/span><\/span>\" ] } );} );<\/script>\n<div id=\"cmsmasters_slider_69e2422a8e1586_83269567\" class=\"cmsmasters_content_slider cmsmasters_owl_slider owl-carousel\">\n<div class=\"cmsmasters_content_slider_item\"><img width=\"580\" height=\"350\" src=\"https:\/\/egervaritrans.hu\/WP\/wp-content\/uploads\/2020\/07\/s10-580x350.jpg\" class=\"attachment-cmsmasters-blog-masonry-thumb size-cmsmasters-blog-masonry-thumb\" alt=\"\" loading=\"lazy\" \/><\/div><div class=\"cmsmasters_content_slider_item\"><img width=\"580\" height=\"350\" src=\"https:\/\/egervaritrans.hu\/WP\/wp-content\/uploads\/2021\/05\/szallit_2-580x350.jpg\" class=\"attachment-cmsmasters-blog-masonry-thumb size-cmsmasters-blog-masonry-thumb\" alt=\"\" loading=\"lazy\" \/><\/div><div class=\"cmsmasters_content_slider_item\"><img width=\"580\" height=\"350\" src=\"https:\/\/egervaritrans.hu\/WP\/wp-content\/uploads\/2021\/05\/szallit_3-580x350.jpg\" class=\"attachment-cmsmasters-blog-masonry-thumb size-cmsmasters-blog-masonry-thumb\" alt=\"\" loading=\"lazy\" \/><\/div><\/div>\n<\/div>\n<\/div>\n<div class=\"cmsmasters_column one_half\">\n<div class=\"cmsmasters_text\">\n<p align=\"justify\">In agreement with our customers, we can add individual cargo insurance. To ensure the traceability of consignments and continuous communication with drivers, our vehicles are equipped with a high-tech GPS-based satellite tracking system WEBEYE<\/p>\n<p align=\"justify\">We provide our partners with access to our system on request, so they can track their shipments at any time of the day and make any comments. Our freight forwarders are professionals with professional qualifications and experience, communicating in English, German and other languages.<\/p>\n<\/div>\n<\/div>\n<\/div>\n<\/div>\n<\/div>\n<\/div>\n<\/div>\n<div id=\"cmsmasters_row_69e2422a8e6103_35949473\" class=\"cmsmasters_row cmsmasters_color_scheme_default cmsmasters_row_top_default cmsmasters_row_bot_default cmsmasters_row_boxed\">\n<div class=\"cmsmasters_row_outer_parent\">\n<div class=\"cmsmasters_row_outer\">\n<div class=\"cmsmasters_row_inner\">\n<div class=\"cmsmasters_row_margin\">\n<div class=\"cmsmasters_column one_first\">\n<div class=\"cmsmasters_text\">\n<p align=\"justify\">Egerv\u00e1ri Trans Ltd. currently has 13 vehicles of 24 tonnes, 4 of 5 tonnes, 1 of 8 tonnes and 2 of 1.5 tonnes gross vehicle weight. The main destinations of these vehicles are mainly in the EU member states, such as Germany, France, Italy, Benelux and Spain, but we also operate in Switzerland and wherever our customers need us.<\/p>\n<\/div>\n<\/div>\n<\/div>\n<\/div>\n<\/div>\n<\/div>\n<\/div>\n<div id=\"cmsmasters_row_69e2422a8e68e2_79769028\" class=\"cmsmasters_row cmsmasters_color_scheme_default cmsmasters_row_top_default cmsmasters_row_bot_default cmsmasters_row_boxed\">\n<div class=\"cmsmasters_row_outer_parent\">\n<div class=\"cmsmasters_row_outer\">\n<div class=\"cmsmasters_row_inner\">\n<div class=\"cmsmasters_row_margin\">\n<div class=\"cmsmasters_column one_first\">\n<div class=\"cmsmasters_text\">\n<h1><strong>WHAT WE PROVIDE DURING <span style=\"color: #0090ff;\">TRANSPORT<\/span><\/strong><\/h1>\n<\/div>\n \n<div id=\"cmsmasters_divider_69e2422a8e75a1_77127150\" class=\"cmsmasters_divider cmsmasters_divider_width_long cmsmasters_divider_pos_center\"><\/div>\n<\/div>\n<\/div>\n<\/div>\n<\/div>\n<\/div>\n<\/div>\n<div id=\"cmsmasters_row_69e2422a8e7751_41320017\" class=\"cmsmasters_row cmsmasters_color_scheme_default cmsmasters_row_top_default cmsmasters_row_bot_default cmsmasters_row_boxed\">\n<div class=\"cmsmasters_row_outer_parent\">\n<div class=\"cmsmasters_row_outer\">\n<div class=\"cmsmasters_row_inner\">\n<div class=\"cmsmasters_row_margin\">\n<div class=\"cmsmasters_column one_half\">\n\n<div id=\"cmsmasters_icon_box_69e2422a8e8398_35599307\" class=\"cmsmasters_icon_box cmsmasters_icon_box_left_top box_icon_type_icon cmsmasters-icon-custom-10\">\n<div class=\"icon_box_inner\">\n<h3 class=\"icon_box_heading\">SAFE TRANSPORT<\/h3>\n<div class=\"icon_box_text\">\n<p align=\"justify\">Our shipments are always accompanied by full carrier&#8217;s liability insurance (domestic and CMR insurance), which we can take out in case of outstanding goods value. At the same time, we pay particular attention to the securing of the consignments and the cleanliness of our loading areas.<\/p>\n<\/div>\n<\/div>\n<\/div>\n \n<div id=\"cmsmasters_divider_69e2422a8e8cf1_52862866\" class=\"cl\"><\/div> \n<div id=\"cmsmasters_icon_box_69e2422a8e9288_48539585\" class=\"cmsmasters_icon_box cmsmasters_icon_box_left_top box_icon_type_icon cmsmasters-icon-custom-18\">\n<div class=\"icon_box_inner\">\n<h3 class=\"icon_box_heading\">COST-EFFECTIVENESS<\/h3>\n<div class=\"icon_box_text\">\n<p align=\"justify\"><span style=\"color: #333333;\">We can deliver your products directly to your own customers, even from their point of purchase, at your request, saving you time and money.<\/span><\/p>\n<\/div>\n<\/div>\n<\/div>\n<\/div>\n<div class=\"cmsmasters_column one_half\">\n\n<div id=\"cmsmasters_icon_box_69e2422a8e9f09_78181067\" class=\"cmsmasters_icon_box cmsmasters_icon_box_left_top box_icon_type_icon cmsmasters-icon-custom-01\">\n<div class=\"icon_box_inner\">\n<h3 class=\"icon_box_heading\">MODERN FLEET<\/h3>\n<div class=\"icon_box_text\">\n<p align=\"justify\">Our vehicles have an average age of less than 3.5 years and are equipped with modern EURO 6 environmental standards, resulting in reliable driving performance. Our company provides its services with Volvo, DAF, MAN, Schmitz Varios vehicles and trailers.<\/p>\n<\/div>\n<\/div>\n<\/div>\n \n<div id=\"cmsmasters_divider_69e2422a8ea595_86444405\" class=\"cl\"><\/div> \n<div id=\"cmsmasters_icon_box_69e2422a8eaa86_85676734\" class=\"cmsmasters_icon_box cmsmasters_icon_box_left_top box_icon_type_icon cmsmasters-icon-custom-08\">\n<div class=\"icon_box_inner\">\n<h3 class=\"icon_box_heading\">TRACEABILITY<\/h3>\n<div class=\"icon_box_text\">\n<p align=\"justify\">To ensure the traceability of consignments and continuous communication with drivers, our vehicles are equipped with a high-tech GPS-based satellite tracking system WEBEYE.<\/p>\n<\/div>\n<\/div>\n<\/div>\n<\/div>\n<\/div>\n<\/div>\n<\/div>\n<\/div>\n<\/div>\n\n","protected":false},"excerpt":{"rendered":"","protected":false},"author":1,"featured_media":0,"parent":0,"menu_order":0,"comment_status":"closed","ping_status":"closed","template":"","meta":[],"yoast_head":"<!-- This site is optimized with the Yoast SEO plugin v19.1 - https:\/\/yoast.com\/wordpress\/plugins\/seo\/ -->\n<title>Road Transportation - Egerv\u00e1ri Trans<\/title>\n<meta name=\"robots\" content=\"index, follow, max-snippet:-1, max-image-preview:large, max-video-preview:-1\" \/>\n<link rel=\"canonical\" href=\"https:\/\/egervaritrans.hu\/WP\/en\/ground-cargo\/\" \/>\n<meta property=\"og:locale\" content=\"hu_HU\" \/>\n<meta property=\"og:type\" content=\"article\" \/>\n<meta property=\"og:title\" content=\"Road Transportation - Egerv\u00e1ri Trans\" \/>\n<meta property=\"og:url\" content=\"https:\/\/egervaritrans.hu\/WP\/en\/ground-cargo\/\" \/>\n<meta property=\"og:site_name\" content=\"Egerv\u00e1ri Trans\" \/>\n<meta property=\"article:publisher\" content=\"https:\/\/hu-hu.facebook.com\/egervaritrans\/\" \/>\n<meta property=\"article:modified_time\" content=\"2026-02-19T07:58:32+00:00\" \/>\n<meta name=\"twitter:card\" content=\"summary_large_image\" \/>\n<meta name=\"twitter:label1\" content=\"Becs\u00fclt olvas\u00e1si id\u0151\" \/>\n\t<meta name=\"twitter:data1\" content=\"4 perc\" \/>\n<script type=\"application\/ld+json\" class=\"yoast-schema-graph\">{\"@context\":\"https:\/\/schema.org\",\"@graph\":[{\"@type\":\"WebSite\",\"@id\":\"https:\/\/egervaritrans.hu\/WP\/#website\",\"url\":\"https:\/\/egervaritrans.hu\/WP\/\",\"name\":\"Egerv\u00e1ri Trans\",\"description\":\"Sz\u00e1ll\u00edtm\u00e1nyoz\u00e1s, rakt\u00e1roz\u00e1s, \u00e9p\u00edt\u0151anyag depo\",\"potentialAction\":[{\"@type\":\"SearchAction\",\"target\":{\"@type\":\"EntryPoint\",\"urlTemplate\":\"https:\/\/egervaritrans.hu\/WP\/?s={search_term_string}\"},\"query-input\":\"required name=search_term_string\"}],\"inLanguage\":\"hu\"},{\"@type\":\"WebPage\",\"@id\":\"https:\/\/egervaritrans.hu\/WP\/en\/ground-cargo\/#webpage\",\"url\":\"https:\/\/egervaritrans.hu\/WP\/en\/ground-cargo\/\",\"name\":\"Road Transportation - Egerv\u00e1ri Trans\",\"isPartOf\":{\"@id\":\"https:\/\/egervaritrans.hu\/WP\/#website\"},\"datePublished\":\"2021-05-10T12:03:57+00:00\",\"dateModified\":\"2026-02-19T07:58:32+00:00\",\"breadcrumb\":{\"@id\":\"https:\/\/egervaritrans.hu\/WP\/en\/ground-cargo\/#breadcrumb\"},\"inLanguage\":\"hu\",\"potentialAction\":[{\"@type\":\"ReadAction\",\"target\":[\"https:\/\/egervaritrans.hu\/WP\/en\/ground-cargo\/\"]}]},{\"@type\":\"BreadcrumbList\",\"@id\":\"https:\/\/egervaritrans.hu\/WP\/en\/ground-cargo\/#breadcrumb\",\"itemListElement\":[{\"@type\":\"ListItem\",\"position\":1,\"name\":\"Home\",\"item\":\"https:\/\/egervaritrans.hu\/WP\/\"},{\"@type\":\"ListItem\",\"position\":2,\"name\":\"Road Transportation\"}]}]}<\/script>\n<!-- \/ Yoast SEO plugin. -->","yoast_head_json":{"title":"Road Transportation - Egerv\u00e1ri Trans","robots":{"index":"index","follow":"follow","max-snippet":"max-snippet:-1","max-image-preview":"max-image-preview:large","max-video-preview":"max-video-preview:-1"},"canonical":"https:\/\/egervaritrans.hu\/WP\/en\/ground-cargo\/","og_locale":"hu_HU","og_type":"article","og_title":"Road Transportation - Egerv\u00e1ri Trans","og_url":"https:\/\/egervaritrans.hu\/WP\/en\/ground-cargo\/","og_site_name":"Egerv\u00e1ri Trans","article_publisher":"https:\/\/hu-hu.facebook.com\/egervaritrans\/","article_modified_time":"2026-02-19T07:58:32+00:00","twitter_card":"summary_large_image","twitter_misc":{"Becs\u00fclt olvas\u00e1si id\u0151":"4 perc"},"schema":{"@context":"https:\/\/schema.org","@graph":[{"@type":"WebSite","@id":"https:\/\/egervaritrans.hu\/WP\/#website","url":"https:\/\/egervaritrans.hu\/WP\/","name":"Egerv\u00e1ri Trans","description":"Sz\u00e1ll\u00edtm\u00e1nyoz\u00e1s, rakt\u00e1roz\u00e1s, \u00e9p\u00edt\u0151anyag depo","potentialAction":[{"@type":"SearchAction","target":{"@type":"EntryPoint","urlTemplate":"https:\/\/egervaritrans.hu\/WP\/?s={search_term_string}"},"query-input":"required name=search_term_string"}],"inLanguage":"hu"},{"@type":"WebPage","@id":"https:\/\/egervaritrans.hu\/WP\/en\/ground-cargo\/#webpage","url":"https:\/\/egervaritrans.hu\/WP\/en\/ground-cargo\/","name":"Road Transportation - Egerv\u00e1ri Trans","isPartOf":{"@id":"https:\/\/egervaritrans.hu\/WP\/#website"},"datePublished":"2021-05-10T12:03:57+00:00","dateModified":"2026-02-19T07:58:32+00:00","breadcrumb":{"@id":"https:\/\/egervaritrans.hu\/WP\/en\/ground-cargo\/#breadcrumb"},"inLanguage":"hu","potentialAction":[{"@type":"ReadAction","target":["https:\/\/egervaritrans.hu\/WP\/en\/ground-cargo\/"]}]},{"@type":"BreadcrumbList","@id":"https:\/\/egervaritrans.hu\/WP\/en\/ground-cargo\/#breadcrumb","itemListElement":[{"@type":"ListItem","position":1,"name":"Home","item":"https:\/\/egervaritrans.hu\/WP\/"},{"@type":"ListItem","position":2,"name":"Road Transportation"}]}]}},"_links":{"self":[{"href":"https:\/\/egervaritrans.hu\/WP\/wp-json\/wp\/v2\/pages\/8548"}],"collection":[{"href":"https:\/\/egervaritrans.hu\/WP\/wp-json\/wp\/v2\/pages"}],"about":[{"href":"https:\/\/egervaritrans.hu\/WP\/wp-json\/wp\/v2\/types\/page"}],"author":[{"embeddable":true,"href":"https:\/\/egervaritrans.hu\/WP\/wp-json\/wp\/v2\/users\/1"}],"replies":[{"embeddable":true,"href":"https:\/\/egervaritrans.hu\/WP\/wp-json\/wp\/v2\/comments?post=8548"}],"version-history":[{"count":11,"href":"https:\/\/egervaritrans.hu\/WP\/wp-json\/wp\/v2\/pages\/8548\/revisions"}],"predecessor-version":[{"id":9327,"href":"https:\/\/egervaritrans.hu\/WP\/wp-json\/wp\/v2\/pages\/8548\/revisions\/9327"}],"wp:attachment":[{"href":"https:\/\/egervaritrans.hu\/WP\/wp-json\/wp\/v2\/media?parent=8548"}],"curies":[{"name":"wp","href":"https:\/\/api.w.org\/{rel}","templated":true}]}}