{"id":8582,"date":"2021-05-10T14:11:36","date_gmt":"2021-05-10T14:11:36","guid":{"rendered":"http:\/\/egervaritrans.hu\/WP\/?page_id=8582"},"modified":"2026-02-19T16:49:36","modified_gmt":"2026-02-19T16:49:36","slug":"backhoe-loaders","status":"publish","type":"page","link":"https:\/\/egervaritrans.hu\/WP\/en\/backhoe-loaders\/","title":{"rendered":"Backhoe Loaders"},"content":{"rendered":"<style type=\"text\/css\"> \n#cmsmasters_row_69e243826122c1_52956630 .cmsmasters_row_outer_parent { \n\tpadding-top: 0px; \n} \n\n#cmsmasters_row_69e243826122c1_52956630 .cmsmasters_row_outer_parent { \n\tpadding-bottom: 50px; \n} \n\n \n#cmsmasters_row_69e24382612801_88986667 .cmsmasters_row_outer_parent { \n\tpadding-top: 0px; \n} \n\n#cmsmasters_row_69e24382612801_88986667 .cmsmasters_row_outer_parent { \n\tpadding-bottom: 10px; \n} \n\n \n#cmsmasters_heading_69e24382613436_81978189 { \n\ttext-align:left; \n\tmargin-top:0px; \n\tmargin-bottom:0px; \n} \n\n#cmsmasters_heading_69e24382613436_81978189 .cmsmasters_heading { \n\ttext-align:left; \n} \n\n#cmsmasters_heading_69e24382613436_81978189 .cmsmasters_heading, #cmsmasters_heading_69e24382613436_81978189 .cmsmasters_heading a { \n\tfont-family:'Roboto Condensed'; \n\tfont-size:18px; \n\tline-height:24px; \n\tfont-weight:600; \n\tfont-style:normal; \n\tcolor:#a8a8a8;\n} \n\n#cmsmasters_heading_69e24382613436_81978189 .cmsmasters_heading_divider { \n} \n\n \n#cmsmasters_heading_69e24382613dc2_29715347 { \n\ttext-align:left; \n\tmargin-top:0px; \n\tmargin-bottom:20px; \n} \n\n#cmsmasters_heading_69e24382613dc2_29715347 .cmsmasters_heading { \n\ttext-align:left; \n} \n\n#cmsmasters_heading_69e24382613dc2_29715347 .cmsmasters_heading, #cmsmasters_heading_69e24382613dc2_29715347 .cmsmasters_heading a { \n\tfont-size:28px; \n\tfont-weight:600; \n\tfont-style:normal; \n} \n\n#cmsmasters_heading_69e24382613dc2_29715347 .cmsmasters_heading_divider { \n} \n\n \n#cmsmasters_divider_69e24382614377_33664876 { \n\tborder-bottom-width:1px; \n\tborder-bottom-style:solid; \n\tpadding-top:0px; \n\tmargin-bottom:40px; \n} \n \n#cmsmasters_row_69e243826148c4_39176930 .cmsmasters_row_outer_parent { \n\tpadding-top: 0px; \n} \n\n#cmsmasters_row_69e243826148c4_39176930 .cmsmasters_row_outer_parent { \n\tpadding-bottom: 10px; \n} \n\n \n#cmsmasters_row_69e2438261d328_99185363 { \n\tbackground-color:#ffffff;\n} \n\n#cmsmasters_row_69e2438261d328_99185363 .cmsmasters_row_outer_parent { \n\tpadding-top: 70px; \n} \n\n#cmsmasters_row_69e2438261d328_99185363 .cmsmasters_row_outer_parent { \n\tpadding-bottom: 60px; \n} \n\n \n#cmsmasters_heading_69e2438261dc62_64866354 { \n\ttext-align:left; \n\tmargin-top:0px; \n\tmargin-bottom:0px; \n} \n\n#cmsmasters_heading_69e2438261dc62_64866354 .cmsmasters_heading { \n\ttext-align:left; \n} \n\n#cmsmasters_heading_69e2438261dc62_64866354 .cmsmasters_heading, #cmsmasters_heading_69e2438261dc62_64866354 .cmsmasters_heading a { \n\tfont-family:'Roboto Condensed'; \n\tfont-size:18px; \n\tline-height:24px; \n\tfont-weight:600; \n\tfont-style:normal; \n\tcolor:#a8a8a8;\n} \n\n#cmsmasters_heading_69e2438261dc62_64866354 .cmsmasters_heading_divider { \n} \n\n \n#cmsmasters_heading_69e2438261e198_31869349 { \n\ttext-align:left; \n\tmargin-top:0px; \n\tmargin-bottom:60px; \n} \n\n#cmsmasters_heading_69e2438261e198_31869349 .cmsmasters_heading { \n\ttext-align:left; \n} \n\n#cmsmasters_heading_69e2438261e198_31869349 .cmsmasters_heading, #cmsmasters_heading_69e2438261e198_31869349 .cmsmasters_heading a { \n\tfont-size:28px; \n\tfont-weight:600; \n\tfont-style:normal; \n} \n\n#cmsmasters_heading_69e2438261e198_31869349 .cmsmasters_heading_divider { \n} \n\n <\/style><div id=\"cmsmasters_row_69e243826122c1_52956630\" class=\"cmsmasters_row cmsmasters_color_scheme_default cmsmasters_row_top_default cmsmasters_row_bot_default cmsmasters_row_boxed\">\n<div class=\"cmsmasters_row_outer_parent\">\n<div class=\"cmsmasters_row_outer\">\n<div class=\"cmsmasters_row_inner\">\n<div class=\"cmsmasters_row_margin\">\n<div class=\"cmsmasters_column one_first\">\n<\/div>\n<\/div>\n<\/div>\n<\/div>\n<\/div>\n<\/div>\n<div id=\"cmsmasters_row_69e24382612801_88986667\" class=\"cmsmasters_row cmsmasters_color_scheme_default cmsmasters_row_top_default cmsmasters_row_bot_default cmsmasters_row_boxed\">\n<div class=\"cmsmasters_row_outer_parent\">\n<div class=\"cmsmasters_row_outer\">\n<div class=\"cmsmasters_row_inner\">\n<div class=\"cmsmasters_row_margin\">\n<div class=\"cmsmasters_column one_first\">\n\n<div id=\"cmsmasters_heading_69e24382613436_81978189\" class=\"cmsmasters_heading_wrap cmsmasters_heading_align_left\">\n\t<h3 class=\"cmsmasters_heading\">Equipment<\/h3>\n<\/div>\n<div id=\"cmsmasters_heading_69e24382613dc2_29715347\" class=\"cmsmasters_heading_wrap cmsmasters_heading_align_left\">\n\t<h1 class=\"cmsmasters_heading\">Backhoe Loaders<\/h1>\n<\/div>\n\n<div id=\"cmsmasters_divider_69e24382614377_33664876\" class=\"cmsmasters_divider cmsmasters_divider_width_long cmsmasters_divider_pos_center\"><\/div>\n<div class=\"cmsmasters_text\">\n<p align=\"justify\">Our fleet contain 90-100 m3 trailers with a load capacity of 24 tonnes and 38 pallet positions.\u00a0\u00a0 Thanks to Egerv\u00e1ri Trans&#8217;s continuous fleet development programme, the average life of the transport equipment is 3 years.<\/p>\n<\/div>\n<\/div>\n<\/div>\n<\/div>\n<\/div>\n<\/div>\n<\/div>\n<div id=\"cmsmasters_row_69e243826148c4_39176930\" class=\"cmsmasters_row cmsmasters_color_scheme_default cmsmasters_row_top_default cmsmasters_row_bot_default cmsmasters_row_boxed\">\n<div class=\"cmsmasters_row_outer_parent\">\n<div class=\"cmsmasters_row_outer\">\n<div class=\"cmsmasters_row_inner\">\n<div class=\"cmsmasters_row_margin\">\n<div class=\"cmsmasters_column two_third\">\n<div class=\"cmsmasters_content_slider_wrap\" style=\"max-width:580px;\">\n<script type=\"text\/javascript\">jQuery(document).ready(function () { jQuery(\"#cmsmasters_slider_69e24382615405_54534871.cmsmasters_content_slider\").owlCarousel( { singleItem : true, transitionStyle: false, rewindSpeed : 1000, slideSpeed : 600, autoHeight : true, paginationSpeed : \t600, autoPlay : 2000,navigationText : \t[ \"<span class=\\\"cmsmasters_prev_arrow\\\"><span><\/span><\/span>\", \"<span class=\\\"cmsmasters_next_arrow\\\"><span><\/span><\/span>\" ] } );} );<\/script>\n<div id=\"cmsmasters_slider_69e24382615405_54534871\" class=\"cmsmasters_content_slider cmsmasters_owl_slider owl-carousel\">\n<div class=\"cmsmasters_content_slider_item\"><img width=\"580\" height=\"350\" src=\"https:\/\/egervaritrans.hu\/WP\/wp-content\/uploads\/2021\/06\/IMG_4656_20-1-580x350.jpg\" class=\"attachment-cmsmasters-blog-masonry-thumb size-cmsmasters-blog-masonry-thumb\" alt=\"\" loading=\"lazy\" \/><\/div><div class=\"cmsmasters_content_slider_item\"><img width=\"580\" height=\"350\" src=\"https:\/\/egervaritrans.hu\/WP\/wp-content\/uploads\/2021\/06\/IMG_0397_20-1-580x350.jpg\" class=\"attachment-cmsmasters-blog-masonry-thumb size-cmsmasters-blog-masonry-thumb\" alt=\"\" loading=\"lazy\" \/><\/div><div class=\"cmsmasters_content_slider_item\"><img width=\"580\" height=\"350\" src=\"https:\/\/egervaritrans.hu\/WP\/wp-content\/uploads\/2021\/06\/IMG_0421_20-1-580x350.jpg\" class=\"attachment-cmsmasters-blog-masonry-thumb size-cmsmasters-blog-masonry-thumb\" alt=\"\" loading=\"lazy\" \/><\/div><div class=\"cmsmasters_content_slider_item\"><img width=\"580\" height=\"350\" src=\"https:\/\/egervaritrans.hu\/WP\/wp-content\/uploads\/2021\/06\/cat-1-580x350.jpg\" class=\"attachment-cmsmasters-blog-masonry-thumb size-cmsmasters-blog-masonry-thumb\" alt=\"\" loading=\"lazy\" \/><\/div><div class=\"cmsmasters_content_slider_item\"><img width=\"580\" height=\"350\" src=\"https:\/\/egervaritrans.hu\/WP\/wp-content\/uploads\/2021\/06\/rak1-580x350.jpg\" class=\"attachment-cmsmasters-blog-masonry-thumb size-cmsmasters-blog-masonry-thumb\" alt=\"\" loading=\"lazy\" \/><\/div><div class=\"cmsmasters_content_slider_item\"><img width=\"580\" height=\"350\" src=\"https:\/\/egervaritrans.hu\/WP\/wp-content\/uploads\/2021\/06\/rak2-580x350.jpg\" class=\"attachment-cmsmasters-blog-masonry-thumb size-cmsmasters-blog-masonry-thumb\" alt=\"\" loading=\"lazy\" \/><\/div><div class=\"cmsmasters_content_slider_item\"><img width=\"580\" height=\"350\" src=\"https:\/\/egervaritrans.hu\/WP\/wp-content\/uploads\/2021\/06\/rak3-580x350.jpg\" class=\"attachment-cmsmasters-blog-masonry-thumb size-cmsmasters-blog-masonry-thumb\" alt=\"\" loading=\"lazy\" \/><\/div><\/div>\n<\/div>\n<\/div>\n<div class=\"cmsmasters_column one_third\">\n<div class=\"cmsmasters_text\">\n<p align=\"justify\">Our on-site loading is supported by the following tools:<\/p>\n<ul>\n<li>1db Komatsu PW98MR<\/li>\n<li>1db Volvo L90E loader<\/li>\n<li>1db Caterpillar 15 ton road roller<\/li>\n<li>1db Caterpillar 444F2 combined loader<\/li>\n<li>1db Kubota R420 combined loader<\/li>\n<\/ul>\n<\/div>\n<\/div>\n<\/div>\n<\/div>\n<\/div>\n<\/div>\n<\/div>\n<div id=\"cmsmasters_row_69e2438261cc79_15510527\" class=\"cmsmasters_row cmsmasters_color_scheme_default cmsmasters_row_top_default cmsmasters_row_bot_default cmsmasters_row_boxed\">\n<div class=\"cmsmasters_row_outer_parent\">\n<div class=\"cmsmasters_row_outer\">\n<div class=\"cmsmasters_row_inner\">\n<div class=\"cmsmasters_row_margin\">\n<div class=\"cmsmasters_column one_first\">\n<div class=\"cmsmasters_text\">\n<p>&nbsp;<\/p>\n<\/div>\n<\/div>\n<\/div>\n<\/div>\n<\/div>\n<\/div>\n<\/div>\n<div id=\"cmsmasters_row_69e2438261d328_99185363\" class=\"cmsmasters_row cmsmasters_color_scheme_default cmsmasters_row_top_default cmsmasters_row_bot_default cmsmasters_row_boxed\">\n<div class=\"cmsmasters_row_outer_parent\">\n<div class=\"cmsmasters_row_outer\">\n<div class=\"cmsmasters_row_inner\">\n<div class=\"cmsmasters_row_margin\">\n<div class=\"cmsmasters_column one_first\">\n\n<div id=\"cmsmasters_heading_69e2438261dc62_64866354\" class=\"cmsmasters_heading_wrap cmsmasters_heading_align_left\">\n\t<h3 class=\"cmsmasters_heading\">Some Statistics<\/h3>\n<\/div>\n<div id=\"cmsmasters_heading_69e2438261e198_31869349\" class=\"cmsmasters_heading_wrap cmsmasters_heading_align_left\">\n\t<h1 class=\"cmsmasters_heading\">OUR LOGISTICS METRICS<\/h1>\n<\/div> \n<div class=\"cmsmasters_stats stats_mode_circles stats_type_horizontal\"><div class=\"cmsmasters_stat_wrap one_fourth\">\n<div id=\"cmsmasters_stat_69e2438261f89\" class=\"cmsmasters_stat\" data-percent=\"47\">\n<div class=\"cmsmasters_stat_inner\">\n<span class=\"cmsmasters_stat_counter_wrap\">\n<span class=\"cmsmasters_stat_counter\">94<\/span><span class=\"cmsmasters_stat_units\">%<\/span>\n<\/span>\n<\/div>\n<\/div>\n<span class=\"cmsmasters_stat_title\">ROAD TRANSPORT<\/span>\n<\/div><div class=\"cmsmasters_stat_wrap one_fourth\">\n<div id=\"cmsmasters_stat_69e2438262039\" class=\"cmsmasters_stat\" data-percent=\"19\">\n<div class=\"cmsmasters_stat_inner\">\n<span class=\"cmsmasters_stat_counter_wrap\">\n<span class=\"cmsmasters_stat_counter\">38<\/span><span class=\"cmsmasters_stat_units\">%<\/span>\n<\/span>\n<\/div>\n<\/div>\n<span class=\"cmsmasters_stat_title\">DOMESTIC TRANSPORT<\/span>\n<\/div><div class=\"cmsmasters_stat_wrap one_fourth\">\n<div id=\"cmsmasters_stat_69e24382620db\" class=\"cmsmasters_stat\" data-percent=\"31\">\n<div class=\"cmsmasters_stat_inner\">\n<span class=\"cmsmasters_stat_counter_wrap\">\n<span class=\"cmsmasters_stat_counter\">62<\/span><span class=\"cmsmasters_stat_units\">%<\/span>\n<\/span>\n<\/div>\n<\/div>\n<span class=\"cmsmasters_stat_title\">INTERNATIONAL TRANSPORT<\/span>\n<\/div><div class=\"cmsmasters_stat_wrap one_fourth\">\n<div id=\"cmsmasters_stat_69e243826217a\" class=\"cmsmasters_stat\" data-percent=\"41.5\">\n<div class=\"cmsmasters_stat_inner\">\n<span class=\"cmsmasters_stat_counter_wrap\">\n<span class=\"cmsmasters_stat_counter\">83<\/span><span class=\"cmsmasters_stat_units\">%<\/span>\n<\/span>\n<\/div>\n<\/div>\n<span class=\"cmsmasters_stat_title\">WAREHOUSE OCCUPANCY<\/span>\n<\/div><\/div>\n<\/div>\n<\/div>\n<\/div>\n<\/div>\n<\/div>\n<\/div>\n\n","protected":false},"excerpt":{"rendered":"","protected":false},"author":1,"featured_media":0,"parent":0,"menu_order":0,"comment_status":"closed","ping_status":"closed","template":"","meta":[],"yoast_head":"<!-- This site is optimized with the Yoast SEO plugin v19.1 - https:\/\/yoast.com\/wordpress\/plugins\/seo\/ -->\n<title>Backhoe Loaders - Egerv\u00e1ri Trans<\/title>\n<meta name=\"robots\" content=\"index, follow, max-snippet:-1, max-image-preview:large, max-video-preview:-1\" \/>\n<link rel=\"canonical\" href=\"https:\/\/egervaritrans.hu\/WP\/en\/backhoe-loaders\/\" \/>\n<meta property=\"og:locale\" content=\"hu_HU\" \/>\n<meta property=\"og:type\" content=\"article\" \/>\n<meta property=\"og:title\" content=\"Backhoe Loaders - Egerv\u00e1ri Trans\" \/>\n<meta property=\"og:url\" content=\"https:\/\/egervaritrans.hu\/WP\/en\/backhoe-loaders\/\" \/>\n<meta property=\"og:site_name\" content=\"Egerv\u00e1ri Trans\" \/>\n<meta property=\"article:publisher\" content=\"https:\/\/hu-hu.facebook.com\/egervaritrans\/\" \/>\n<meta property=\"article:modified_time\" content=\"2026-02-19T16:49:36+00:00\" \/>\n<meta name=\"twitter:card\" content=\"summary_large_image\" \/>\n<meta name=\"twitter:label1\" content=\"Becs\u00fclt olvas\u00e1si id\u0151\" \/>\n\t<meta name=\"twitter:data1\" content=\"3 perc\" \/>\n<script type=\"application\/ld+json\" class=\"yoast-schema-graph\">{\"@context\":\"https:\/\/schema.org\",\"@graph\":[{\"@type\":\"WebSite\",\"@id\":\"https:\/\/egervaritrans.hu\/WP\/#website\",\"url\":\"https:\/\/egervaritrans.hu\/WP\/\",\"name\":\"Egerv\u00e1ri Trans\",\"description\":\"Sz\u00e1ll\u00edtm\u00e1nyoz\u00e1s, rakt\u00e1roz\u00e1s, \u00e9p\u00edt\u0151anyag depo\",\"potentialAction\":[{\"@type\":\"SearchAction\",\"target\":{\"@type\":\"EntryPoint\",\"urlTemplate\":\"https:\/\/egervaritrans.hu\/WP\/?s={search_term_string}\"},\"query-input\":\"required name=search_term_string\"}],\"inLanguage\":\"hu\"},{\"@type\":\"WebPage\",\"@id\":\"https:\/\/egervaritrans.hu\/WP\/en\/backhoe-loaders\/#webpage\",\"url\":\"https:\/\/egervaritrans.hu\/WP\/en\/backhoe-loaders\/\",\"name\":\"Backhoe Loaders - Egerv\u00e1ri Trans\",\"isPartOf\":{\"@id\":\"https:\/\/egervaritrans.hu\/WP\/#website\"},\"datePublished\":\"2021-05-10T14:11:36+00:00\",\"dateModified\":\"2026-02-19T16:49:36+00:00\",\"breadcrumb\":{\"@id\":\"https:\/\/egervaritrans.hu\/WP\/en\/backhoe-loaders\/#breadcrumb\"},\"inLanguage\":\"hu\",\"potentialAction\":[{\"@type\":\"ReadAction\",\"target\":[\"https:\/\/egervaritrans.hu\/WP\/en\/backhoe-loaders\/\"]}]},{\"@type\":\"BreadcrumbList\",\"@id\":\"https:\/\/egervaritrans.hu\/WP\/en\/backhoe-loaders\/#breadcrumb\",\"itemListElement\":[{\"@type\":\"ListItem\",\"position\":1,\"name\":\"Home\",\"item\":\"https:\/\/egervaritrans.hu\/WP\/\"},{\"@type\":\"ListItem\",\"position\":2,\"name\":\"Backhoe Loaders\"}]}]}<\/script>\n<!-- \/ Yoast SEO plugin. -->","yoast_head_json":{"title":"Backhoe Loaders - Egerv\u00e1ri Trans","robots":{"index":"index","follow":"follow","max-snippet":"max-snippet:-1","max-image-preview":"max-image-preview:large","max-video-preview":"max-video-preview:-1"},"canonical":"https:\/\/egervaritrans.hu\/WP\/en\/backhoe-loaders\/","og_locale":"hu_HU","og_type":"article","og_title":"Backhoe Loaders - Egerv\u00e1ri Trans","og_url":"https:\/\/egervaritrans.hu\/WP\/en\/backhoe-loaders\/","og_site_name":"Egerv\u00e1ri Trans","article_publisher":"https:\/\/hu-hu.facebook.com\/egervaritrans\/","article_modified_time":"2026-02-19T16:49:36+00:00","twitter_card":"summary_large_image","twitter_misc":{"Becs\u00fclt olvas\u00e1si id\u0151":"3 perc"},"schema":{"@context":"https:\/\/schema.org","@graph":[{"@type":"WebSite","@id":"https:\/\/egervaritrans.hu\/WP\/#website","url":"https:\/\/egervaritrans.hu\/WP\/","name":"Egerv\u00e1ri Trans","description":"Sz\u00e1ll\u00edtm\u00e1nyoz\u00e1s, rakt\u00e1roz\u00e1s, \u00e9p\u00edt\u0151anyag depo","potentialAction":[{"@type":"SearchAction","target":{"@type":"EntryPoint","urlTemplate":"https:\/\/egervaritrans.hu\/WP\/?s={search_term_string}"},"query-input":"required name=search_term_string"}],"inLanguage":"hu"},{"@type":"WebPage","@id":"https:\/\/egervaritrans.hu\/WP\/en\/backhoe-loaders\/#webpage","url":"https:\/\/egervaritrans.hu\/WP\/en\/backhoe-loaders\/","name":"Backhoe Loaders - Egerv\u00e1ri Trans","isPartOf":{"@id":"https:\/\/egervaritrans.hu\/WP\/#website"},"datePublished":"2021-05-10T14:11:36+00:00","dateModified":"2026-02-19T16:49:36+00:00","breadcrumb":{"@id":"https:\/\/egervaritrans.hu\/WP\/en\/backhoe-loaders\/#breadcrumb"},"inLanguage":"hu","potentialAction":[{"@type":"ReadAction","target":["https:\/\/egervaritrans.hu\/WP\/en\/backhoe-loaders\/"]}]},{"@type":"BreadcrumbList","@id":"https:\/\/egervaritrans.hu\/WP\/en\/backhoe-loaders\/#breadcrumb","itemListElement":[{"@type":"ListItem","position":1,"name":"Home","item":"https:\/\/egervaritrans.hu\/WP\/"},{"@type":"ListItem","position":2,"name":"Backhoe Loaders"}]}]}},"_links":{"self":[{"href":"https:\/\/egervaritrans.hu\/WP\/wp-json\/wp\/v2\/pages\/8582"}],"collection":[{"href":"https:\/\/egervaritrans.hu\/WP\/wp-json\/wp\/v2\/pages"}],"about":[{"href":"https:\/\/egervaritrans.hu\/WP\/wp-json\/wp\/v2\/types\/page"}],"author":[{"embeddable":true,"href":"https:\/\/egervaritrans.hu\/WP\/wp-json\/wp\/v2\/users\/1"}],"replies":[{"embeddable":true,"href":"https:\/\/egervaritrans.hu\/WP\/wp-json\/wp\/v2\/comments?post=8582"}],"version-history":[{"count":11,"href":"https:\/\/egervaritrans.hu\/WP\/wp-json\/wp\/v2\/pages\/8582\/revisions"}],"predecessor-version":[{"id":9422,"href":"https:\/\/egervaritrans.hu\/WP\/wp-json\/wp\/v2\/pages\/8582\/revisions\/9422"}],"wp:attachment":[{"href":"https:\/\/egervaritrans.hu\/WP\/wp-json\/wp\/v2\/media?parent=8582"}],"curies":[{"name":"wp","href":"https:\/\/api.w.org\/{rel}","templated":true}]}}