{"id":9209,"date":"2026-02-16T15:58:36","date_gmt":"2026-02-16T15:58:36","guid":{"rendered":"https:\/\/egervaritrans.hu\/WP\/?page_id=9209"},"modified":"2026-02-20T10:33:09","modified_gmt":"2026-02-20T10:33:09","slug":"gepifoldmunka","status":"publish","type":"page","link":"https:\/\/egervaritrans.hu\/WP\/gepifoldmunka\/","title":{"rendered":"G\u00e9pi f\u00f6ldmunka"},"content":{"rendered":"<style type=\"text\/css\"> \n#cmsmasters_row_69e2291de3c163_38013749 .cmsmasters_row_outer_parent { \n\tpadding-top: 0px; \n} \n\n#cmsmasters_row_69e2291de3c163_38013749 .cmsmasters_row_outer_parent { \n\tpadding-bottom: 10px; \n} \n\n \n#cmsmasters_heading_69e2291de3d001_97207504 { \n\ttext-align:left; \n\tmargin-top:0px; \n\tmargin-bottom:0px; \n} \n\n#cmsmasters_heading_69e2291de3d001_97207504 .cmsmasters_heading { \n\ttext-align:left; \n} \n\n#cmsmasters_heading_69e2291de3d001_97207504 .cmsmasters_heading, #cmsmasters_heading_69e2291de3d001_97207504 .cmsmasters_heading a { \n\tfont-family:'Roboto Condensed'; \n\tfont-size:18px; \n\tline-height:24px; \n\tfont-weight:600; \n\tfont-style:normal; \n\tcolor:#a8a8a8;\n} \n\n#cmsmasters_heading_69e2291de3d001_97207504 .cmsmasters_heading_divider { \n} \n\n \n#cmsmasters_heading_69e2291de3d5a0_70277004 { \n\ttext-align:left; \n\tmargin-top:0px; \n\tmargin-bottom:20px; \n} \n\n#cmsmasters_heading_69e2291de3d5a0_70277004 .cmsmasters_heading { \n\ttext-align:left; \n} \n\n#cmsmasters_heading_69e2291de3d5a0_70277004 .cmsmasters_heading, #cmsmasters_heading_69e2291de3d5a0_70277004 .cmsmasters_heading a { \n\tfont-size:28px; \n\tfont-weight:600; \n\tfont-style:normal; \n} \n\n#cmsmasters_heading_69e2291de3d5a0_70277004 .cmsmasters_heading_divider { \n} \n\n \n#cmsmasters_divider_69e2291de3da62_07162750 { \n\tborder-bottom-width:1px; \n\tborder-bottom-style:solid; \n\tpadding-top:0px; \n\tmargin-bottom:40px; \n} \n \n#cmsmasters_row_69e2291de3e053_73205775 .cmsmasters_row_outer_parent { \n\tpadding-top: 0px; \n} \n\n#cmsmasters_row_69e2291de3e053_73205775 .cmsmasters_row_outer_parent { \n\tpadding-bottom: 10px; \n} \n\n \n#cmsmasters_row_69e2291de443b7_62518541 .cmsmasters_row_outer_parent { \n\tpadding-top: 0px; \n} \n\n#cmsmasters_row_69e2291de443b7_62518541 .cmsmasters_row_outer_parent { \n\tpadding-bottom: 40px; \n} \n\n \n#cmsmasters_row_69e2291de44723_95129564 .cmsmasters_row_outer_parent { \n\tpadding-top: 0px; \n} \n\n#cmsmasters_row_69e2291de44723_95129564 .cmsmasters_row_outer_parent { \n\tpadding-bottom: 0px; \n} \n\n \n#cmsmasters_divider_69e2291de453b1_54170658 { \n\tborder-bottom-width:1px; \n\tborder-bottom-style:solid; \n\tpadding-top:0px; \n\tmargin-bottom:40px; \n} \n \n#cmsmasters_row_69e2291de45586_06542967 .cmsmasters_row_outer_parent { \n\tpadding-bottom: 50px; \n} \n\n \n#cmsmasters_icon_box_69e2291de46438_97678872 { \n\tborder-width:1px; \n\tbackground-color:#fcfcfc;\n\tborder-color:#e4e4e4;\n} \n\n#cmsmasters_icon_box_69e2291de46438_97678872:before, \n#cmsmasters_icon_box_69e2291de46438_97678872 .icon_box_heading:before { \n\tfont-size:30px; \n\tline-height:60px; \n\twidth:60px; \n\theight:60px; \n\tborder-width:0px; \n\t-webkit-border-radius:50%; \n\tborder-radius:50%; \n\tcolor:#ffffff;\n\tbackground-color:#f02830;\n} \n\n#cmsmasters_icon_box_69e2291de46438_97678872.cmsmasters_icon_heading_left, \n#cmsmasters_icon_box_69e2291de46438_97678872.cmsmasters_icon_top, \n#cmsmasters_icon_box_69e2291de46438_97678872.cmsmasters_icon_box_left_top { \n\tpadding:30px 20px; } \n\n#cmsmasters_icon_box_69e2291de46438_97678872.cmsmasters_icon_top:before { \n\ttop:30px;} \n\n#cmsmasters_icon_box_69e2291de46438_97678872.cmsmasters_icon_box_left, \n#cmsmasters_icon_box_69e2291de46438_97678872.cmsmasters_icon_box_left_top { \n\tpadding-left:60px; \n\tmargin-left:30px; \n\t} \n\n#cmsmasters_icon_box_69e2291de46438_97678872.cmsmasters_icon_box_left:before, \n#cmsmasters_icon_box_69e2291de46438_97678872.cmsmasters_icon_box_left_top:before { \n\tleft:-30px; \n\t} \n\n#cmsmasters_icon_box_69e2291de46438_97678872.cmsmasters_icon_box_left_top { \n\tpadding-top:30px; \n\tmargin-top:60px; \n\t} \n\n#cmsmasters_icon_box_69e2291de46438_97678872.cmsmasters_icon_box_left_top:before { \n\tmargin-top:-30px; \n\t} \n\n \n#cmsmasters_divider_69e2291de46c73_54742772 { \n\tborder-bottom-width:0px; \n\tborder-bottom-style:solid; \n\tpadding-top:0px; \n\tmargin-bottom:40px; \n} \n \n#cmsmasters_icon_box_69e2291de471a1_52839361 { \n\tborder-width:1px; \n\tbackground-color:#fcfcfc;\n\tborder-color:#e4e4e4;\n} \n\n#cmsmasters_icon_box_69e2291de471a1_52839361:before, \n#cmsmasters_icon_box_69e2291de471a1_52839361 .icon_box_heading:before { \n\tfont-size:30px; \n\tline-height:60px; \n\twidth:60px; \n\theight:60px; \n\tborder-width:0px; \n\t-webkit-border-radius:50%; \n\tborder-radius:50%; \n\tcolor:#ffffff;\n\tbackground-color:#f02830;\n} \n\n#cmsmasters_icon_box_69e2291de471a1_52839361.cmsmasters_icon_heading_left, \n#cmsmasters_icon_box_69e2291de471a1_52839361.cmsmasters_icon_top, \n#cmsmasters_icon_box_69e2291de471a1_52839361.cmsmasters_icon_box_left_top { \n\tpadding:30px 20px; } \n\n#cmsmasters_icon_box_69e2291de471a1_52839361.cmsmasters_icon_top:before { \n\ttop:30px;} \n\n#cmsmasters_icon_box_69e2291de471a1_52839361.cmsmasters_icon_box_left, \n#cmsmasters_icon_box_69e2291de471a1_52839361.cmsmasters_icon_box_left_top { \n\tpadding-left:60px; \n\tmargin-left:30px; \n\t} \n\n#cmsmasters_icon_box_69e2291de471a1_52839361.cmsmasters_icon_box_left:before, \n#cmsmasters_icon_box_69e2291de471a1_52839361.cmsmasters_icon_box_left_top:before { \n\tleft:-30px; \n\t} \n\n#cmsmasters_icon_box_69e2291de471a1_52839361.cmsmasters_icon_box_left_top { \n\tpadding-top:30px; \n\tmargin-top:60px; \n\t} \n\n#cmsmasters_icon_box_69e2291de471a1_52839361.cmsmasters_icon_box_left_top:before { \n\tmargin-top:-30px; \n\t} \n\n \n#cmsmasters_icon_box_69e2291de48048_59024621 { \n\tborder-width:1px; \n\tbackground-color:#fcfcfc;\n\tborder-color:#e4e4e4;\n} \n\n#cmsmasters_icon_box_69e2291de48048_59024621:before, \n#cmsmasters_icon_box_69e2291de48048_59024621 .icon_box_heading:before { \n\tfont-size:30px; \n\tline-height:60px; \n\twidth:60px; \n\theight:60px; \n\tborder-width:0px; \n\t-webkit-border-radius:50%; \n\tborder-radius:50%; \n} \n\n#cmsmasters_icon_box_69e2291de48048_59024621.cmsmasters_icon_heading_left, \n#cmsmasters_icon_box_69e2291de48048_59024621.cmsmasters_icon_top, \n#cmsmasters_icon_box_69e2291de48048_59024621.cmsmasters_icon_box_left_top { \n\tpadding:30px 20px; } \n\n#cmsmasters_icon_box_69e2291de48048_59024621.cmsmasters_icon_top:before { \n\ttop:30px;} \n\n#cmsmasters_icon_box_69e2291de48048_59024621.cmsmasters_icon_box_left, \n#cmsmasters_icon_box_69e2291de48048_59024621.cmsmasters_icon_box_left_top { \n\tpadding-left:60px; \n\tmargin-left:30px; \n\t} \n\n#cmsmasters_icon_box_69e2291de48048_59024621.cmsmasters_icon_box_left:before, \n#cmsmasters_icon_box_69e2291de48048_59024621.cmsmasters_icon_box_left_top:before { \n\tleft:-30px; \n\t} \n\n#cmsmasters_icon_box_69e2291de48048_59024621.cmsmasters_icon_box_left_top { \n\tpadding-top:30px; \n\tmargin-top:60px; \n\t} \n\n#cmsmasters_icon_box_69e2291de48048_59024621.cmsmasters_icon_box_left_top:before { \n\tmargin-top:-30px; \n\t} \n\n \n#cmsmasters_divider_69e2291de48806_99913884 { \n\tborder-bottom-width:0px; \n\tborder-bottom-style:solid; \n\tpadding-top:0px; \n\tmargin-bottom:40px; \n} \n \n#cmsmasters_icon_box_69e2291de48d25_62975109 { \n\tborder-width:1px; \n\tbackground-color:#fcfcfc;\n\tborder-color:#e4e4e4;\n} \n\n#cmsmasters_icon_box_69e2291de48d25_62975109:before, \n#cmsmasters_icon_box_69e2291de48d25_62975109 .icon_box_heading:before { \n\tfont-size:30px; \n\tline-height:60px; \n\twidth:60px; \n\theight:60px; \n\tborder-width:0px; \n\t-webkit-border-radius:50%; \n\tborder-radius:50%; \n} \n\n#cmsmasters_icon_box_69e2291de48d25_62975109.cmsmasters_icon_heading_left, \n#cmsmasters_icon_box_69e2291de48d25_62975109.cmsmasters_icon_top, \n#cmsmasters_icon_box_69e2291de48d25_62975109.cmsmasters_icon_box_left_top { \n\tpadding:30px 20px; } \n\n#cmsmasters_icon_box_69e2291de48d25_62975109.cmsmasters_icon_top:before { \n\ttop:30px;} \n\n#cmsmasters_icon_box_69e2291de48d25_62975109.cmsmasters_icon_box_left, \n#cmsmasters_icon_box_69e2291de48d25_62975109.cmsmasters_icon_box_left_top { \n\tpadding-left:60px; \n\tmargin-left:30px; \n\t} \n\n#cmsmasters_icon_box_69e2291de48d25_62975109.cmsmasters_icon_box_left:before, \n#cmsmasters_icon_box_69e2291de48d25_62975109.cmsmasters_icon_box_left_top:before { \n\tleft:-30px; \n\t} \n\n#cmsmasters_icon_box_69e2291de48d25_62975109.cmsmasters_icon_box_left_top { \n\tpadding-top:30px; \n\tmargin-top:60px; \n\t} \n\n#cmsmasters_icon_box_69e2291de48d25_62975109.cmsmasters_icon_box_left_top:before { \n\tmargin-top:-30px; \n\t} \n\n<\/style><div id=\"cmsmasters_row_69e2291de3c163_38013749\" class=\"cmsmasters_row cmsmasters_color_scheme_default cmsmasters_row_top_default cmsmasters_row_bot_default cmsmasters_row_boxed\">\n<div class=\"cmsmasters_row_outer_parent\">\n<div class=\"cmsmasters_row_outer\">\n<div class=\"cmsmasters_row_inner\">\n<div class=\"cmsmasters_row_margin\">\n<div class=\"cmsmasters_column one_first\">\n\n<div id=\"cmsmasters_heading_69e2291de3d001_97207504\" class=\"cmsmasters_heading_wrap cmsmasters_heading_align_left\">\n\t<h3 class=\"cmsmasters_heading\">Szolg\u00e1ltat\u00e1s<\/h3>\n<\/div>\n<div id=\"cmsmasters_heading_69e2291de3d5a0_70277004\" class=\"cmsmasters_heading_wrap cmsmasters_heading_align_left\">\n\t<h1 class=\"cmsmasters_heading\">G\u00e9pi f\u00f6ldmunka \u00e9s tereprendez\u00e9s<\/h1>\n<\/div>\n\n<div id=\"cmsmasters_divider_69e2291de3da62_07162750\" class=\"cmsmasters_divider cmsmasters_divider_width_long cmsmasters_divider_pos_center\"><\/div>\n<div class=\"cmsmasters_text\">\n<p>C\u00e9g\u00fcnk Ajka \u00e9s k\u00f6rny\u00e9k\u00e9n v\u00e1llal teljes k\u00f6r\u0171 g\u00e9pi f\u00f6ldmunk\u00e1t, tereprendez\u00e9st \u00e9s \u00f6mlesztett \u00e9p\u00edt\u0151anyag \u00e9rt\u00e9kes\u00edt\u00e9st. Modern g\u00e9pparkkal, tapasztalt szakemberekkel \u00e9s megb\u00edzhat\u00f3 kivitelez\u00e9ssel dolgozunk mag\u00e1nszem\u00e9lyek \u00e9s v\u00e1llalkoz\u00e1sok sz\u00e1m\u00e1ra egyar\u00e1nt.<\/p>\n<p>Munk\u00e1ink sor\u00e1n a pontoss\u00e1gra, hat\u00e1rid\u0151k betart\u00e1s\u00e1ra \u00e9s a rendezett munkater\u00fclet \u00e1tad\u00e1s\u00e1ra kiemelt figyelmet ford\u00edtunk.<\/p>\n<p>Ak\u00e1r csal\u00e1di h\u00e1z \u00e9p\u00edt\u00e9s\u00e9hez, ak\u00e1r ipari beruh\u00e1z\u00e1shoz keres kivitelez\u0151t, sz\u00e1m\u00edthat r\u00e1nk a ter\u00fclet el\u0151k\u00e9sz\u00edt\u00e9s\u00e9t\u0151l az anyagell\u00e1t\u00e1sig.<\/p>\n<\/div>\n<\/div>\n<\/div>\n<\/div>\n<\/div>\n<\/div>\n<\/div>\n<div id=\"cmsmasters_row_69e2291de3e053_73205775\" class=\"cmsmasters_row cmsmasters_color_scheme_default cmsmasters_row_top_default cmsmasters_row_bot_default cmsmasters_row_boxed\">\n<div class=\"cmsmasters_row_outer_parent\">\n<div class=\"cmsmasters_row_outer\">\n<div class=\"cmsmasters_row_inner\">\n<div class=\"cmsmasters_row_margin\">\n<div class=\"cmsmasters_column one_half\">\n<div class=\"cmsmasters_content_slider_wrap\" style=\"max-width:580px;\">\n<script type=\"text\/javascript\">jQuery(document).ready(function () { jQuery(\"#cmsmasters_slider_69e2291de3e963_06516624.cmsmasters_content_slider\").owlCarousel( { singleItem : true, transitionStyle: false, rewindSpeed : 1000, slideSpeed : 600, autoHeight : true, paginationSpeed : \t600, autoPlay : 2000,navigationText : \t[ \"<span class=\\\"cmsmasters_prev_arrow\\\"><span><\/span><\/span>\", \"<span class=\\\"cmsmasters_next_arrow\\\"><span><\/span><\/span>\" ] } );} );<\/script>\n<div id=\"cmsmasters_slider_69e2291de3e963_06516624\" class=\"cmsmasters_content_slider cmsmasters_owl_slider owl-carousel\">\n<div class=\"cmsmasters_content_slider_item\"><img width=\"580\" height=\"350\" src=\"https:\/\/egervaritrans.hu\/WP\/wp-content\/uploads\/2026\/02\/PW98MR_11_action1-580x350.jpg\" class=\"attachment-cmsmasters-blog-masonry-thumb size-cmsmasters-blog-masonry-thumb\" alt=\"\" loading=\"lazy\" \/><\/div><div class=\"cmsmasters_content_slider_item\"><img width=\"580\" height=\"350\" src=\"https:\/\/egervaritrans.hu\/WP\/wp-content\/uploads\/2023\/12\/uthenger_1-580x350.jpg\" class=\"attachment-cmsmasters-blog-masonry-thumb size-cmsmasters-blog-masonry-thumb\" alt=\"\" loading=\"lazy\" \/><\/div><div class=\"cmsmasters_content_slider_item\"><img width=\"580\" height=\"350\" src=\"https:\/\/egervaritrans.hu\/WP\/wp-content\/uploads\/2021\/05\/cat-580x350.jpg\" class=\"attachment-cmsmasters-blog-masonry-thumb size-cmsmasters-blog-masonry-thumb\" alt=\"\" loading=\"lazy\" \/><\/div><div class=\"cmsmasters_content_slider_item\"><img width=\"580\" height=\"350\" src=\"https:\/\/egervaritrans.hu\/WP\/wp-content\/uploads\/2021\/08\/tozeg1-580x350.jpg\" class=\"attachment-cmsmasters-blog-masonry-thumb size-cmsmasters-blog-masonry-thumb\" alt=\"\" loading=\"lazy\" \/><\/div><\/div>\n<\/div>\n<\/div>\n<div class=\"cmsmasters_column one_half\">\n<div class=\"cmsmasters_text\">\n<ul>\n<li>\n<h3>G\u00e9pi f\u00f6ldmunka<\/h3>\n<\/li>\n<li>\n<h3>Tereprendez\u00e9s<\/h3>\n<\/li>\n<li>\n<h3>\u00d6mlesztett \u00e1ru \u00e9rt\u00e9kes\u00edt\u00e9s<\/h3>\n<\/li>\n<li>\n<h3>Sz\u00e1ll\u00edt\u00e1s<\/h3>\n<\/li>\n<\/ul>\n<\/div>\n<\/div>\n<\/div>\n<\/div>\n<\/div>\n<\/div>\n<\/div>\n<div id=\"cmsmasters_row_69e2291de443b7_62518541\" class=\"cmsmasters_row cmsmasters_color_scheme_default cmsmasters_row_top_default cmsmasters_row_bot_default cmsmasters_row_boxed\">\n<div class=\"cmsmasters_row_outer_parent\">\n<div class=\"cmsmasters_row_outer\">\n<div class=\"cmsmasters_row_inner\">\n<div class=\"cmsmasters_row_margin\">\n<div class=\"cmsmasters_column one_first\">\n<\/div>\n<\/div>\n<\/div>\n<\/div>\n<\/div>\n<\/div>\n<div id=\"cmsmasters_row_69e2291de44723_95129564\" class=\"cmsmasters_row cmsmasters_color_scheme_default cmsmasters_row_top_default cmsmasters_row_bot_default cmsmasters_row_boxed\">\n<div class=\"cmsmasters_row_outer_parent\">\n<div class=\"cmsmasters_row_outer\">\n<div class=\"cmsmasters_row_inner\">\n<div class=\"cmsmasters_row_margin\">\n<div class=\"cmsmasters_column one_first\">\n<div class=\"cmsmasters_text\">\n<h1><strong>AMIT BIZTOS\u00cdTUNK A <span style=\"color: #0090ff;\">F\u00d6LDMUNK\u00c1K<\/span>\u00a0SOR\u00c1N<\/strong><\/h1>\n<\/div>\n\n<div id=\"cmsmasters_divider_69e2291de453b1_54170658\" class=\"cmsmasters_divider cmsmasters_divider_width_long cmsmasters_divider_pos_center\"><\/div>\n<\/div>\n<\/div>\n<\/div>\n<\/div>\n<\/div>\n<\/div>\n<div id=\"cmsmasters_row_69e2291de45586_06542967\" class=\"cmsmasters_row cmsmasters_color_scheme_default cmsmasters_row_top_default cmsmasters_row_bot_default cmsmasters_row_boxed\">\n<div class=\"cmsmasters_row_outer_parent\">\n<div class=\"cmsmasters_row_outer\">\n<div class=\"cmsmasters_row_inner\">\n<div class=\"cmsmasters_row_margin\">\n<div class=\"cmsmasters_column one_half\">\n\n<div id=\"cmsmasters_icon_box_69e2291de46438_97678872\" class=\"cmsmasters_icon_box cmsmasters_icon_box_left_top box_icon_type_icon cmsmasters-icon-custom-10\">\n<div class=\"icon_box_inner\">\n<h3 class=\"icon_box_heading\">G\u00c9PI F\u00d6LDMUNKA<\/h3>\n<div class=\"icon_box_text\">\n<ul>\n<li>Alap\u00e1s\u00e1s, pontalap \u00e1s\u00e1s<\/li>\n<li>S\u00e1valap k\u00e9sz\u00edt\u00e9s, alapkiemel\u00e9s<\/li>\n<li>F\u00f6ldkiemel\u00e9s, \u00e1rok\u00e1s\u00e1s k\u00f6zm\u0171vekhez<\/li>\n<li>T\u00fck\u00f6rk\u00e9sz\u00edt\u00e9s, bev\u00e1g\u00e1s, felt\u00f6lt\u00e9s<\/li>\n<\/ul>\n<\/div>\n<\/div>\n<\/div>\n\n<div id=\"cmsmasters_divider_69e2291de46c73_54742772\" class=\"cl\"><\/div>\n\n<div id=\"cmsmasters_icon_box_69e2291de471a1_52839361\" class=\"cmsmasters_icon_box cmsmasters_icon_box_left_top box_icon_type_icon cmsmasters-icon-custom-18\">\n<div class=\"icon_box_inner\">\n<h3 class=\"icon_box_heading\">TEREPRENDEZ\u00c9S<\/h3>\n<div class=\"icon_box_text\">\n<ul>\n<li>Telekrendez\u00e9s, szintkiegyenl\u00edt\u00e9s<\/li>\n<li>Udvarrendez\u00e9s, murv\u00e1z\u00e1s<\/li>\n<li>Parkol\u00f3- \u00e9s be\u00e1ll\u00f3k\u00e9sz\u00edt\u00e9s<\/li>\n<li>El\u0151k\u00e9sz\u00edt\u00e9s t\u00e9rk\u00f6vez\u00e9shez<\/li>\n<\/ul>\n<\/div>\n<\/div>\n<\/div>\n<\/div>\n<div class=\"cmsmasters_column one_half\">\n\n<div id=\"cmsmasters_icon_box_69e2291de48048_59024621\" class=\"cmsmasters_icon_box cmsmasters_icon_box_left_top box_icon_type_icon cmsmasters-icon-custom-01\">\n<div class=\"icon_box_inner\">\n<h3 class=\"icon_box_heading\">\u00d6MLESZTETT \u00c1RU \u00c9RT\u00c9KES\u00cdT\u00c9SE \u00c9S SZ\u00c1LL\u00cdT\u00c1SA<\/h3>\n<div class=\"icon_box_text\">\n<p>Telephely\u00fcnkr\u0151l az al\u00e1bbi anyagok el\u00e9rhet\u0151k, ak\u00e1r azonnali \u00e1tv\u00e9tellel vagy kisz\u00e1ll\u00edt\u00e1ssal:<\/p>\n<ul>\n<li>0\u201320 murva, 0\u201316 kavics, 0\u201350 murva, 0-1 Homok<\/li>\n<li>16-32 mosott kavics, 0-8 s\u00f3der, 4-8, kavics, 11-22 murva<\/li>\n<li>11-22 bazalt, 0-4 estrich, 2-4 murva, t\u00f6lt\u0151f\u00f6ld<\/li>\n<li>Egy\u00e9b ig\u00e9ny szerinti \u00f6mlesztett anyagok<\/li>\n<\/ul>\n<p>Saj\u00e1t j\u00e1rm\u0171veinkkel biztos\u00edtjuk a gyors \u00e9s pontos kisz\u00e1ll\u00edt\u00e1st.<\/p>\n<\/div>\n<\/div>\n<\/div>\n\n<div id=\"cmsmasters_divider_69e2291de48806_99913884\" class=\"cl\"><\/div>\n\n<div id=\"cmsmasters_icon_box_69e2291de48d25_62975109\" class=\"cmsmasters_icon_box cmsmasters_icon_box_left_top box_icon_type_icon cmsmasters-icon-custom-08\">\n<div class=\"icon_box_inner\">\n<h3 class=\"icon_box_heading\">MI\u00c9RT V\u00c1LASSZON MINKET?<\/h3>\n<div class=\"icon_box_text\">\n<ul>\n<li>Modern, megb\u00edzhat\u00f3 g\u00e9ppark<\/li>\n<li>Tapasztalt kezel\u0151szem\u00e9lyzet<\/li>\n<li>Gyors, prec\u00edz munkav\u00e9gz\u00e9s<\/li>\n<li>Rugalmas id\u0151pont-egyeztet\u00e9s<\/li>\n<li>Versenyk\u00e9pes \u00e1rak<\/li>\n<li>Helyi, stabil v\u00e1llalkoz\u00e1s<\/li>\n<\/ul>\n<\/div>\n<\/div>\n<\/div>\n<\/div>\n<\/div>\n<\/div>\n<\/div>\n<\/div>\n<\/div>\n\n","protected":false},"excerpt":{"rendered":"","protected":false},"author":1,"featured_media":0,"parent":0,"menu_order":0,"comment_status":"closed","ping_status":"closed","template":"","meta":[],"yoast_head":"<!-- This site is optimized with the Yoast SEO plugin v19.1 - https:\/\/yoast.com\/wordpress\/plugins\/seo\/ -->\n<title>G\u00e9pi f\u00f6ldmunka - Egerv\u00e1ri Trans<\/title>\n<meta name=\"robots\" content=\"index, follow, max-snippet:-1, max-image-preview:large, max-video-preview:-1\" \/>\n<link rel=\"canonical\" href=\"https:\/\/egervaritrans.hu\/WP\/gepifoldmunka\/\" \/>\n<meta property=\"og:locale\" content=\"hu_HU\" \/>\n<meta property=\"og:type\" content=\"article\" \/>\n<meta property=\"og:title\" content=\"G\u00e9pi f\u00f6ldmunka - Egerv\u00e1ri Trans\" \/>\n<meta property=\"og:url\" content=\"https:\/\/egervaritrans.hu\/WP\/gepifoldmunka\/\" \/>\n<meta property=\"og:site_name\" content=\"Egerv\u00e1ri Trans\" \/>\n<meta property=\"article:publisher\" content=\"https:\/\/hu-hu.facebook.com\/egervaritrans\/\" \/>\n<meta property=\"article:modified_time\" content=\"2026-02-20T10:33:09+00:00\" \/>\n<meta name=\"twitter:card\" content=\"summary_large_image\" \/>\n<meta name=\"twitter:label1\" content=\"Becs\u00fclt olvas\u00e1si id\u0151\" \/>\n\t<meta name=\"twitter:data1\" content=\"2 perc\" \/>\n<script type=\"application\/ld+json\" class=\"yoast-schema-graph\">{\"@context\":\"https:\/\/schema.org\",\"@graph\":[{\"@type\":\"WebSite\",\"@id\":\"https:\/\/egervaritrans.hu\/WP\/#website\",\"url\":\"https:\/\/egervaritrans.hu\/WP\/\",\"name\":\"Egerv\u00e1ri Trans\",\"description\":\"Sz\u00e1ll\u00edtm\u00e1nyoz\u00e1s, rakt\u00e1roz\u00e1s, \u00e9p\u00edt\u0151anyag depo\",\"potentialAction\":[{\"@type\":\"SearchAction\",\"target\":{\"@type\":\"EntryPoint\",\"urlTemplate\":\"https:\/\/egervaritrans.hu\/WP\/?s={search_term_string}\"},\"query-input\":\"required name=search_term_string\"}],\"inLanguage\":\"hu\"},{\"@type\":\"WebPage\",\"@id\":\"https:\/\/egervaritrans.hu\/WP\/gepifoldmunka\/#webpage\",\"url\":\"https:\/\/egervaritrans.hu\/WP\/gepifoldmunka\/\",\"name\":\"G\u00e9pi f\u00f6ldmunka - Egerv\u00e1ri Trans\",\"isPartOf\":{\"@id\":\"https:\/\/egervaritrans.hu\/WP\/#website\"},\"datePublished\":\"2026-02-16T15:58:36+00:00\",\"dateModified\":\"2026-02-20T10:33:09+00:00\",\"breadcrumb\":{\"@id\":\"https:\/\/egervaritrans.hu\/WP\/gepifoldmunka\/#breadcrumb\"},\"inLanguage\":\"hu\",\"potentialAction\":[{\"@type\":\"ReadAction\",\"target\":[\"https:\/\/egervaritrans.hu\/WP\/gepifoldmunka\/\"]}]},{\"@type\":\"BreadcrumbList\",\"@id\":\"https:\/\/egervaritrans.hu\/WP\/gepifoldmunka\/#breadcrumb\",\"itemListElement\":[{\"@type\":\"ListItem\",\"position\":1,\"name\":\"Home\",\"item\":\"https:\/\/egervaritrans.hu\/WP\/\"},{\"@type\":\"ListItem\",\"position\":2,\"name\":\"G\u00e9pi f\u00f6ldmunka\"}]}]}<\/script>\n<!-- \/ Yoast SEO plugin. -->","yoast_head_json":{"title":"G\u00e9pi f\u00f6ldmunka - Egerv\u00e1ri Trans","robots":{"index":"index","follow":"follow","max-snippet":"max-snippet:-1","max-image-preview":"max-image-preview:large","max-video-preview":"max-video-preview:-1"},"canonical":"https:\/\/egervaritrans.hu\/WP\/gepifoldmunka\/","og_locale":"hu_HU","og_type":"article","og_title":"G\u00e9pi f\u00f6ldmunka - Egerv\u00e1ri Trans","og_url":"https:\/\/egervaritrans.hu\/WP\/gepifoldmunka\/","og_site_name":"Egerv\u00e1ri Trans","article_publisher":"https:\/\/hu-hu.facebook.com\/egervaritrans\/","article_modified_time":"2026-02-20T10:33:09+00:00","twitter_card":"summary_large_image","twitter_misc":{"Becs\u00fclt olvas\u00e1si id\u0151":"2 perc"},"schema":{"@context":"https:\/\/schema.org","@graph":[{"@type":"WebSite","@id":"https:\/\/egervaritrans.hu\/WP\/#website","url":"https:\/\/egervaritrans.hu\/WP\/","name":"Egerv\u00e1ri Trans","description":"Sz\u00e1ll\u00edtm\u00e1nyoz\u00e1s, rakt\u00e1roz\u00e1s, \u00e9p\u00edt\u0151anyag depo","potentialAction":[{"@type":"SearchAction","target":{"@type":"EntryPoint","urlTemplate":"https:\/\/egervaritrans.hu\/WP\/?s={search_term_string}"},"query-input":"required name=search_term_string"}],"inLanguage":"hu"},{"@type":"WebPage","@id":"https:\/\/egervaritrans.hu\/WP\/gepifoldmunka\/#webpage","url":"https:\/\/egervaritrans.hu\/WP\/gepifoldmunka\/","name":"G\u00e9pi f\u00f6ldmunka - Egerv\u00e1ri Trans","isPartOf":{"@id":"https:\/\/egervaritrans.hu\/WP\/#website"},"datePublished":"2026-02-16T15:58:36+00:00","dateModified":"2026-02-20T10:33:09+00:00","breadcrumb":{"@id":"https:\/\/egervaritrans.hu\/WP\/gepifoldmunka\/#breadcrumb"},"inLanguage":"hu","potentialAction":[{"@type":"ReadAction","target":["https:\/\/egervaritrans.hu\/WP\/gepifoldmunka\/"]}]},{"@type":"BreadcrumbList","@id":"https:\/\/egervaritrans.hu\/WP\/gepifoldmunka\/#breadcrumb","itemListElement":[{"@type":"ListItem","position":1,"name":"Home","item":"https:\/\/egervaritrans.hu\/WP\/"},{"@type":"ListItem","position":2,"name":"G\u00e9pi f\u00f6ldmunka"}]}]}},"_links":{"self":[{"href":"https:\/\/egervaritrans.hu\/WP\/wp-json\/wp\/v2\/pages\/9209"}],"collection":[{"href":"https:\/\/egervaritrans.hu\/WP\/wp-json\/wp\/v2\/pages"}],"about":[{"href":"https:\/\/egervaritrans.hu\/WP\/wp-json\/wp\/v2\/types\/page"}],"author":[{"embeddable":true,"href":"https:\/\/egervaritrans.hu\/WP\/wp-json\/wp\/v2\/users\/1"}],"replies":[{"embeddable":true,"href":"https:\/\/egervaritrans.hu\/WP\/wp-json\/wp\/v2\/comments?post=9209"}],"version-history":[{"count":12,"href":"https:\/\/egervaritrans.hu\/WP\/wp-json\/wp\/v2\/pages\/9209\/revisions"}],"predecessor-version":[{"id":9431,"href":"https:\/\/egervaritrans.hu\/WP\/wp-json\/wp\/v2\/pages\/9209\/revisions\/9431"}],"wp:attachment":[{"href":"https:\/\/egervaritrans.hu\/WP\/wp-json\/wp\/v2\/media?parent=9209"}],"curies":[{"name":"wp","href":"https:\/\/api.w.org\/{rel}","templated":true}]}}