{"id":9217,"date":"2026-02-16T16:18:29","date_gmt":"2026-02-16T16:18:29","guid":{"rendered":"https:\/\/egervaritrans.hu\/WP\/?page_id=9217"},"modified":"2026-02-17T14:11:10","modified_gmt":"2026-02-17T14:11:10","slug":"kontener","status":"publish","type":"page","link":"https:\/\/egervaritrans.hu\/WP\/kontener\/","title":{"rendered":"Kont\u00e9ner b\u00e9rl\u00e9s"},"content":{"rendered":"<style type=\"text\/css\"> \n#cmsmasters_row_69e22bbfee4270_79865244 .cmsmasters_row_outer_parent { \n\tpadding-top: 0px; \n} \n\n#cmsmasters_row_69e22bbfee4270_79865244 .cmsmasters_row_outer_parent { \n\tpadding-bottom: 10px; \n} \n\n \n#cmsmasters_heading_69e22bbfee4ef5_59970306 { \n\ttext-align:left; \n\tmargin-top:0px; \n\tmargin-bottom:0px; \n} \n\n#cmsmasters_heading_69e22bbfee4ef5_59970306 .cmsmasters_heading { \n\ttext-align:left; \n} \n\n#cmsmasters_heading_69e22bbfee4ef5_59970306 .cmsmasters_heading, #cmsmasters_heading_69e22bbfee4ef5_59970306 .cmsmasters_heading a { \n\tfont-family:'Roboto Condensed'; \n\tfont-size:18px; \n\tline-height:24px; \n\tfont-weight:600; \n\tfont-style:normal; \n\tcolor:#a8a8a8;\n} \n\n#cmsmasters_heading_69e22bbfee4ef5_59970306 .cmsmasters_heading_divider { \n} \n\n \n#cmsmasters_heading_69e22bbfee5498_15928279 { \n\ttext-align:left; \n\tmargin-top:0px; \n\tmargin-bottom:20px; \n} \n\n#cmsmasters_heading_69e22bbfee5498_15928279 .cmsmasters_heading { \n\ttext-align:left; \n} \n\n#cmsmasters_heading_69e22bbfee5498_15928279 .cmsmasters_heading, #cmsmasters_heading_69e22bbfee5498_15928279 .cmsmasters_heading a { \n\tfont-size:28px; \n\tfont-weight:600; \n\tfont-style:normal; \n} \n\n#cmsmasters_heading_69e22bbfee5498_15928279 .cmsmasters_heading_divider { \n} \n\n \n#cmsmasters_divider_69e22bbfee5977_40043090 { \n\tborder-bottom-width:1px; \n\tborder-bottom-style:solid; \n\tpadding-top:0px; \n\tmargin-bottom:40px; \n} \n \n#cmsmasters_row_69e22bbfee5e81_73341623 .cmsmasters_row_outer_parent { \n\tpadding-top: 0px; \n} \n\n#cmsmasters_row_69e22bbfee5e81_73341623 .cmsmasters_row_outer_parent { \n\tpadding-bottom: 10px; \n} \n\n \n#cmsmasters_row_69e22bbfeeb881_05606251 .cmsmasters_row_outer_parent { \n\tpadding-top: 0px; \n} \n\n#cmsmasters_row_69e22bbfeeb881_05606251 .cmsmasters_row_outer_parent { \n\tpadding-bottom: 50px; \n} \n\n \n#cmsmasters_row_69e22bbfeebb92_47082551 .cmsmasters_row_outer_parent { \n\tpadding-top: 0px; \n} \n\n#cmsmasters_row_69e22bbfeebb92_47082551 .cmsmasters_row_outer_parent { \n\tpadding-bottom: 0px; \n} \n\n \n#cmsmasters_divider_69e22bbfeec749_36968550 { \n\tborder-bottom-width:1px; \n\tborder-bottom-style:solid; \n\tpadding-top:0px; \n\tmargin-bottom:40px; \n} \n \n#cmsmasters_row_69e22bbfeec908_80457602 .cmsmasters_row_outer_parent { \n\tpadding-bottom: 50px; \n} \n\n \n#cmsmasters_icon_box_69e22bbfeed6d7_58886307 { \n\tborder-width:1px; \n\tbackground-color:#fcfcfc;\n\tborder-color:#e4e4e4;\n} \n\n#cmsmasters_icon_box_69e22bbfeed6d7_58886307:before, \n#cmsmasters_icon_box_69e22bbfeed6d7_58886307 .icon_box_heading:before { \n\tfont-size:30px; \n\tline-height:60px; \n\twidth:60px; \n\theight:60px; \n\tborder-width:0px; \n\t-webkit-border-radius:50%; \n\tborder-radius:50%; \n\tcolor:#ffffff;\n\tbackground-color:#f02830;\n} \n\n#cmsmasters_icon_box_69e22bbfeed6d7_58886307.cmsmasters_icon_heading_left, \n#cmsmasters_icon_box_69e22bbfeed6d7_58886307.cmsmasters_icon_top, \n#cmsmasters_icon_box_69e22bbfeed6d7_58886307.cmsmasters_icon_box_left_top { \n\tpadding:30px 20px; } \n\n#cmsmasters_icon_box_69e22bbfeed6d7_58886307.cmsmasters_icon_top:before { \n\ttop:30px;} \n\n#cmsmasters_icon_box_69e22bbfeed6d7_58886307.cmsmasters_icon_box_left, \n#cmsmasters_icon_box_69e22bbfeed6d7_58886307.cmsmasters_icon_box_left_top { \n\tpadding-left:60px; \n\tmargin-left:30px; \n\t} \n\n#cmsmasters_icon_box_69e22bbfeed6d7_58886307.cmsmasters_icon_box_left:before, \n#cmsmasters_icon_box_69e22bbfeed6d7_58886307.cmsmasters_icon_box_left_top:before { \n\tleft:-30px; \n\t} \n\n#cmsmasters_icon_box_69e22bbfeed6d7_58886307.cmsmasters_icon_box_left_top { \n\tpadding-top:30px; \n\tmargin-top:60px; \n\t} \n\n#cmsmasters_icon_box_69e22bbfeed6d7_58886307.cmsmasters_icon_box_left_top:before { \n\tmargin-top:-30px; \n\t} \n\n \n#cmsmasters_divider_69e22bbfeedf00_23045088 { \n\tborder-bottom-width:0px; \n\tborder-bottom-style:solid; \n\tpadding-top:0px; \n\tmargin-bottom:40px; \n} \n \n#cmsmasters_icon_box_69e22bbfeee4a3_99815122 { \n\tborder-width:1px; \n\tbackground-color:#fcfcfc;\n\tborder-color:#e4e4e4;\n} \n\n#cmsmasters_icon_box_69e22bbfeee4a3_99815122:before, \n#cmsmasters_icon_box_69e22bbfeee4a3_99815122 .icon_box_heading:before { \n\tfont-size:30px; \n\tline-height:60px; \n\twidth:60px; \n\theight:60px; \n\tborder-width:0px; \n\t-webkit-border-radius:50%; \n\tborder-radius:50%; \n\tcolor:#ffffff;\n\tbackground-color:#f02830;\n} \n\n#cmsmasters_icon_box_69e22bbfeee4a3_99815122.cmsmasters_icon_heading_left, \n#cmsmasters_icon_box_69e22bbfeee4a3_99815122.cmsmasters_icon_top, \n#cmsmasters_icon_box_69e22bbfeee4a3_99815122.cmsmasters_icon_box_left_top { \n\tpadding:30px 20px; } \n\n#cmsmasters_icon_box_69e22bbfeee4a3_99815122.cmsmasters_icon_top:before { \n\ttop:30px;} \n\n#cmsmasters_icon_box_69e22bbfeee4a3_99815122.cmsmasters_icon_box_left, \n#cmsmasters_icon_box_69e22bbfeee4a3_99815122.cmsmasters_icon_box_left_top { \n\tpadding-left:60px; \n\tmargin-left:30px; \n\t} \n\n#cmsmasters_icon_box_69e22bbfeee4a3_99815122.cmsmasters_icon_box_left:before, \n#cmsmasters_icon_box_69e22bbfeee4a3_99815122.cmsmasters_icon_box_left_top:before { \n\tleft:-30px; \n\t} \n\n#cmsmasters_icon_box_69e22bbfeee4a3_99815122.cmsmasters_icon_box_left_top { \n\tpadding-top:30px; \n\tmargin-top:60px; \n\t} \n\n#cmsmasters_icon_box_69e22bbfeee4a3_99815122.cmsmasters_icon_box_left_top:before { \n\tmargin-top:-30px; \n\t} \n\n \n#cmsmasters_icon_box_69e22bbfeef3a4_69895874 { \n\tborder-width:1px; \n\tbackground-color:#fcfcfc;\n\tborder-color:#e4e4e4;\n} \n\n#cmsmasters_icon_box_69e22bbfeef3a4_69895874:before, \n#cmsmasters_icon_box_69e22bbfeef3a4_69895874 .icon_box_heading:before { \n\tfont-size:30px; \n\tline-height:60px; \n\twidth:60px; \n\theight:60px; \n\tborder-width:0px; \n\t-webkit-border-radius:50%; \n\tborder-radius:50%; \n} \n\n#cmsmasters_icon_box_69e22bbfeef3a4_69895874.cmsmasters_icon_heading_left, \n#cmsmasters_icon_box_69e22bbfeef3a4_69895874.cmsmasters_icon_top, \n#cmsmasters_icon_box_69e22bbfeef3a4_69895874.cmsmasters_icon_box_left_top { \n\tpadding:30px 20px; } \n\n#cmsmasters_icon_box_69e22bbfeef3a4_69895874.cmsmasters_icon_top:before { \n\ttop:30px;} \n\n#cmsmasters_icon_box_69e22bbfeef3a4_69895874.cmsmasters_icon_box_left, \n#cmsmasters_icon_box_69e22bbfeef3a4_69895874.cmsmasters_icon_box_left_top { \n\tpadding-left:60px; \n\tmargin-left:30px; \n\t} \n\n#cmsmasters_icon_box_69e22bbfeef3a4_69895874.cmsmasters_icon_box_left:before, \n#cmsmasters_icon_box_69e22bbfeef3a4_69895874.cmsmasters_icon_box_left_top:before { \n\tleft:-30px; \n\t} \n\n#cmsmasters_icon_box_69e22bbfeef3a4_69895874.cmsmasters_icon_box_left_top { \n\tpadding-top:30px; \n\tmargin-top:60px; \n\t} \n\n#cmsmasters_icon_box_69e22bbfeef3a4_69895874.cmsmasters_icon_box_left_top:before { \n\tmargin-top:-30px; \n\t} \n\n \n#cmsmasters_divider_69e22bbfeefbe8_47097848 { \n\tborder-bottom-width:0px; \n\tborder-bottom-style:solid; \n\tpadding-top:0px; \n\tmargin-bottom:40px; \n} \n \n#cmsmasters_icon_box_69e22bbfef0171_37390997 { \n\tborder-width:1px; \n\tbackground-color:#fcfcfc;\n\tborder-color:#e4e4e4;\n} \n\n#cmsmasters_icon_box_69e22bbfef0171_37390997:before, \n#cmsmasters_icon_box_69e22bbfef0171_37390997 .icon_box_heading:before { \n\tfont-size:30px; \n\tline-height:60px; \n\twidth:60px; \n\theight:60px; \n\tborder-width:0px; \n\t-webkit-border-radius:50%; \n\tborder-radius:50%; \n} \n\n#cmsmasters_icon_box_69e22bbfef0171_37390997.cmsmasters_icon_heading_left, \n#cmsmasters_icon_box_69e22bbfef0171_37390997.cmsmasters_icon_top, \n#cmsmasters_icon_box_69e22bbfef0171_37390997.cmsmasters_icon_box_left_top { \n\tpadding:30px 20px; } \n\n#cmsmasters_icon_box_69e22bbfef0171_37390997.cmsmasters_icon_top:before { \n\ttop:30px;} \n\n#cmsmasters_icon_box_69e22bbfef0171_37390997.cmsmasters_icon_box_left, \n#cmsmasters_icon_box_69e22bbfef0171_37390997.cmsmasters_icon_box_left_top { \n\tpadding-left:60px; \n\tmargin-left:30px; \n\t} \n\n#cmsmasters_icon_box_69e22bbfef0171_37390997.cmsmasters_icon_box_left:before, \n#cmsmasters_icon_box_69e22bbfef0171_37390997.cmsmasters_icon_box_left_top:before { \n\tleft:-30px; \n\t} \n\n#cmsmasters_icon_box_69e22bbfef0171_37390997.cmsmasters_icon_box_left_top { \n\tpadding-top:30px; \n\tmargin-top:60px; \n\t} \n\n#cmsmasters_icon_box_69e22bbfef0171_37390997.cmsmasters_icon_box_left_top:before { \n\tmargin-top:-30px; \n\t} \n\n<\/style><div id=\"cmsmasters_row_69e22bbfee4270_79865244\" class=\"cmsmasters_row cmsmasters_color_scheme_default cmsmasters_row_top_default cmsmasters_row_bot_default cmsmasters_row_boxed\">\n<div class=\"cmsmasters_row_outer_parent\">\n<div class=\"cmsmasters_row_outer\">\n<div class=\"cmsmasters_row_inner\">\n<div class=\"cmsmasters_row_margin\">\n<div class=\"cmsmasters_column one_first\">\n\n<div id=\"cmsmasters_heading_69e22bbfee4ef5_59970306\" class=\"cmsmasters_heading_wrap cmsmasters_heading_align_left\">\n\t<h3 class=\"cmsmasters_heading\">Szolg\u00e1ltat\u00e1s<\/h3>\n<\/div>\n<div id=\"cmsmasters_heading_69e22bbfee5498_15928279\" class=\"cmsmasters_heading_wrap cmsmasters_heading_align_left\">\n\t<h1 class=\"cmsmasters_heading\">Kont\u00e9ner b\u00e9rl\u00e9s<\/h1>\n<\/div>\n\n<div id=\"cmsmasters_divider_69e22bbfee5977_40043090\" class=\"cmsmasters_divider cmsmasters_divider_width_long cmsmasters_divider_pos_center\"><\/div>\n<div class=\"cmsmasters_text\">\n<p>Biztons\u00e1gos, \u0151rz\u00f6tt telephelyen k\u00edn\u00e1lunk 40 l\u00e1bas High Cube kont\u00e9nereket 3500 m\u00b2-es, teljesen k\u00f6rbeker\u00edtett, kamer\u00e1val megfigyelt ter\u00fcleten, kedvez\u0151 havi d\u00edjjal.<\/p>\n<\/div>\n<\/div>\n<\/div>\n<\/div>\n<\/div>\n<\/div>\n<\/div>\n<div id=\"cmsmasters_row_69e22bbfee5e81_73341623\" class=\"cmsmasters_row cmsmasters_color_scheme_default cmsmasters_row_top_default cmsmasters_row_bot_default cmsmasters_row_boxed\">\n<div class=\"cmsmasters_row_outer_parent\">\n<div class=\"cmsmasters_row_outer\">\n<div class=\"cmsmasters_row_inner\">\n<div class=\"cmsmasters_row_margin\">\n<div class=\"cmsmasters_column one_half\">\n<div class=\"cmsmasters_content_slider_wrap\" style=\"max-width:580px;\">\n<script type=\"text\/javascript\">jQuery(document).ready(function () { jQuery(\"#cmsmasters_slider_69e22bbfee6825_47137858.cmsmasters_content_slider\").owlCarousel( { singleItem : true, transitionStyle: false, rewindSpeed : 1000, slideSpeed : 600, autoHeight : true, paginationSpeed : \t600, autoPlay : 2000,navigationText : \t[ \"<span class=\\\"cmsmasters_prev_arrow\\\"><span><\/span><\/span>\", \"<span class=\\\"cmsmasters_next_arrow\\\"><span><\/span><\/span>\" ] } );} );<\/script>\n<div id=\"cmsmasters_slider_69e22bbfee6825_47137858\" class=\"cmsmasters_content_slider cmsmasters_owl_slider owl-carousel\">\n<div class=\"cmsmasters_content_slider_item\"><img width=\"580\" height=\"350\" src=\"https:\/\/egervaritrans.hu\/WP\/wp-content\/uploads\/2026\/02\/20260210_081628882_iOS_1-580x350.jpg\" class=\"attachment-cmsmasters-blog-masonry-thumb size-cmsmasters-blog-masonry-thumb\" alt=\"\" loading=\"lazy\" \/><\/div><div class=\"cmsmasters_content_slider_item\"><img width=\"580\" height=\"350\" src=\"https:\/\/egervaritrans.hu\/WP\/wp-content\/uploads\/2026\/02\/20260210_081535517_iOS_1-580x350.jpg\" class=\"attachment-cmsmasters-blog-masonry-thumb size-cmsmasters-blog-masonry-thumb\" alt=\"\" loading=\"lazy\" \/><\/div><div class=\"cmsmasters_content_slider_item\"><img width=\"580\" height=\"350\" src=\"https:\/\/egervaritrans.hu\/WP\/wp-content\/uploads\/2026\/02\/20260210_081454444_iOS_1-580x350.jpg\" class=\"attachment-cmsmasters-blog-masonry-thumb size-cmsmasters-blog-masonry-thumb\" alt=\"\" loading=\"lazy\" \/><\/div><div class=\"cmsmasters_content_slider_item\"><img width=\"580\" height=\"350\" src=\"https:\/\/egervaritrans.hu\/WP\/wp-content\/uploads\/2026\/02\/20260210_074605814_iOS_1-580x350.jpg\" class=\"attachment-cmsmasters-blog-masonry-thumb size-cmsmasters-blog-masonry-thumb\" alt=\"\" loading=\"lazy\" \/><\/div><\/div>\n<\/div>\n<\/div>\n<div class=\"cmsmasters_column one_half\">\n<div class=\"cmsmasters_text\">\n<h3>Mi\u00e9rt v\u00e1lassza a kont\u00e9nerparkunkat?<\/h3>\n<p>Az Ajkai F\u0151nix Ipari Park ter\u00fclet\u00e9n k\u00edn\u00e1lunk megb\u00edzhat\u00f3, sz\u00e1raz \u00e9s biztons\u00e1gos t\u00e1rol\u00e1si megold\u00e1st v\u00e1llalkoz\u00e1sok \u00e9s mag\u00e1nszem\u00e9lyek sz\u00e1m\u00e1ra egyar\u00e1nt.<\/p>\n<ul>\n<li>3500 m\u00b2-es, k\u00f6rbeker\u00edtett telephely<\/li>\n<li>Kamer\u00e1s megfigyel\u0151rendszer<\/li>\n<li>Z\u00e1rhat\u00f3, sz\u00e1raz kont\u00e9nerek<\/li>\n<li>K\u00f6nny\u0171 megk\u00f6zel\u00edthet\u0151s\u00e9g<\/li>\n<li>Gyors \u00e9s egyszer\u0171 \u00fcgyint\u00e9z\u00e9s<\/li>\n<\/ul>\n<\/div>\n<\/div>\n<\/div>\n<\/div>\n<\/div>\n<\/div>\n<\/div>\n<div id=\"cmsmasters_row_69e22bbfeeb881_05606251\" class=\"cmsmasters_row cmsmasters_color_scheme_default cmsmasters_row_top_default cmsmasters_row_bot_default cmsmasters_row_boxed\">\n<div class=\"cmsmasters_row_outer_parent\">\n<div class=\"cmsmasters_row_outer\">\n<div class=\"cmsmasters_row_inner\">\n<div class=\"cmsmasters_row_margin\">\n<div class=\"cmsmasters_column one_first\">\n<\/div>\n<\/div>\n<\/div>\n<\/div>\n<\/div>\n<\/div>\n<div id=\"cmsmasters_row_69e22bbfeebb92_47082551\" class=\"cmsmasters_row cmsmasters_color_scheme_default cmsmasters_row_top_default cmsmasters_row_bot_default cmsmasters_row_boxed\">\n<div class=\"cmsmasters_row_outer_parent\">\n<div class=\"cmsmasters_row_outer\">\n<div class=\"cmsmasters_row_inner\">\n<div class=\"cmsmasters_row_margin\">\n<div class=\"cmsmasters_column one_first\">\n<div class=\"cmsmasters_text\">\n<h1><strong>AMIT BIZTOS\u00cdTUNK A <span style=\"color: #0090ff;\">RAKT\u00c1RUNKBAN<\/span>\u00a0<\/strong><\/h1>\n<\/div>\n\n<div id=\"cmsmasters_divider_69e22bbfeec749_36968550\" class=\"cmsmasters_divider cmsmasters_divider_width_long cmsmasters_divider_pos_center\"><\/div>\n<\/div>\n<\/div>\n<\/div>\n<\/div>\n<\/div>\n<\/div>\n<div id=\"cmsmasters_row_69e22bbfeec908_80457602\" class=\"cmsmasters_row cmsmasters_color_scheme_default cmsmasters_row_top_default cmsmasters_row_bot_default cmsmasters_row_boxed\">\n<div class=\"cmsmasters_row_outer_parent\">\n<div class=\"cmsmasters_row_outer\">\n<div class=\"cmsmasters_row_inner\">\n<div class=\"cmsmasters_row_margin\">\n<div class=\"cmsmasters_column one_half\">\n\n<div id=\"cmsmasters_icon_box_69e22bbfeed6d7_58886307\" class=\"cmsmasters_icon_box cmsmasters_icon_box_left_top box_icon_type_icon cmsmasters-icon-custom-10\">\n<div class=\"icon_box_inner\">\n<h3 class=\"icon_box_heading\">BIZTONS\u00c1GOS T\u00c1ROL\u00c1S<\/h3>\n<div class=\"icon_box_text\">\n<p>Telephely\u00fcnk teljes eg\u00e9sz\u00e9ben k\u00f6rbeker\u00edtett, kamerarendszerrel fel\u00fcgyelt. A kont\u00e9nerek massz\u00edv, z\u00e1rhat\u00f3 kialak\u00edt\u00e1s\u00faak, stabil \u00e9s sz\u00e1raz t\u00e1rol\u00e1si k\u00f6rnyezetet biztos\u00edtanak.<\/p>\n<\/div>\n<\/div>\n<\/div>\n\n<div id=\"cmsmasters_divider_69e22bbfeedf00_23045088\" class=\"cl\"><\/div>\n\n<div id=\"cmsmasters_icon_box_69e22bbfeee4a3_99815122\" class=\"cmsmasters_icon_box cmsmasters_icon_box_left_top box_icon_type_icon cmsmasters-icon-custom-18\">\n<div class=\"icon_box_inner\">\n<h3 class=\"icon_box_heading\">\u00c9RDEKL\u0150D\u00c9S, \u00c1RAJ\u00c1NLATK\u00c9R\u00c9S<\/h3>\n<div class=\"icon_box_text\">\n<p>Jelenleg m\u00e9g el\u00e9rhet\u0151 szabad kapacit\u00e1s, \u00e9rdemes id\u0151ben lefoglalni.<\/p>\n<p>Telefon: 06\/30-611-7324<\/p>\n<p>E-mail: egervari.adam@egervaritrans.hu<\/p>\n<p>Kapcsolattart\u00f3: Egerv\u00e1ri \u00c1d\u00e1m<\/p>\n<\/div>\n<\/div>\n<\/div>\n<\/div>\n<div class=\"cmsmasters_column one_half\">\n\n<div id=\"cmsmasters_icon_box_69e22bbfeef3a4_69895874\" class=\"cmsmasters_icon_box cmsmasters_icon_box_left_top box_icon_type_icon cmsmasters-icon-custom-01\">\n<div class=\"icon_box_inner\">\n<h3 class=\"icon_box_heading\">40\u2019 HIGH CUBE KONT\u00c9NEREK<\/h3>\n<div class=\"icon_box_text\">\n<ul>\n<li>Hossz: 12,19 m<\/li>\n<li>Sz\u00e9less\u00e9g: 2,44 m<\/li>\n<li>Magass\u00e1g: 2,89 m<\/li>\n<li>T\u00e9rfogat: kb. 76 m\u00b3<\/li>\n<li>Extra belmagass\u00e1g a k\u00e9nyelmes rakod\u00e1s \u00e9rdek\u00e9ben<\/li>\n<\/ul>\n<p>Ide\u00e1lis megold\u00e1s \u00e9p\u00edt\u0151ipari anyagok, g\u00e9pek, webshop k\u00e9szletek, szezon\u00e1lis \u00e1ruk vagy \u00e1tmeneti t\u00e1rol\u00e1s eset\u00e9n.<\/p>\n<\/div>\n<\/div>\n<\/div>\n\n<div id=\"cmsmasters_divider_69e22bbfeefbe8_47097848\" class=\"cl\"><\/div>\n\n<div id=\"cmsmasters_icon_box_69e22bbfef0171_37390997\" class=\"cmsmasters_icon_box cmsmasters_icon_box_left_top box_icon_type_icon cmsmasters-icon-custom-08\">\n<div class=\"icon_box_inner\">\n<h3 class=\"icon_box_heading\">TELEPHELY<\/h3>\n<div class=\"icon_box_text\">\n<h3>Ajka \u2013 F\u0151nix Ipari Park<\/h3>\n<\/div>\n<\/div>\n<\/div>\n<\/div>\n<\/div>\n<\/div>\n<\/div>\n<\/div>\n<\/div>\n\n","protected":false},"excerpt":{"rendered":"","protected":false},"author":1,"featured_media":0,"parent":0,"menu_order":0,"comment_status":"closed","ping_status":"closed","template":"","meta":[],"yoast_head":"<!-- This site is optimized with the Yoast SEO plugin v19.1 - https:\/\/yoast.com\/wordpress\/plugins\/seo\/ -->\n<title>Kont\u00e9ner b\u00e9rl\u00e9s - Egerv\u00e1ri Trans<\/title>\n<meta name=\"robots\" content=\"index, follow, max-snippet:-1, max-image-preview:large, max-video-preview:-1\" \/>\n<link rel=\"canonical\" href=\"https:\/\/egervaritrans.hu\/WP\/kontener\/\" \/>\n<meta property=\"og:locale\" content=\"hu_HU\" \/>\n<meta property=\"og:type\" content=\"article\" \/>\n<meta property=\"og:title\" content=\"Kont\u00e9ner b\u00e9rl\u00e9s - Egerv\u00e1ri Trans\" \/>\n<meta property=\"og:url\" content=\"https:\/\/egervaritrans.hu\/WP\/kontener\/\" \/>\n<meta property=\"og:site_name\" content=\"Egerv\u00e1ri Trans\" \/>\n<meta property=\"article:publisher\" content=\"https:\/\/hu-hu.facebook.com\/egervaritrans\/\" \/>\n<meta property=\"article:modified_time\" content=\"2026-02-17T14:11:10+00:00\" \/>\n<meta name=\"twitter:card\" content=\"summary_large_image\" \/>\n<meta name=\"twitter:label1\" content=\"Becs\u00fclt olvas\u00e1si id\u0151\" \/>\n\t<meta name=\"twitter:data1\" content=\"2 perc\" \/>\n<script type=\"application\/ld+json\" class=\"yoast-schema-graph\">{\"@context\":\"https:\/\/schema.org\",\"@graph\":[{\"@type\":\"WebSite\",\"@id\":\"https:\/\/egervaritrans.hu\/WP\/#website\",\"url\":\"https:\/\/egervaritrans.hu\/WP\/\",\"name\":\"Egerv\u00e1ri Trans\",\"description\":\"Sz\u00e1ll\u00edtm\u00e1nyoz\u00e1s, rakt\u00e1roz\u00e1s, \u00e9p\u00edt\u0151anyag depo\",\"potentialAction\":[{\"@type\":\"SearchAction\",\"target\":{\"@type\":\"EntryPoint\",\"urlTemplate\":\"https:\/\/egervaritrans.hu\/WP\/?s={search_term_string}\"},\"query-input\":\"required name=search_term_string\"}],\"inLanguage\":\"hu\"},{\"@type\":\"WebPage\",\"@id\":\"https:\/\/egervaritrans.hu\/WP\/kontener\/#webpage\",\"url\":\"https:\/\/egervaritrans.hu\/WP\/kontener\/\",\"name\":\"Kont\u00e9ner b\u00e9rl\u00e9s - Egerv\u00e1ri Trans\",\"isPartOf\":{\"@id\":\"https:\/\/egervaritrans.hu\/WP\/#website\"},\"datePublished\":\"2026-02-16T16:18:29+00:00\",\"dateModified\":\"2026-02-17T14:11:10+00:00\",\"breadcrumb\":{\"@id\":\"https:\/\/egervaritrans.hu\/WP\/kontener\/#breadcrumb\"},\"inLanguage\":\"hu\",\"potentialAction\":[{\"@type\":\"ReadAction\",\"target\":[\"https:\/\/egervaritrans.hu\/WP\/kontener\/\"]}]},{\"@type\":\"BreadcrumbList\",\"@id\":\"https:\/\/egervaritrans.hu\/WP\/kontener\/#breadcrumb\",\"itemListElement\":[{\"@type\":\"ListItem\",\"position\":1,\"name\":\"Home\",\"item\":\"https:\/\/egervaritrans.hu\/WP\/\"},{\"@type\":\"ListItem\",\"position\":2,\"name\":\"Kont\u00e9ner b\u00e9rl\u00e9s\"}]}]}<\/script>\n<!-- \/ Yoast SEO plugin. -->","yoast_head_json":{"title":"Kont\u00e9ner b\u00e9rl\u00e9s - Egerv\u00e1ri Trans","robots":{"index":"index","follow":"follow","max-snippet":"max-snippet:-1","max-image-preview":"max-image-preview:large","max-video-preview":"max-video-preview:-1"},"canonical":"https:\/\/egervaritrans.hu\/WP\/kontener\/","og_locale":"hu_HU","og_type":"article","og_title":"Kont\u00e9ner b\u00e9rl\u00e9s - Egerv\u00e1ri Trans","og_url":"https:\/\/egervaritrans.hu\/WP\/kontener\/","og_site_name":"Egerv\u00e1ri Trans","article_publisher":"https:\/\/hu-hu.facebook.com\/egervaritrans\/","article_modified_time":"2026-02-17T14:11:10+00:00","twitter_card":"summary_large_image","twitter_misc":{"Becs\u00fclt olvas\u00e1si id\u0151":"2 perc"},"schema":{"@context":"https:\/\/schema.org","@graph":[{"@type":"WebSite","@id":"https:\/\/egervaritrans.hu\/WP\/#website","url":"https:\/\/egervaritrans.hu\/WP\/","name":"Egerv\u00e1ri Trans","description":"Sz\u00e1ll\u00edtm\u00e1nyoz\u00e1s, rakt\u00e1roz\u00e1s, \u00e9p\u00edt\u0151anyag depo","potentialAction":[{"@type":"SearchAction","target":{"@type":"EntryPoint","urlTemplate":"https:\/\/egervaritrans.hu\/WP\/?s={search_term_string}"},"query-input":"required name=search_term_string"}],"inLanguage":"hu"},{"@type":"WebPage","@id":"https:\/\/egervaritrans.hu\/WP\/kontener\/#webpage","url":"https:\/\/egervaritrans.hu\/WP\/kontener\/","name":"Kont\u00e9ner b\u00e9rl\u00e9s - Egerv\u00e1ri Trans","isPartOf":{"@id":"https:\/\/egervaritrans.hu\/WP\/#website"},"datePublished":"2026-02-16T16:18:29+00:00","dateModified":"2026-02-17T14:11:10+00:00","breadcrumb":{"@id":"https:\/\/egervaritrans.hu\/WP\/kontener\/#breadcrumb"},"inLanguage":"hu","potentialAction":[{"@type":"ReadAction","target":["https:\/\/egervaritrans.hu\/WP\/kontener\/"]}]},{"@type":"BreadcrumbList","@id":"https:\/\/egervaritrans.hu\/WP\/kontener\/#breadcrumb","itemListElement":[{"@type":"ListItem","position":1,"name":"Home","item":"https:\/\/egervaritrans.hu\/WP\/"},{"@type":"ListItem","position":2,"name":"Kont\u00e9ner b\u00e9rl\u00e9s"}]}]}},"_links":{"self":[{"href":"https:\/\/egervaritrans.hu\/WP\/wp-json\/wp\/v2\/pages\/9217"}],"collection":[{"href":"https:\/\/egervaritrans.hu\/WP\/wp-json\/wp\/v2\/pages"}],"about":[{"href":"https:\/\/egervaritrans.hu\/WP\/wp-json\/wp\/v2\/types\/page"}],"author":[{"embeddable":true,"href":"https:\/\/egervaritrans.hu\/WP\/wp-json\/wp\/v2\/users\/1"}],"replies":[{"embeddable":true,"href":"https:\/\/egervaritrans.hu\/WP\/wp-json\/wp\/v2\/comments?post=9217"}],"version-history":[{"count":5,"href":"https:\/\/egervaritrans.hu\/WP\/wp-json\/wp\/v2\/pages\/9217\/revisions"}],"predecessor-version":[{"id":9283,"href":"https:\/\/egervaritrans.hu\/WP\/wp-json\/wp\/v2\/pages\/9217\/revisions\/9283"}],"wp:attachment":[{"href":"https:\/\/egervaritrans.hu\/WP\/wp-json\/wp\/v2\/media?parent=9217"}],"curies":[{"name":"wp","href":"https:\/\/api.w.org\/{rel}","templated":true}]}}